{"id":13085,"date":"2020-08-31T09:08:41","date_gmt":"2020-08-31T07:08:41","guid":{"rendered":"http:\/\/ksiegarnia-akademicka.pl\/?post_type=product&#038;p=13085"},"modified":"2020-08-31T09:08:42","modified_gmt":"2020-08-31T07:08:42","slug":"podmiotowosc-samorzadu-terytorialnego-ustrojowe-pytania-i-dylematy","status":"publish","type":"product","link":"http:\/\/ksiegarnia-akademicka.pl\/index.php\/product\/podmiotowosc-samorzadu-terytorialnego-ustrojowe-pytania-i-dylematy\/","title":{"rendered":"Podmiotowo\u015b\u0107 samorz\u0105du terytorialnego Ustrojowe pytania i dylematy"},"content":{"rendered":"<p>Autor:<br \/>\nMiros\u0142aw Stec<br \/>\nKatarzyna Ma\u0142ysa-Suli\u0144ska<br \/>\nWydawca: Wolters Kluwer<br \/>\nOprawa: Twarda<br \/>\nLiczba stron: 328<br \/>\nWydanie: 1<br \/>\nRok wydania: 2020<br \/>\nJ\u0119zyk wydania: polski<br \/>\nISBN:\t978-83-8187-989-7<\/p>\n<p>W publikacji om\u00f3wiono zagadnienia prezentowane podczas XIII Seminarium Naukowego Katedry Prawa Samorz\u0105du Terytorialnego Uniwersytetu Jagiello\u0144skiego, kt\u00f3re odby\u0142o si\u0119 dniach 10\u201311 pa\u017adziernika 2019 r. w Krakowie. Jego celem by\u0142o przeprowadzenie dyskusji na temat kszta\u0142tu i zakresu, a tak\u017ce perspektyw podmiotowo\u015bci poszczeg\u00f3lnych jednostek samorz\u0105du terytorialnego.<br \/>\nW niniejszym tomie uj\u0119to teksty traktuj\u0105ce mi\u0119dzy innymi o:<br \/>\n&#8211; wizji zmian konstytucyjnych w zakresie podmiotowo\u015bci samorz\u0105dowej,<br \/>\n&#8211; wykonywaniu w\u0142adzy publicznej w kontek\u015bcie publicznych praw podmiotowych jednostek samorz\u0105du terytorialnego,<br \/>\n&#8211; podmiotowo\u015bci jako sk\u0142adowej poj\u0119cia samorz\u0105du terytorialnego,<br \/>\n&#8211; cywilnoprawnej podmiotowo\u015bci jednostek samorz\u0105du terytorialnego,<br \/>\n&#8211; odpowiedzialno\u015bci cywilnoprawnej jednostek samorz\u0105du terytorialnego za szkod\u0119 wyrz\u0105dzon\u0105 w sprawowaniu w\u0142adzy publicznej oraz<br \/>\n&#8211; koncepcji podmiotowo\u015bci samorz\u0105du terytorialnego w sferze finans\u00f3w publicznych.<\/p>\n","protected":false},"excerpt":{"rendered":"<p>Autor: Miros\u0142aw Stec Katarzyna Ma\u0142ysa-Suli\u0144ska Wydawca: Wolters Kluwer Oprawa: Twarda [&hellip;]<\/p>\n","protected":false},"featured_media":13086,"template":"","meta":[],"product_brand":[],"product_cat":[7492,18,7494],"product_tag":[3466,487,486],"class_list":{"0":"post-13085","1":"product","2":"type-product","3":"status-publish","4":"has-post-thumbnail","6":"product_cat-administracyjne","7":"product_cat-prawo","8":"product_cat-samorzad-terytorialny","9":"product_tag-administracja","10":"product_tag-komentarze","11":"product_tag-samorzad-terytorialny","13":"first","14":"instock","15":"sale","16":"shipping-taxable","17":"purchasable","18":"product-type-simple"},"_links":{"self":[{"href":"http:\/\/ksiegarnia-akademicka.pl\/index.php\/wp-json\/wp\/v2\/product\/13085","targetHints":{"allow":["GET"]}}],"collection":[{"href":"http:\/\/ksiegarnia-akademicka.pl\/index.php\/wp-json\/wp\/v2\/product"}],"about":[{"href":"http:\/\/ksiegarnia-akademicka.pl\/index.php\/wp-json\/wp\/v2\/types\/product"}],"wp:featuredmedia":[{"embeddable":true,"href":"http:\/\/ksiegarnia-akademicka.pl\/index.php\/wp-json\/wp\/v2\/media\/13086"}],"wp:attachment":[{"href":"http:\/\/ksiegarnia-akademicka.pl\/index.php\/wp-json\/wp\/v2\/media?parent=13085"}],"wp:term":[{"taxonomy":"product_brand","embeddable":true,"href":"http:\/\/ksiegarnia-akademicka.pl\/index.php\/wp-json\/wp\/v2\/product_brand?post=13085"},{"taxonomy":"product_cat","embeddable":true,"href":"http:\/\/ksiegarnia-akademicka.pl\/index.php\/wp-json\/wp\/v2\/product_cat?post=13085"},{"taxonomy":"product_tag","embeddable":true,"href":"http:\/\/ksiegarnia-akademicka.pl\/index.php\/wp-json\/wp\/v2\/product_tag?post=13085"}],"curies":[{"name":"wp","href":"https:\/\/api.w.org\/{rel}","templated":true}]}}