{"id":13076,"date":"2020-08-31T08:58:56","date_gmt":"2020-08-31T06:58:56","guid":{"rendered":"http:\/\/ksiegarnia-akademicka.pl\/?post_type=product&#038;p=13076"},"modified":"2020-08-31T08:58:56","modified_gmt":"2020-08-31T06:58:56","slug":"jesc-w-droge-do-domu-komplet-ksiazek-jerzego-bralczyka-w-etui","status":"publish","type":"product","link":"http:\/\/ksiegarnia-akademicka.pl\/index.php\/product\/jesc-w-droge-do-domu-komplet-ksiazek-jerzego-bralczyka-w-etui\/","title":{"rendered":"Je\u015b\u0107!!!, W drog\u0119!!!, Do domu!!! komplet ksi\u0105\u017cek Jerzego Bralczyka w etui"},"content":{"rendered":"<p>Autor:<br \/>\nJerzy Bralczyk<br \/>\nWydawca: Bosz<br \/>\nOprawa: Pude\u0142ko kartonowe<br \/>\nFormat: 17.0&#215;25.0cm<br \/>\nLiczba stron: 592<br \/>\nWydanie: 1<br \/>\nRok wydania: 2020<br \/>\nJ\u0119zyk wydania: polski<br \/>\nISBN:\t978-83-7576-515-1<\/p>\n<p>Komplet trzech przewodnik\u00f3w po s\u0142owach i ich znaczeniach, autorstwa profesora Jerzego Bralczyka.<br \/>\nKomplet zawiera ksi\u0105\u017cki:<br \/>\n\u201eJe\u015b\u0107!!!\u201d \u2013 W pi\u0119knie ilustrowanym leksykonie znany i lubiany j\u0119zykoznawca, prof. Jerzy Bralczyk, om\u00f3wi\u0142 sto osiemdziesi\u0105t jeden \u201esmacznych s\u0142\u00f3w\u201d. S\u0105 to w wi\u0119kszo\u015bci nazwy apetycznie brzmi\u0105cych potraw, pozosta\u0142e s\u0142u\u017c\u0105 jedzeniu lub si\u0119 z nim kojarz\u0105. Nie jest to jednak przewodnik kulinarny sensu stricto, poniewa\u017c autor przede wszystkim delektuje si\u0119 nie samym smakiem jedzenia, lecz s\u0142owami, ich brzmieniem, urod\u0105 i funkcj\u0105.<br \/>\n\u201eW drog\u0119\u201d &#8211; Tym razem przedmiotem rozwa\u017ca\u0144 autora s\u0105 s\u0142owa zwi\u0105zane z podr\u00f3\u017cowaniem, drog\u0105, w\u0119drowaniem. Ka\u017cde z hase\u0142 to osobny, pe\u0142en humoru i imponuj\u0105cej erudycji felieton. Profesor Bralczyk pisze o pochodzeniu wybranych przez siebie s\u0142\u00f3w, ich zmieniaj\u0105cych si\u0119 przez lata znaczeniach, zaskakuj\u0105cych kontekstach w jakich bywaj\u0105 u\u017cywane i skojarzeniach jakie budz\u0105<br \/>\n\u201eDo domu\u201d &#8211; Znany i lubiany j\u0119zykoznawca zaprasza do domu na niezwykle pouczaj\u0105cy i zarazem dowcipny spacer po pomieszczeniach, okraszony wieloma powiedzonkami i cytatami z klasyki polskiej literatury. Czytelnicy zwiedz\u0105 salon, kuchni\u0119 i jadalni\u0119, ale te\u017c alkow\u0119 i buduar, zajrz\u0105 do spi\u017carni i lod\u00f3wki, oceni\u0105, co jest bardziej wygodne: kanapa, tapczan czy wersalka, b\u0119d\u0105 podziwia\u0107 \u017cyrandole i eta\u017cerki, a na koniec wyjd\u0105 na balkon, a mo\u017ce taras lub werand\u0119 \u2013 z pewno\u015bci\u0105 jednak nie b\u0119d\u0105 si\u0119 snuli z k\u0105ta w k\u0105t!<\/p>\n","protected":false},"excerpt":{"rendered":"<p>Autor: Jerzy Bralczyk Wydawca: Bosz Oprawa: Pude\u0142ko kartonowe Format: 17.0&#215;25.0cm [&hellip;]<\/p>\n","protected":false},"featured_media":13077,"template":"","meta":[],"product_brand":[],"product_cat":[7629,7707],"product_tag":[4710,4731],"class_list":{"0":"post-13076","1":"product","2":"type-product","3":"status-publish","4":"has-post-thumbnail","6":"product_cat-filologia-polska","7":"product_cat-literatura","8":"product_tag-jezyk-polski","9":"product_tag-jezykoznawstwo","11":"first","12":"instock","13":"sale","14":"shipping-taxable","15":"purchasable","16":"product-type-simple"},"_links":{"self":[{"href":"http:\/\/ksiegarnia-akademicka.pl\/index.php\/wp-json\/wp\/v2\/product\/13076","targetHints":{"allow":["GET"]}}],"collection":[{"href":"http:\/\/ksiegarnia-akademicka.pl\/index.php\/wp-json\/wp\/v2\/product"}],"about":[{"href":"http:\/\/ksiegarnia-akademicka.pl\/index.php\/wp-json\/wp\/v2\/types\/product"}],"wp:featuredmedia":[{"embeddable":true,"href":"http:\/\/ksiegarnia-akademicka.pl\/index.php\/wp-json\/wp\/v2\/media\/13077"}],"wp:attachment":[{"href":"http:\/\/ksiegarnia-akademicka.pl\/index.php\/wp-json\/wp\/v2\/media?parent=13076"}],"wp:term":[{"taxonomy":"product_brand","embeddable":true,"href":"http:\/\/ksiegarnia-akademicka.pl\/index.php\/wp-json\/wp\/v2\/product_brand?post=13076"},{"taxonomy":"product_cat","embeddable":true,"href":"http:\/\/ksiegarnia-akademicka.pl\/index.php\/wp-json\/wp\/v2\/product_cat?post=13076"},{"taxonomy":"product_tag","embeddable":true,"href":"http:\/\/ksiegarnia-akademicka.pl\/index.php\/wp-json\/wp\/v2\/product_tag?post=13076"}],"curies":[{"name":"wp","href":"https:\/\/api.w.org\/{rel}","templated":true}]}}