{"id":13063,"date":"2020-08-28T11:07:04","date_gmt":"2020-08-28T09:07:04","guid":{"rendered":"http:\/\/ksiegarnia-akademicka.pl\/?post_type=product&#038;p=13063"},"modified":"2024-12-05T08:20:27","modified_gmt":"2024-12-05T07:20:27","slug":"pisma-procesowe-z-zakresu-prawa-pracy-z-objasnieniami-i-plyta-cd","status":"publish","type":"product","link":"http:\/\/ksiegarnia-akademicka.pl\/index.php\/product\/pisma-procesowe-z-zakresu-prawa-pracy-z-objasnieniami-i-plyta-cd\/","title":{"rendered":"Pisma procesowe z zakresu prawa pracy z obja\u015bnieniami i p\u0142yt\u0105 CD"},"content":{"rendered":"<p>Redakcja: r.pr. Grzegorz Trejgel, dr r.pr. Marcin Wojew\u00f3dka<br \/>\nAutor: r.pr. Alicja Pawelec, r.pr. Anna Wijkowska, r.pr. Izabela Zawacka<br \/>\nWydawnictwo: C.H. Beck<br \/>\nSeria: Wzory Pism Becka<br \/>\nRok wydania: 2020<br \/>\nWydanie: 2<br \/>\nOprawa: Mi\u0119kka<br \/>\nLiczba stron: 890<br \/>\nWaga: 1100 g<br \/>\nISBN: 978-83-8198-529-1<\/p>\n<p>Szczeg\u00f3\u0142owe zestawienie wzor\u00f3w pism procesowych najcz\u0119\u015bciej wyst\u0119puj\u0105cych w praktyce, tworzonych na podstawie przepis\u00f3w Kodeksu pracy.<br \/>\nCelem publikacji jest wsparcie zar\u00f3wno profesjonalnych pe\u0142nomocnik\u00f3w, przedstawicieli pracownik\u00f3w, jak r\u00f3wnie\u017c os\u00f3b pragn\u0105cych samodzielnie dochodzi\u0107 swoich praw przy wyst\u0105pieniach w sprawach dotycz\u0105cych zbiorowych i indywidualnych stosunk\u00f3w pracy.<\/p>\n<p>Ka\u017cdy wz\u00f3r opatrzony zosta\u0142 obszernym komentarzem z licznymi powo\u0142aniami na poszczeg\u00f3lne przepisy Kodeksu pracy, dzi\u0119ki kt\u00f3rym Czytelnik mo\u017ce na bie\u017c\u0105co odnie\u015b\u0107 wz\u00f3r pisma do obowi\u0105zuj\u0105cej w tej materii regulacji prawnej. Dodatkowo zamieszczono powo\u0142ania na przepisy procedury cywilnej celem zapoznania si\u0119 Czytelnika z oczekuj\u0105cym go trybem post\u0119powania, co umo\u017cliwia mu w\u0142asn\u0105 aktywno\u015b\u0107 procesow\u0105 bez konieczno\u015bci korzystania z profesjonalnych porad prawnych i odp\u0142atnego zast\u0119pstwa procesowego. Ponadto w publikacji do ka\u017cdego wzoru przedstawione zosta\u0142y najwa\u017cniejsze orzeczenia wraz z tezami dotycz\u0105cymi problematyki stosowania poszczeg\u00f3lnego pisma.<\/p>\n<p>Kolejne, 2. wydanie uwzgl\u0119dnia wszystkie zmiany legislacyjne, zar\u00f3wno przepis\u00f3w prawa materialnego, jak i procedury, kt\u00f3re zosta\u0142y wprowadzone m.in.:<\/p>\n<p>ustaw\u0105 z 16.5.2019 r. o zmianie ustawy \u2013 Kodeks pracy oraz niekt\u00f3rych innych ustaw (Dz.U. z 2019 r. poz. 1043), dotycz\u0105c\u0105 m.in.: dyskryminacji i r\u00f3wnego traktowania \u2013 otwarcie katalogu przyczyn uzasadniaj\u0105cych dyskryminacj\u0119, z zwi\u0105zku z czym ka\u017cde nieuzasadnione obiektywnymi przyczynami nier\u00f3wne traktowanie pracownik\u00f3w uznawane b\u0119dzie za dyskryminacj\u0119; prawa do urlopu dla osoby najbli\u017cszej \u2013 rozszerzenie uprawnie\u0144 do urlopu dla najbli\u017cszego cz\u0142onka rodziny o osoby inne ni\u017c matka i ojciec (np. babcia, brat); wydawania \u015bwiadectwa pracy \u2013 zmiana terminu na wydanie \u015bwiadectwa, d\u0142u\u017cszy termin na sprostowanie \u015bwiadectwa pracy; mobbingu \u2013 modyfikacja przepis\u00f3w dotycz\u0105cych dochodzenia roszcze\u0144 przez ofiar\u0119 mobbingu poprzez usuni\u0119cie wymogu rezygnacji z pracy \u2013 dotychczas niezb\u0119dnego do skutecznego dochodzenia roszczenia; przedawnienia roszcze\u0144 ze stosunku pracy \u2013 doprecyzowanie przepisu dotycz\u0105cego podnoszenia zarzutu przedawnienia, potwierdzaj\u0105ce, \u017ce w sporach pracowniczych s\u0105d mo\u017ce uwzgl\u0119dni\u0107 ten zarzut wy\u0142\u0105cznie na wniosek strony.<br \/>\nustaw\u0105 z 6.12.2018 r. o zmianie niekt\u00f3rych ustaw w celu poprawy skuteczno\u015bci egzekucji \u015bwiadcze\u0144 alimentacyjnych (Dz.U. z 2018 r. poz. 2432), dotycz\u0105c\u0105 stworzenia rozwi\u0105za\u0144 s\u0142u\u017c\u0105cych bardziej skutecznej aktywizacji zawodowej d\u0142u\u017cnik\u00f3w alimentacyjnych w celu poprawy skuteczno\u015bci egzekucji \u015bwiadcze\u0144 alimentacyjnych co stanowi realizacj\u0119 tzw. &#8222;pakietu alimentacyjnego&#8221; zawartego w przyj\u0119tym przez Rad\u0119 Ministr\u00f3w dokumencie &#8222;Przegl\u0105d system\u00f3w wsparcia rodzin&#8221;.<br \/>\nustaw\u0105 z 24.7.2015 r. o zmianie ustawy \u2013 Kodeks pracy oraz niekt\u00f3rych innych ustaw (Dz.U. z 2015 r. poz. 1268 ze zm.), kt\u00f3ra dotyczy wprowadzenia rozwi\u0105za\u0144 u\u0142atwiaj\u0105cych godzenie \u017cycia rodzinnego z \u017cyciem zawodowym, w szczeg\u00f3lno\u015bci uproszczenie i uelastycznienie systemu urlop\u00f3w zwi\u0105zanych z opiek\u0105 nad dzie\u0107mi, u\u0142atwienie korzystania z elastycznych form czasu pracy ze wzgl\u0119du na obowi\u0105zki rodzinne oraz ukszta\u0142towanie innych uprawnie\u0144 zwi\u0105zanych z rodzicielstwem w spos\u00f3b bardziej dostosowany do potrzeb pracownik\u00f3w-rodzic\u00f3w i r\u00f3wnocze\u015bnie uwzgl\u0119dniaj\u0105cy interesy pracodawc\u00f3w (wej\u015bcie w \u017cycie 1.3.2016 r.);<br \/>\nustaw\u0105 z 4.7.2019 o zmianie ustawy \u2013 Kodeks post\u0119powania cywilnego oraz niekt\u00f3rych innych ustaw (Dz.U. z 2019 r. poz. 1469 ze zm.), dotycz\u0105c\u0105 kompleksowej reformy przewiduj\u0105cej usprawnienie, uproszczenie i przyspieszenie post\u0119powa\u0144 przed s\u0105dami w sprawach cywilnych, a tak\u017ce wprowadzenie wielu rozwi\u0105za\u0144 s\u0142u\u017c\u0105cych rozstrzyganiu znacznej cz\u0119\u015bci spraw ju\u017c na pierwszej rozprawie i skr\u00f3cenie drogi obywateli do s\u0105d\u00f3w;<br \/>\nustaw\u0105 z 20.7.2017 r. o zmianie ustawy o ochronie roszcze\u0144 pracowniczych w razie niewyp\u0142acalno\u015bci pracodawcy oraz ustawy o kosztach s\u0105dowych w sprawach cywilnych (Dz.U. z 2017 r. poz. 1557);<br \/>\nPublikacja podzielona zosta\u0142a na nast\u0119puj\u0105ce rozdzia\u0142y:<\/p>\n<p>wzory pism w post\u0119powaniu pojednawczym przed s\u0105dem pracy i zak\u0142adow\u0105 komisj\u0105 pojednawcz\u0105 (m.in. wniosek pracownika o rozpoznanie jego roszcze\u0144 zg\u0142oszony do zak\u0142adowej komisji pojednawczej),<br \/>\npisma wnoszone przed wszcz\u0119ciem procesu (m.in. wezwanie przeds\u0105dowe do zap\u0142aty nale\u017cno\u015bci),<br \/>\npozwy wnoszone przez pracownika [m.in.: pozew (odwo\u0142anie) pracownika od wypowiedzenia umowy o prac\u0119, pozew (odwo\u0142anie) od wypowiedzenia zmieniaj\u0105cego warunki p\u0142acy i pracy, pozew pracownika o zap\u0142at\u0119 odszkodowania z powodu naruszenia zasady r\u00f3wnego traktowania (dyskryminacji) pracownika w zatrudnieniu, pozew pracownika o zap\u0142at\u0119 zado\u015b\u0107uczynienia lub odszkodowania z powodu mobbingu w pracy],<br \/>\npozwy wnoszone przez pracodawc\u0119 (m.in. pozew pracodawcy o zap\u0142at\u0119 odszkodowania z powodu naruszenia zakazu konkurencji przez pracownika po ustaniu stosunku pracy, pozew pracodawcy o zap\u0142at\u0119 odszkodowania za szkody wyrz\u0105dzone przez pracownika w mieniu pracodawcy),<br \/>\npisma procesowe wnoszone w toku procesu [m.in. odpowied\u017a pozwanego na pozew, wniosek pozwanego (pracownika \u2013 pracodawcy) o przyznanie koszt\u00f3w procesu w zwi\u0105zku z cofni\u0119ciem pozwu],<br \/>\nwzory z zakresu post\u0119powania egzekucyjnego [m.in. wezwanie przedegzekucyjne, wniosek o nadanie klauzuli wykonalno\u015bci orzeczeniu (wyrokowi) s\u0105dowemu].<br \/>\nNajnowsze wydanie zosta\u0142o tak\u017ce uzupe\u0142nione o nowe wzory, w tym m.in.:<\/p>\n<p>pozew \u2013 w post\u0119powaniu uproszczonym na formularzu urz\u0119dowym (art. 125, art. 1301 i 5051 w zw. z art. 13 KPC);<br \/>\npozew \u2013 odwo\u0142anie pracownika od wypowiedzenia umowy o prac\u0119 przez pracodawc\u0119 o przywr\u00f3cenie do pracy lub odszkodowanie (art. 45 KP);<br \/>\npozew pracownika o zobowi\u0105zanie pracodawcy o wydanie \u015bwiadectwa pracy (art. 971 \u00a7 1 KP);<br \/>\nwz\u00f3r formularza urz\u0119dowego PW o pozew wzajemny w post\u0119powaniu uproszczonym (art. 204, art. 5051 w zw. z art. 13 KPC \u00a7 2 KPC).<br \/>\nAutorami publikacji s\u0105: Alicja Pawelec, Grzegorz Trejgel, Anna Wijkowska, dr Marcin Wojew\u00f3dka, Izabela Zawacka \u2013 radcowie prawni z Kancelarii Prawa Pracy &#8222;Wojew\u00f3dka i Wsp\u00f3lnicy&#8221; Sp. k., specjalizuj\u0105cy si\u0119 w dziedzinie prawa pracy, posiadaj\u0105cy bogate do\u015bwiadczenie zawodowe zdobyte w mi\u0119dzynarodowych kancelariach prawniczych, w firmach konsultingowych oraz przedsi\u0119biorstwach mi\u0119dzynarodowych. Autorzy licznych publikacji z zakresu prawa pracy. Autorzy wspieraj\u0105c si\u0119 swoj\u0105 wieloletni\u0105 praktyk\u0105 zawodow\u0105 przedstawiaj\u0105 w spos\u00f3b zrozumia\u0142y wszystkie zagadnienia budz\u0105ce jakiekolwiek w\u0105tpliwo\u015bci.<\/p>\n<p>Publikacja zosta\u0142a opracowana z my\u015bl\u0105 o osobach chc\u0105cych samodzielnie sporz\u0105dzi\u0107 okre\u015blone pismo, jednak ze wzgl\u0119du na ich szeroki zakres i uniwersalny charakter, a tak\u017ce zachowanie nazewnictwa i struktury s\u0105d\u00f3w oraz innych organ\u00f3w mog\u0105 by\u0107 one bardzo pomocne osobom \u015bwiadcz\u0105cym profesjonaln\u0105 pomoc prawn\u0105 tj. radcom prawnym i adwokatom. Autorzy omawiaj\u0105 zagadnienia z uwzgl\u0119dnieniem potrzeb teorii i praktyki, przez co ksi\u0105\u017cka stanowi nieocenion\u0105 pomoc dla aplikant\u00f3w i student\u00f3w prawa. Ksi\u0105\u017cka oka\u017ce si\u0119 r\u00f3wnie\u017c bardzo pomocna dla os\u00f3b prywatnych, kt\u00f3re na co dzie\u0144 spotykaj\u0105 si\u0119 z problemami z zakresu prawa pracy.<\/p>\n","protected":false},"excerpt":{"rendered":"<p>Redakcja: r.pr. Grzegorz Trejgel, dr r.pr. Marcin Wojew\u00f3dka Autor: r.pr. [&hellip;]<\/p>\n","protected":false},"featured_media":13064,"template":"","meta":[],"product_brand":[],"product_cat":[18,7550],"product_tag":[793,7686],"class_list":{"0":"post-13063","1":"product","2":"type-product","3":"status-publish","4":"has-post-thumbnail","6":"product_cat-prawo","7":"product_cat-prawo-pracy","8":"product_tag-prawo-pracy","9":"product_tag-seria-wzory-pism-becka","11":"first","12":"instock","13":"sale","14":"shipping-taxable","15":"purchasable","16":"product-type-simple"},"_links":{"self":[{"href":"http:\/\/ksiegarnia-akademicka.pl\/index.php\/wp-json\/wp\/v2\/product\/13063","targetHints":{"allow":["GET"]}}],"collection":[{"href":"http:\/\/ksiegarnia-akademicka.pl\/index.php\/wp-json\/wp\/v2\/product"}],"about":[{"href":"http:\/\/ksiegarnia-akademicka.pl\/index.php\/wp-json\/wp\/v2\/types\/product"}],"wp:featuredmedia":[{"embeddable":true,"href":"http:\/\/ksiegarnia-akademicka.pl\/index.php\/wp-json\/wp\/v2\/media\/13064"}],"wp:attachment":[{"href":"http:\/\/ksiegarnia-akademicka.pl\/index.php\/wp-json\/wp\/v2\/media?parent=13063"}],"wp:term":[{"taxonomy":"product_brand","embeddable":true,"href":"http:\/\/ksiegarnia-akademicka.pl\/index.php\/wp-json\/wp\/v2\/product_brand?post=13063"},{"taxonomy":"product_cat","embeddable":true,"href":"http:\/\/ksiegarnia-akademicka.pl\/index.php\/wp-json\/wp\/v2\/product_cat?post=13063"},{"taxonomy":"product_tag","embeddable":true,"href":"http:\/\/ksiegarnia-akademicka.pl\/index.php\/wp-json\/wp\/v2\/product_tag?post=13063"}],"curies":[{"name":"wp","href":"https:\/\/api.w.org\/{rel}","templated":true}]}}