{"id":13059,"date":"2020-08-28T10:57:39","date_gmt":"2020-08-28T08:57:39","guid":{"rendered":"http:\/\/ksiegarnia-akademicka.pl\/?post_type=product&#038;p=13059"},"modified":"2024-12-05T08:20:35","modified_gmt":"2024-12-05T07:20:35","slug":"postepowanie-apelacyjne-w-sprawach-cywilnych-komentarz-praktyczny","status":"publish","type":"product","link":"http:\/\/ksiegarnia-akademicka.pl\/index.php\/product\/postepowanie-apelacyjne-w-sprawach-cywilnych-komentarz-praktyczny\/","title":{"rendered":"Post\u0119powanie apelacyjne w sprawach cywilnych. Komentarz praktyczny"},"content":{"rendered":"<p>Autor: SSA dr Micha\u0142 K\u0142os<br \/>\nWydawnictwo: C.H. Beck<br \/>\nSeria: Komentarze i Linia orzecznicza<br \/>\nRok wydania: 2020<br \/>\nOprawa: Mi\u0119kka<br \/>\nLiczba stron: 292<br \/>\nWaga: 380 g<br \/>\nISBN: 978-83-8198-415-7<\/p>\n<p>Apelacja stanowi podstawowy zwyczajny \u015brodek odwo\u0142awczy, przys\u0142uguj\u0105cy od nieprawomocnych orzecze\u0144 zapadaj\u0105cych przed s\u0105dem I instancji (wyrok\u00f3w w post\u0119powaniu procesowym i postanowie\u0144 co do istoty sprawy w post\u0119powaniu nieprocesowym).<\/p>\n<p>Celem komentarza jest przede wszystkim wyja\u015bnienie znaczenia post\u0119powania apelacyjnego oraz apelacji jako \u015brodka odwo\u0142awczego, a tak\u017ce nauczenie stosowania tego \u015brodka w praktyce prawniczej.<\/p>\n<p>Praktyczny komentarz pomo\u017ce w:<\/p>\n<p>samodzielnym sporz\u0105dzeniu apelacji,<br \/>\nwskazaniu w apelacji w\u0142a\u015bciwego zakresu zaskar\u017cenia,<br \/>\nskonstruowaniu odpowiednich i skutecznych zarzut\u00f3w,<br \/>\nskierowaniu apelacji do w\u0142a\u015bciwego s\u0105du,<br \/>\nprzewidzeniu skutk\u00f3w wniesienia apelacji i orzeczenia zapad\u0142ego po jej wniesieniu,<br \/>\nzapoznaniu si\u0119 z regu\u0142ami post\u0119powania apelacyjnego.<br \/>\nPublikacja uszczeg\u00f3\u0142awia zmiany w zakresie post\u0119powania apelacyjnego, dotycz\u0105ce m.in.:<\/p>\n<p>poj\u0119cia apelacji jako \u015brodka odwo\u0142awczego (orzeczenia podlegaj\u0105ce zaskar\u017ceniu apelacj\u0105, gravamen, legitymacja do wniesienia apelacji);<br \/>\nwymog\u00f3w formalnych i terminu wniesienia apelacji (wymogi formalne apelacji jako pisma procesowego, oznaczenie zaskar\u017conego wyroku i zakresu zaskar\u017cenia, zwi\u0119z\u0142e przedstawienie zarzut\u00f3w, wnioski apelacyjne, oznaczenie warto\u015bci przedmiotu zaskar\u017cenia, termin wniesienia apelacji);<br \/>\nnadania biegu apelacji (wp\u0142yw apelacji, post\u0119powanie naprawcze, poj\u0119cie brak\u00f3w formalnych i fiskalnych apelacji, dor\u0119czenie odpisu apelacji);<br \/>\nprzebiegu post\u0119powania apelacyjnego (rozpoznanie apelacji na posiedzeniu niejawnym, rozpoznanie apelacji na rozprawie, przebieg rozprawy przed s\u0105dem apelacyjnym, rozpoznanie apelacji na podstawie art. 3911 KPC);<br \/>\nzakresu kognicji s\u0105du odwo\u0142awczego (granice apelacji i zaskar\u017cenia, definicja granic zaskar\u017cenia, granice apelacji i granice zaskar\u017cenia w post\u0119powaniu nieprocesowym, podmiotowe rozszerzenie granic apelacji, niewa\u017cno\u015b\u0107 post\u0119powania, rozpoznawanie postanowie\u0144 s\u0105du I instancji, dopuszczalno\u015b\u0107 powo\u0142ania nowych fakt\u00f3w i dowod\u00f3w, podstawa orzeczenia s\u0105du II instancji, zakaz rozszerzenia pozwu, zakaz orzeczenia na niekorzy\u015b\u0107);<br \/>\norzeczenia s\u0105du drugiej instancji (oddalenie apelacji, zmiana zaskar\u017conego wyroku, stwierdzenie niewa\u017cno\u015bci post\u0119powania, orzeczenia w razie stwierdzenia negatywnych przes\u0142anek procesowych, uchylenie wyroku na podstawie art. 386 \u00a7 4 KPC, pytanie prawne, zaskar\u017calno\u015b\u0107 orzecze\u0144 s\u0105du II instancji, uzasadnienie orzecze\u0144 s\u0105du II instancji, prawomocno\u015b\u0107 i wykonalno\u015b\u0107 orzecze\u0144 w post\u0119powaniu apelacyjnym, obowi\u0105zek informowania o zmianie miejsca pobytu, zwrot akt do s\u0105du I instancji, cofni\u0119cie apelacji, odpowiednie stosowanie przepis\u00f3w o post\u0119powaniu przed s\u0105dem pierwszej instancji).<br \/>\nAutor w przyst\u0119pny spos\u00f3b dokonuje om\u00f3wienia najistotniejszych przepis\u00f3w z zakresu post\u0119powania apelacyjnego, wskazuj\u0105c obowi\u0105zuj\u0105ce orzecznictwo (linie orzecznicze).<\/p>\n<p>W publikacji znajduj\u0105 si\u0119 tak\u017ce przyk\u0142adowe wzory apelacji, a tak\u017ce orzecze\u0144 zapadaj\u0105cych w tym post\u0119powaniu.<\/p>\n<p>Publikacja jest w szczeg\u00f3lno\u015bci polecana dla: s\u0119dzi\u00f3w i prokurator\u00f3w, pe\u0142nomocnik\u00f3w procesowych \u2013 adwokat\u00f3w i radc\u00f3w prawnych oraz dla aplikant\u00f3w wszystkich zawod\u00f3w prawniczych.<\/p>\n","protected":false},"excerpt":{"rendered":"<p>Autor: SSA dr Micha\u0142 K\u0142os Wydawnictwo: C.H. Beck Seria: Komentarze [&hellip;]<\/p>\n","protected":false},"featured_media":13060,"template":"","meta":[],"product_brand":[],"product_cat":[7491,18],"product_tag":[3798,615,7689],"class_list":{"0":"post-13059","1":"product","2":"type-product","3":"status-publish","4":"has-post-thumbnail","6":"product_cat-cywilne","7":"product_cat-prawo","8":"product_tag-apelacja","9":"product_tag-prawo-cywilne","10":"product_tag-seria-komentarze-i-linia-orzecznicza","12":"first","13":"instock","14":"sale","15":"shipping-taxable","16":"purchasable","17":"product-type-simple"},"_links":{"self":[{"href":"http:\/\/ksiegarnia-akademicka.pl\/index.php\/wp-json\/wp\/v2\/product\/13059","targetHints":{"allow":["GET"]}}],"collection":[{"href":"http:\/\/ksiegarnia-akademicka.pl\/index.php\/wp-json\/wp\/v2\/product"}],"about":[{"href":"http:\/\/ksiegarnia-akademicka.pl\/index.php\/wp-json\/wp\/v2\/types\/product"}],"wp:featuredmedia":[{"embeddable":true,"href":"http:\/\/ksiegarnia-akademicka.pl\/index.php\/wp-json\/wp\/v2\/media\/13060"}],"wp:attachment":[{"href":"http:\/\/ksiegarnia-akademicka.pl\/index.php\/wp-json\/wp\/v2\/media?parent=13059"}],"wp:term":[{"taxonomy":"product_brand","embeddable":true,"href":"http:\/\/ksiegarnia-akademicka.pl\/index.php\/wp-json\/wp\/v2\/product_brand?post=13059"},{"taxonomy":"product_cat","embeddable":true,"href":"http:\/\/ksiegarnia-akademicka.pl\/index.php\/wp-json\/wp\/v2\/product_cat?post=13059"},{"taxonomy":"product_tag","embeddable":true,"href":"http:\/\/ksiegarnia-akademicka.pl\/index.php\/wp-json\/wp\/v2\/product_tag?post=13059"}],"curies":[{"name":"wp","href":"https:\/\/api.w.org\/{rel}","templated":true}]}}