{"id":13033,"date":"2020-08-28T09:21:19","date_gmt":"2020-08-28T07:21:19","guid":{"rendered":"http:\/\/ksiegarnia-akademicka.pl\/?post_type=product&#038;p=13033"},"modified":"2024-12-05T08:21:12","modified_gmt":"2024-12-05T07:21:12","slug":"wykorzystanie-instrumentow-marketingu-relacji-w-jednostkach-samorzadu-terytorialnego","status":"publish","type":"product","link":"http:\/\/ksiegarnia-akademicka.pl\/index.php\/product\/wykorzystanie-instrumentow-marketingu-relacji-w-jednostkach-samorzadu-terytorialnego\/","title":{"rendered":"Wykorzystanie instrument\u00f3w marketingu relacji w jednostkach samorz\u0105du terytorialnego"},"content":{"rendered":"<p>Autor:<br \/>\nAgata Niemczyk<br \/>\nWydawca: C.H. Beck<br \/>\nOprawa: Mi\u0119kka<br \/>\nFormat: 16.5&#215;23.8cm<br \/>\nLiczba stron: 138<br \/>\nWydanie: 1<br \/>\nRok wydania: 2020<br \/>\nJ\u0119zyk wydania: polski<br \/>\nISBN:\t978-83-8198-664-9<\/p>\n<p>Autorki monografii prezentuj\u0105 koncepcj\u0119 wykorzystania instrument\u00f3w marketingu relacji (Identyfikacja, Indywidualizacja, Interakcja, Integracja, Uczciwo\u015b\u0107 relacji) w kszta\u0142towaniu wi\u0119zi w jednostkach terytorialnych.<\/p>\n<p>Publikacja:<\/p>\n<p>wype\u0142nia luk\u0119 badawcz\u0105 w zakresie skuteczno\u015bci wykorzystania instrument\u00f3w marketingu relacji w jednostkach terytorialnych;<br \/>\nb\u0119dzie mog\u0142a pos\u0142u\u017cy\u0107 jako \u017ar\u00f3d\u0142o informacji dla lokalnych lider\u00f3w chc\u0105cych wykorzysta\u0107 zalety p\u0142yn\u0105ce z budowania d\u0142ugotrwa\u0142ych wi\u0119zi relacyjnych;<br \/>\nzawiera nowatorsk\u0105 koncepcj\u0119 kreowania sukcesu jednostki terytorialnej, mierzonego liczb\u0105 zadowolonych zar\u00f3wno mieszka\u0144c\u00f3w, przedsi\u0119biorc\u00f3w, jak i turyst\u00f3w, kt\u00f3ra to koncepcja jest zweryfikowana empirycznie, daj\u0105c podstaw\u0119 rekomendacji dla w\u0142adz samorz\u0105dowych;<br \/>\nMonografia jest adresowana zar\u00f3wno do naukowc\u00f3w podejmuj\u0105cych problematyk\u0119 marketingu relacji w jednostkach terytorialnych, jak i do praktyk\u00f3w w ich dzia\u0142alno\u015bci samorz\u0105dowej, szczeg\u00f3lnie mened\u017cer\u00f3w samorz\u0105du terytorialnego, a ponadto do wyk\u0142adowc\u00f3w i student\u00f3w w procesie edukacji na kierunkach zarz\u0105dzania oraz gospodarki i administracji publicznej.<\/p>\n<p>Zdaniem recenzenta przygotowana monografia nosi znamiona nowo\u015bci, wype\u0142nia luk\u0119 badawcz\u0105 w przedmiotowym aspekcie. Autorki proponuj\u0105 bowiem nie tylko inne ni\u017c dotychczas dominuj\u0105ce spojrzenie na kwesti\u0119 relacji z interesariuszami w jednostkach terytorialnych, ale tak\u017ce przedstawiaj\u0105 skuteczny spos\u00f3b radzenia sobie z tym wyzwaniem. Oryginalny wk\u0142ad Autorek odnosi si\u0119 g\u0142\u00f3wnie do adaptacji instrument\u00f3w marketingu relacji 5&#8243;I&#8221; do specyfiki jednostki terytorialnej oraz opracowania narz\u0119dzi i procedury badawczej umo\u017cliwiaj\u0105cej okre\u015blenie oddzia\u0142ywania poszczeg\u00f3lnych instrument\u00f3w na wyodr\u0119bnione grupy interesariuszy. (&#8230;) Odpowiednio stosowane modele zaproponowane przez Autorki mog\u0105 stanowi\u0107 wa\u017cn\u0105 pomoc w ocenie rzeczywistych relacji pomi\u0119dzy w\u0142adzami samorz\u0105dowymi a interesariuszami. Atutem pracy jest wykonanie oblicze\u0144 w programie R.<\/p>\n<p>dr hab. Wies\u0142awa Ku\u017aniar, prof. UR<br \/>\nUniwersytet Rzeszowski<br \/>\nInstytut Ekonomii i Finans\u00f3w<\/p>\n","protected":false},"excerpt":{"rendered":"<p>Autor: Agata Niemczyk Wydawca: C.H. Beck Oprawa: Mi\u0119kka Format: 16.5&#215;23.8cm [&hellip;]<\/p>\n","protected":false},"featured_media":13034,"template":"","meta":[],"product_brand":[],"product_cat":[7492,18,7494],"product_tag":[3466,456,486],"class_list":{"0":"post-13033","1":"product","2":"type-product","3":"status-publish","4":"has-post-thumbnail","6":"product_cat-administracyjne","7":"product_cat-prawo","8":"product_cat-samorzad-terytorialny","9":"product_tag-administracja","10":"product_tag-marketing","11":"product_tag-samorzad-terytorialny","13":"first","14":"instock","15":"sale","16":"shipping-taxable","17":"purchasable","18":"product-type-simple"},"_links":{"self":[{"href":"http:\/\/ksiegarnia-akademicka.pl\/index.php\/wp-json\/wp\/v2\/product\/13033","targetHints":{"allow":["GET"]}}],"collection":[{"href":"http:\/\/ksiegarnia-akademicka.pl\/index.php\/wp-json\/wp\/v2\/product"}],"about":[{"href":"http:\/\/ksiegarnia-akademicka.pl\/index.php\/wp-json\/wp\/v2\/types\/product"}],"wp:featuredmedia":[{"embeddable":true,"href":"http:\/\/ksiegarnia-akademicka.pl\/index.php\/wp-json\/wp\/v2\/media\/13034"}],"wp:attachment":[{"href":"http:\/\/ksiegarnia-akademicka.pl\/index.php\/wp-json\/wp\/v2\/media?parent=13033"}],"wp:term":[{"taxonomy":"product_brand","embeddable":true,"href":"http:\/\/ksiegarnia-akademicka.pl\/index.php\/wp-json\/wp\/v2\/product_brand?post=13033"},{"taxonomy":"product_cat","embeddable":true,"href":"http:\/\/ksiegarnia-akademicka.pl\/index.php\/wp-json\/wp\/v2\/product_cat?post=13033"},{"taxonomy":"product_tag","embeddable":true,"href":"http:\/\/ksiegarnia-akademicka.pl\/index.php\/wp-json\/wp\/v2\/product_tag?post=13033"}],"curies":[{"name":"wp","href":"https:\/\/api.w.org\/{rel}","templated":true}]}}