{"id":13024,"date":"2020-08-26T13:00:28","date_gmt":"2020-08-26T11:00:28","guid":{"rendered":"http:\/\/ksiegarnia-akademicka.pl\/?post_type=product&#038;p=13024"},"modified":"2020-08-26T13:14:15","modified_gmt":"2020-08-26T11:14:15","slug":"windows-server-2019-dla-profesjonalistow","status":"publish","type":"product","link":"http:\/\/ksiegarnia-akademicka.pl\/index.php\/product\/windows-server-2019-dla-profesjonalistow\/","title":{"rendered":"Windows Server 2019 dla profesjonalist\u00f3w"},"content":{"rendered":"<p>Autor:<br \/>\nJordan Krause<br \/>\nWydawca: Helion<br \/>\nOprawa: Mi\u0119kka<br \/>\nFormat: 17.0&#215;24.0cm<br \/>\nLiczba stron: 440<br \/>\nRok wydania: 2020<br \/>\nJ\u0119zyk wydania: polski<br \/>\nISBN:\t978-83-283-6485-1<\/p>\n<p>Serwery Windows kr\u00f3luj\u0105 w przestrzeni centr\u00f3w danych. Nawet po przeniesieniu zasob\u00f3w do chmury Azure dane s\u0105 nadal zarz\u0105dzane przez Windows Server: w\u0142a\u015bnie ten system operacyjny stanowi podstaw\u0119 platformy Azure! Windows Server 2019 mo\u017ce obs\u0142u\u017cy\u0107 nawet najpowa\u017cniejsze zadania w \u015brodowisku chmury. Microsoft konsekwentnie zmniejsza rozmiar platformy obliczeniowej w serwerach i tworzy nowe sposoby komunikacji z nimi. Tak\u017ce technologia kontener\u00f3w bardzo si\u0119 rozwin\u0119\u0142a: Server 2019 przenosi aplikacje do kontener\u00f3w, dzi\u0119ki czemu uruchamia si\u0119 je w odizolowaniu od siebie i na masow\u0105 skal\u0119. Co wi\u0119cej, nowe narz\u0119dzia dla administrator\u00f3w sprawiaj\u0105, \u017ce z systemem Windows Server 2019 pracuje si\u0119 efektywnie i przyjemnie.<\/p>\n<p>W tej ksi\u0105\u017cce znalaz\u0142y si\u0119 wszystkie informacje potrzebne do wdro\u017cenia i wykorzystywania Windows Server 2019 LTSC. Om\u00f3wiono zagadnienia zwi\u0105zane z jego instalacj\u0105 oraz z administrowaniem tym systemem. Sporo miejsca po\u015bwi\u0119cono scentralizowanemu zarz\u0105dzaniu, monitorowaniu i konfiguracji serwer\u00f3w. Opisano Mened\u017cer serwera, j\u0119zyk skryptowy PowerShell, a tak\u017ce now\u0105 aplikacj\u0119 Windows Admin Center. Szczeg\u00f3\u0142owo zaprezentowano r\u00f3wnie\u017c kontenery i Nano Server, kt\u00f3re s\u0105 zwi\u0105zane z kana\u0142em p\u00f3\u0142rocznym (SAC) platformy serwerowej. Ponadto przedstawiono r\u00f3\u017cne technologie zdalnego dost\u0119pu, kt\u00f3re mo\u017cna wykorzysta\u0107 w tym systemie operacyjnym, a tak\u017ce wytyczne dotycz\u0105ce wirtualizacji centrum danych za pomoc\u0105 funkcji Hyper-V.<\/p>\n<p>W ksi\u0105\u017cce mi\u0119dzy innymi:<\/p>\n<p>instalowanie systemu Windows Server 2019 i podstawy zarz\u0105dzania nim<br \/>\nobs\u0142uga sieci i infrastruktura, MMC i MSC<br \/>\nbezpiecze\u0144stwo systemu Windows Server<br \/>\nwydajna redundancja danych i oblicze\u0144 i Spaces Storage Direct<br \/>\nnarz\u0119dzia: Windows Server Containers, Hyper-V, Docker i Kubernetes<br \/>\nWindows Server 2019: tak stworzysz najnowocze\u015bniejsze centrum obliczeniowe!<br \/>\nO autorze<br \/>\nJordan Krause wielokrotnie otrzymywa\u0142 tytu\u0142 MVP. Zawodowo zajmuje si\u0119 sieciami Microsoft i technologiami zdalnego dost\u0119pu. Specjalizuje si\u0119 w technologiach Microsoft DirectAccess i Always On VPN i ci\u0105gle poszerza swoj\u0105 wiedz\u0119. Posiada liczne certyfikaty Microsoftu: MCP, MCTS, MCSA i MCITP Enterprise Administrator. Regularnie publikuje artyku\u0142y na temat tych technologii. Mieszka w zachodniej cz\u0119\u015bci stanu Michigan w USA.<\/p>\n","protected":false},"excerpt":{"rendered":"<p>Autor: Jordan Krause Wydawca: Helion Oprawa: Mi\u0119kka Format: 17.0&#215;24.0cm Liczba [&hellip;]<\/p>\n","protected":false},"featured_media":13025,"template":"","meta":[],"product_brand":[],"product_cat":[36],"product_tag":[103,8041],"class_list":{"0":"post-13024","1":"product","2":"type-product","3":"status-publish","4":"has-post-thumbnail","6":"product_cat-informatyka","7":"product_tag-informatyka","8":"product_tag-windows-server","10":"first","11":"instock","12":"sale","13":"shipping-taxable","14":"purchasable","15":"product-type-simple"},"_links":{"self":[{"href":"http:\/\/ksiegarnia-akademicka.pl\/index.php\/wp-json\/wp\/v2\/product\/13024","targetHints":{"allow":["GET"]}}],"collection":[{"href":"http:\/\/ksiegarnia-akademicka.pl\/index.php\/wp-json\/wp\/v2\/product"}],"about":[{"href":"http:\/\/ksiegarnia-akademicka.pl\/index.php\/wp-json\/wp\/v2\/types\/product"}],"wp:featuredmedia":[{"embeddable":true,"href":"http:\/\/ksiegarnia-akademicka.pl\/index.php\/wp-json\/wp\/v2\/media\/13025"}],"wp:attachment":[{"href":"http:\/\/ksiegarnia-akademicka.pl\/index.php\/wp-json\/wp\/v2\/media?parent=13024"}],"wp:term":[{"taxonomy":"product_brand","embeddable":true,"href":"http:\/\/ksiegarnia-akademicka.pl\/index.php\/wp-json\/wp\/v2\/product_brand?post=13024"},{"taxonomy":"product_cat","embeddable":true,"href":"http:\/\/ksiegarnia-akademicka.pl\/index.php\/wp-json\/wp\/v2\/product_cat?post=13024"},{"taxonomy":"product_tag","embeddable":true,"href":"http:\/\/ksiegarnia-akademicka.pl\/index.php\/wp-json\/wp\/v2\/product_tag?post=13024"}],"curies":[{"name":"wp","href":"https:\/\/api.w.org\/{rel}","templated":true}]}}