{"id":13022,"date":"2020-08-26T12:58:10","date_gmt":"2020-08-26T10:58:10","guid":{"rendered":"http:\/\/ksiegarnia-akademicka.pl\/?post_type=product&#038;p=13022"},"modified":"2020-08-26T12:58:11","modified_gmt":"2020-08-26T10:58:11","slug":"wizje-czlowieka-przyszlosci-tworzenie-historycznych-i-aktualnych-podstaw-kreacji-wizji-czlowieka-przyszlosci","status":"publish","type":"product","link":"http:\/\/ksiegarnia-akademicka.pl\/index.php\/product\/wizje-czlowieka-przyszlosci-tworzenie-historycznych-i-aktualnych-podstaw-kreacji-wizji-czlowieka-przyszlosci\/","title":{"rendered":"Wizje cz\u0142owieka przysz\u0142o\u015bci Tworzenie historycznych i aktualnych podstaw kreacji wizji cz\u0142owieka przysz\u0142o\u015bci."},"content":{"rendered":"<p>Autor:<br \/>\nWojciech Pomyka\u0142o<br \/>\nWydawca: Aspra<br \/>\nOprawa: Mi\u0119kka<br \/>\nFormat: 14.0&#215;20.0cm<br \/>\nLiczba stron: 310<br \/>\nRok wydania: 2020<br \/>\nJ\u0119zyk wydania: polski<br \/>\nISBN:\t978-83-8209-032-1<\/p>\n<p>&#8222;Ksi\u0105\u017cka prof. W. Pomyka\u0142o jest  zainteresowania tematem, kt\u00f3ry ju\u017c dzi\u015b i w nadchodz\u0105cych dziesi\u0119cioleciach odegra dominuj\u0105c\u0105 rol\u0119. Tym tematem jest miejsce cz\u0142owieka w naszej ziemskiej rzeczywisto\u015bci w najbli\u017cszych dziesi\u0119cioleciach na wszystkich kontynentach. Prze\u0142amanie braku zainteresowania t\u0105 wschodz\u0105c\u0105 problematyk\u0105, zar\u00f3wno filozoficzn\u0105 jak i pedagogiczn\u0105, od rozwi\u0105zania kt\u00f3rej tak bardzo zale\u017cy los wszystkich i ka\u017cdego z osobna, daleka droga. (&#8230;) Ksi\u0105\u017cka ta raczej otwiera cykl publikacji, kt\u00f3re powinny podejmowa\u0107 t\u0119 z\u0142o\u017con\u0105 problematyk\u0119, ni\u017c podsumowuje bogat\u0105 literatur\u0119 na temat przej\u015bcia z epoki elektryczno\u015bci do epoki sztucznej inteligencji&#8221;.<br \/>\nZ recenzji prof. dr. hab. Stefana Opary<\/p>\n<p>&#8222;Wojciech Pomyka\u0142o pragnie odrodzi\u0107 humanizm w relacjach mi\u0119dzyludzkich, czego nie gwarantuj\u0105 wystarczaj\u0105co tzw. prawa cz\u0142owieka. Odkrywcze jest ustalenie przez prof. Pomyka\u0142o przedmiotu bada\u0144 pedagogiki w XXI wieku. Nale\u017cy podkre\u015bli\u0107, \u017ce prof. Pomyka\u0142o podejmuje (&#8230;) wiele nieporuszanych dot\u0105d w literaturze naukowej problem\u00f3w, a s\u0105 one istotne dla pedagogiki. O wyj\u0105tkowej aktualno\u015bci tej pracy \u015bwiadczy zawarta w niej analiza zagro\u017ce\u0144 p\u0142yn\u0105cych z epidemii wywo\u0142anej koronawirusem. Przewidywane przez Autora w zwi\u0105zku z tym zmiany w \u015bwiecie powinny tak\u017ce by\u0107 brane pod uwag\u0119 przez pedagog\u00f3w. W konsekwencji szczeg\u00f3lnym zadaniem staj\u0119 si\u0119 opracowanie nowych podr\u0119cznik\u00f3w z zakresu pedagogiki&#8221;.<br \/>\nZ recenzji prof. zw. dr hab. Marii Szyszkowskiej<\/p>\n","protected":false},"excerpt":{"rendered":"<p>Autor: Wojciech Pomyka\u0142o Wydawca: Aspra Oprawa: Mi\u0119kka Format: 14.0&#215;20.0cm Liczba [&hellip;]<\/p>\n","protected":false},"featured_media":13023,"template":"","meta":[],"product_brand":[],"product_cat":[7506,27],"product_tag":[1109,233,1110],"class_list":{"0":"post-13022","1":"product","2":"type-product","3":"status-publish","4":"has-post-thumbnail","6":"product_cat-filozofia","7":"product_cat-nauki-spoleczne","8":"product_tag-cywilizacja","9":"product_tag-filozofia","10":"product_tag-kultura","12":"first","13":"instock","14":"sale","15":"shipping-taxable","16":"purchasable","17":"product-type-simple"},"_links":{"self":[{"href":"http:\/\/ksiegarnia-akademicka.pl\/index.php\/wp-json\/wp\/v2\/product\/13022","targetHints":{"allow":["GET"]}}],"collection":[{"href":"http:\/\/ksiegarnia-akademicka.pl\/index.php\/wp-json\/wp\/v2\/product"}],"about":[{"href":"http:\/\/ksiegarnia-akademicka.pl\/index.php\/wp-json\/wp\/v2\/types\/product"}],"wp:featuredmedia":[{"embeddable":true,"href":"http:\/\/ksiegarnia-akademicka.pl\/index.php\/wp-json\/wp\/v2\/media\/13023"}],"wp:attachment":[{"href":"http:\/\/ksiegarnia-akademicka.pl\/index.php\/wp-json\/wp\/v2\/media?parent=13022"}],"wp:term":[{"taxonomy":"product_brand","embeddable":true,"href":"http:\/\/ksiegarnia-akademicka.pl\/index.php\/wp-json\/wp\/v2\/product_brand?post=13022"},{"taxonomy":"product_cat","embeddable":true,"href":"http:\/\/ksiegarnia-akademicka.pl\/index.php\/wp-json\/wp\/v2\/product_cat?post=13022"},{"taxonomy":"product_tag","embeddable":true,"href":"http:\/\/ksiegarnia-akademicka.pl\/index.php\/wp-json\/wp\/v2\/product_tag?post=13022"}],"curies":[{"name":"wp","href":"https:\/\/api.w.org\/{rel}","templated":true}]}}