{"id":13020,"date":"2020-08-26T12:53:28","date_gmt":"2020-08-26T10:53:28","guid":{"rendered":"http:\/\/ksiegarnia-akademicka.pl\/?post_type=product&#038;p=13020"},"modified":"2020-08-26T12:53:29","modified_gmt":"2020-08-26T10:53:29","slug":"proces-cywilny-sprawa-o-zadoscuczynienie-i-odszkodowanie-od-wniesienia-pozwu-do-prawomocnego-wyroku","status":"publish","type":"product","link":"http:\/\/ksiegarnia-akademicka.pl\/index.php\/product\/proces-cywilny-sprawa-o-zadoscuczynienie-i-odszkodowanie-od-wniesienia-pozwu-do-prawomocnego-wyroku\/","title":{"rendered":"Proces cywilny Sprawa o zado\u015b\u0107uczynienie i odszkodowanie Od wniesienia pozwu do prawomocnego wyroku"},"content":{"rendered":"<p>Autor:<br \/>\nAleksandra Partyk<br \/>\nWydawca: Wolters Kluwer<br \/>\nOprawa: Mi\u0119kka<br \/>\nLiczba stron: 284<br \/>\nWydanie: 1<br \/>\nRok wydania: 2020<br \/>\nJ\u0119zyk wydania: polski<br \/>\nISBN:\t978-83-8187-924-8<\/p>\n<p>W ksi\u0105\u017cce om\u00f3wiono praktyczne stosowanie przepis\u00f3w post\u0119powania cywilnego na przyk\u0142adzie procesu o odszkodowanie. Odmiennie od wi\u0119kszo\u015bci opracowa\u0144 zajmuj\u0105cych si\u0119 t\u0105 problematyk\u0105 post\u0119powanie cywilne przedstawiono tu wed\u0142ug porz\u0105dku chronologicznego czynno\u015bci procesowych, nie za\u015b wed\u0142ug systematyki kodeksowej.<\/p>\n<p>Ka\u017cda czynno\u015b\u0107 procesowa zosta\u0142a zobrazowana stosownym wzorem pisma procesowego, orzeczenia lub zarz\u0105dzenia. Zagadnienia o szczeg\u00f3lnie istotnym znaczeniu praktycznym autorzy poddali analizie w poszerzonych komentarzach naukowych, prezentuj\u0105cych wybrane instytucje prawnoprocesowe na gruncie pogl\u0105d\u00f3w nauki prawa oraz dorobku orzecznictwa s\u0105dowego.<\/p>\n","protected":false},"excerpt":{"rendered":"<p>Autor: Aleksandra Partyk Wydawca: Wolters Kluwer Oprawa: Mi\u0119kka Liczba stron: [&hellip;]<\/p>\n","protected":false},"featured_media":13021,"template":"","meta":[],"product_brand":[],"product_cat":[7491,18],"product_tag":[487,692,615],"class_list":{"0":"post-13020","1":"product","2":"type-product","3":"status-publish","4":"has-post-thumbnail","6":"product_cat-cywilne","7":"product_cat-prawo","8":"product_tag-komentarze","9":"product_tag-postepowanie-cywilne","10":"product_tag-prawo-cywilne","12":"first","13":"instock","14":"sale","15":"shipping-taxable","16":"purchasable","17":"product-type-simple"},"_links":{"self":[{"href":"http:\/\/ksiegarnia-akademicka.pl\/index.php\/wp-json\/wp\/v2\/product\/13020","targetHints":{"allow":["GET"]}}],"collection":[{"href":"http:\/\/ksiegarnia-akademicka.pl\/index.php\/wp-json\/wp\/v2\/product"}],"about":[{"href":"http:\/\/ksiegarnia-akademicka.pl\/index.php\/wp-json\/wp\/v2\/types\/product"}],"wp:featuredmedia":[{"embeddable":true,"href":"http:\/\/ksiegarnia-akademicka.pl\/index.php\/wp-json\/wp\/v2\/media\/13021"}],"wp:attachment":[{"href":"http:\/\/ksiegarnia-akademicka.pl\/index.php\/wp-json\/wp\/v2\/media?parent=13020"}],"wp:term":[{"taxonomy":"product_brand","embeddable":true,"href":"http:\/\/ksiegarnia-akademicka.pl\/index.php\/wp-json\/wp\/v2\/product_brand?post=13020"},{"taxonomy":"product_cat","embeddable":true,"href":"http:\/\/ksiegarnia-akademicka.pl\/index.php\/wp-json\/wp\/v2\/product_cat?post=13020"},{"taxonomy":"product_tag","embeddable":true,"href":"http:\/\/ksiegarnia-akademicka.pl\/index.php\/wp-json\/wp\/v2\/product_tag?post=13020"}],"curies":[{"name":"wp","href":"https:\/\/api.w.org\/{rel}","templated":true}]}}