{"id":13015,"date":"2020-08-26T10:40:00","date_gmt":"2020-08-26T08:40:00","guid":{"rendered":"http:\/\/ksiegarnia-akademicka.pl\/?post_type=product&#038;p=13015"},"modified":"2026-01-02T10:21:18","modified_gmt":"2026-01-02T09:21:18","slug":"historia-meskosci-tom-1-od-starozytnosci-do-oswiecenia-wymyslanie-meskosci-histoire-de-la-virilite-tome-1","status":"publish","type":"product","link":"http:\/\/ksiegarnia-akademicka.pl\/index.php\/product\/historia-meskosci-tom-1-od-starozytnosci-do-oswiecenia-wymyslanie-meskosci-histoire-de-la-virilite-tome-1\/","title":{"rendered":"Historia m\u0119sko\u015bci Tom 1 Od staro\u017cytno\u015bci do o\u015bwiecenia Wymy\u015blanie m\u0119sko\u015bci Histoire de la virilit\u00e9 : Tome 1"},"content":{"rendered":"<p>Autor:<br \/>\nGeorges Vigarello<br \/>\nAlain Corbin<br \/>\nT\u0142umacze: Str\u00f3\u017cy\u0144ski Tomasz<br \/>\nWydawca: S\u0142owo\/obraz\/terytoria<br \/>\nOprawa: Twarda<br \/>\nFormat: 17.0&#215;24.0cm<br \/>\nLiczba stron: 604<br \/>\nWydanie: 1<br \/>\nRok wydania: 2020<br \/>\nJ\u0119zyk wydania: polski<br \/>\nISBN: 978-83-7453-587-8<\/p>\n<p>M\u0119sko\u015b\u0107 jest naznaczona tradycj\u0105 si\u0119gaj\u0105c\u0105 niepami\u0119tnych czas\u00f3w \u2013 to nie tylko p\u0142e\u0107 m\u0119ska, lecz sama jej natura oraz jej cz\u0119\u015b\u0107 \u201enajszlachetniejsza\u201d, by nie rzec: najdoskonalsza. Przez wieki uchodzi\u0142a za cnot\u0119 i stanowi\u0142a jeden z fundament\u00f3w spo\u0142ecze\u0144stw Zachodu. Od staro\u017cytno\u015bci do o\u015bwiecenia oznacza\u0142a pewn\u0105 koncepcj\u0119 mocy, kt\u00f3ra obejmowa\u0142a zar\u00f3wno si\u0142\u0119 fizyczn\u0105, jak i m\u0119stwo psychiczne. Jej kody, rytua\u0142y i fantazmaty kulturowe utrwala\u0142y patriarchalny obraz \u015bwiata, cho\u0107 m\u0119skiej dominacji zawsze zagra\u017ca\u0142o widmo pora\u017cki.<\/p>\n<p>Nie by\u0142o te\u017c nigdy uniwersalnego, niezmiennego modelu m\u0119sko\u015bci. Spo\u0142eczno\u015b\u0107 kupiecka ho\u0142dowa\u0142a innemu idea\u0142owi ni\u017c spo\u0142eczno\u015b\u0107 wojskowa. Dworzanin nie m\u00f3g\u0142 wyobra\u017ca\u0107 sobie m\u0119sko\u015bci tak samo jak rycerz. Ten za\u015b pojmowa\u0142 j\u0105 inaczej ni\u017c duchowny czy mieszczanin. Te w\u0142a\u015bnie r\u00f3\u017cnice i przemiany, a tak\u017ce zwi\u0105zane z nimi gesty nienormatywne, staraj\u0105 si\u0119 zrekonstruowa\u0107 autorzy i autorki pierwszego tomu &#8222;Historii m\u0119sko\u015bci&#8221;.<\/p>\n<p>W planach:<br \/>\nTom 2: XIX wiek. Tryumf m\u0119sko\u015bci<br \/>\nTom 3: XX\u2013XIX wiek. M\u0119sko\u015b\u0107 w kryzysie<\/p>\n","protected":false},"excerpt":{"rendered":"<p>Autor: Georges Vigarello Alain Corbin T\u0142umacze: Str\u00f3\u017cy\u0144ski Tomasz Wydawca: S\u0142owo\/obraz\/terytoria [&hellip;]<\/p>\n","protected":false},"featured_media":13016,"template":"","meta":[],"product_brand":[],"product_cat":[38],"product_tag":[1109,71,1110],"class_list":{"0":"post-13015","1":"product","2":"type-product","3":"status-publish","4":"has-post-thumbnail","6":"product_cat-historia","7":"product_tag-cywilizacja","8":"product_tag-historia","9":"product_tag-kultura","11":"first","12":"outofstock","13":"sale","14":"shipping-taxable","15":"purchasable","16":"product-type-simple"},"_links":{"self":[{"href":"http:\/\/ksiegarnia-akademicka.pl\/index.php\/wp-json\/wp\/v2\/product\/13015","targetHints":{"allow":["GET"]}}],"collection":[{"href":"http:\/\/ksiegarnia-akademicka.pl\/index.php\/wp-json\/wp\/v2\/product"}],"about":[{"href":"http:\/\/ksiegarnia-akademicka.pl\/index.php\/wp-json\/wp\/v2\/types\/product"}],"wp:featuredmedia":[{"embeddable":true,"href":"http:\/\/ksiegarnia-akademicka.pl\/index.php\/wp-json\/wp\/v2\/media\/13016"}],"wp:attachment":[{"href":"http:\/\/ksiegarnia-akademicka.pl\/index.php\/wp-json\/wp\/v2\/media?parent=13015"}],"wp:term":[{"taxonomy":"product_brand","embeddable":true,"href":"http:\/\/ksiegarnia-akademicka.pl\/index.php\/wp-json\/wp\/v2\/product_brand?post=13015"},{"taxonomy":"product_cat","embeddable":true,"href":"http:\/\/ksiegarnia-akademicka.pl\/index.php\/wp-json\/wp\/v2\/product_cat?post=13015"},{"taxonomy":"product_tag","embeddable":true,"href":"http:\/\/ksiegarnia-akademicka.pl\/index.php\/wp-json\/wp\/v2\/product_tag?post=13015"}],"curies":[{"name":"wp","href":"https:\/\/api.w.org\/{rel}","templated":true}]}}