{"id":12969,"date":"2020-08-25T13:00:12","date_gmt":"2020-08-25T11:00:12","guid":{"rendered":"http:\/\/ksiegarnia-akademicka.pl\/?post_type=product&#038;p=12969"},"modified":"2020-08-25T13:00:12","modified_gmt":"2020-08-25T11:00:12","slug":"intertemporalna-kategoryzacja-przepisow-kodeksu-pracy","status":"publish","type":"product","link":"http:\/\/ksiegarnia-akademicka.pl\/index.php\/product\/intertemporalna-kategoryzacja-przepisow-kodeksu-pracy\/","title":{"rendered":"Intertemporalna kategoryzacja przepis\u00f3w Kodeksu pracy"},"content":{"rendered":"<p>Autor:<br \/>\nDaniel Ksi\u0105\u017cek<br \/>\nWydawca: Wolters Kluwer<br \/>\nOprawa: Twarda<br \/>\nFormat: 17.0&#215;24.0cm<br \/>\nLiczba stron: 904<br \/>\nWydanie: 1<br \/>\nRok wydania: 2020<br \/>\nJ\u0119zyk wydania: polski<br \/>\nISBN:\t978-83-8160-464-2<\/p>\n<p>Problematyka intertemporalna jest skomplikowanym zagadnieniem o du\u017cej donios\u0142o\u015bci prawnej. Potrzeba zastosowania rozwi\u0105za\u0144 prawa mi\u0119dzyczasowego istnieje i zawsze b\u0119dzie aktualna. Powstaje ona wtedy, gdy zachodzi konieczno\u015b\u0107 odpowiedzi na pytanie, kt\u00f3re prawo \u2013 dawne czy nowe lub przeciwnie ani jedno, ani drugie \u2013 nale\u017cy zastosowa\u0107 do konkretnej sytuacji prawnej lub zdarzenia prawnego.<\/p>\n<p>W publikacji zawarto zar\u00f3wno analiz\u0119 og\u00f3lnoteoretyczn\u0105, przybli\u017caj\u0105c\u0105 aspekt prawa intertemporalnego w uj\u0119ciu og\u00f3lnym, jak i teoretycznoprawn\u0105, kt\u00f3ra d\u0105\u017cy do przedstawienia i wzajemnego skonfrontowania istniej\u0105cych teorii zagadnie\u0144 intertemporalnych z zakresu prawa pracy oraz innych ga\u0142\u0119zi prawa. Celem tak kompleksowych rozwa\u017ca\u0144 by\u0142a odpowied\u017a na pytanie, czy mo\u017cliwa jest, przy wykorzystaniu jednej z istniej\u0105cych metod, charakterystyka rozwi\u0105za\u0144 intertemporalnych bez unikania tych przepis\u00f3w, kt\u00f3re rodzi\u0142yby dla interpretatora najwi\u0119cej problem\u00f3w.<\/p>\n","protected":false},"excerpt":{"rendered":"<p>Autor: Daniel Ksi\u0105\u017cek Wydawca: Wolters Kluwer Oprawa: Twarda Format: 17.0&#215;24.0cm [&hellip;]<\/p>\n","protected":false},"featured_media":12970,"template":"","meta":[],"product_brand":[],"product_cat":[18,7550],"product_tag":[487,793],"class_list":{"0":"post-12969","1":"product","2":"type-product","3":"status-publish","4":"has-post-thumbnail","6":"product_cat-prawo","7":"product_cat-prawo-pracy","8":"product_tag-komentarze","9":"product_tag-prawo-pracy","11":"first","12":"instock","13":"sale","14":"shipping-taxable","15":"purchasable","16":"product-type-simple"},"_links":{"self":[{"href":"http:\/\/ksiegarnia-akademicka.pl\/index.php\/wp-json\/wp\/v2\/product\/12969","targetHints":{"allow":["GET"]}}],"collection":[{"href":"http:\/\/ksiegarnia-akademicka.pl\/index.php\/wp-json\/wp\/v2\/product"}],"about":[{"href":"http:\/\/ksiegarnia-akademicka.pl\/index.php\/wp-json\/wp\/v2\/types\/product"}],"wp:featuredmedia":[{"embeddable":true,"href":"http:\/\/ksiegarnia-akademicka.pl\/index.php\/wp-json\/wp\/v2\/media\/12970"}],"wp:attachment":[{"href":"http:\/\/ksiegarnia-akademicka.pl\/index.php\/wp-json\/wp\/v2\/media?parent=12969"}],"wp:term":[{"taxonomy":"product_brand","embeddable":true,"href":"http:\/\/ksiegarnia-akademicka.pl\/index.php\/wp-json\/wp\/v2\/product_brand?post=12969"},{"taxonomy":"product_cat","embeddable":true,"href":"http:\/\/ksiegarnia-akademicka.pl\/index.php\/wp-json\/wp\/v2\/product_cat?post=12969"},{"taxonomy":"product_tag","embeddable":true,"href":"http:\/\/ksiegarnia-akademicka.pl\/index.php\/wp-json\/wp\/v2\/product_tag?post=12969"}],"curies":[{"name":"wp","href":"https:\/\/api.w.org\/{rel}","templated":true}]}}