{"id":12956,"date":"2020-08-25T11:52:51","date_gmt":"2020-08-25T09:52:51","guid":{"rendered":"http:\/\/ksiegarnia-akademicka.pl\/?post_type=product&#038;p=12956"},"modified":"2020-08-25T11:52:51","modified_gmt":"2020-08-25T09:52:51","slug":"prawo-nieletnich","status":"publish","type":"product","link":"http:\/\/ksiegarnia-akademicka.pl\/index.php\/product\/prawo-nieletnich\/","title":{"rendered":"Prawo nieletnich"},"content":{"rendered":"<p>Nale\u017cy do serii:<br \/>\nSKRYPTY BECKA<br \/>\nAutor:<br \/>\nAlicja Grze\u015bkowiak<br \/>\nWydawca: C.H. Beck<br \/>\nOprawa: Mi\u0119kka<br \/>\nFormat: 16.5&#215;23.8cm<br \/>\nLiczba stron: 294<br \/>\nWydanie: 1<br \/>\nRok wydania: 2020<br \/>\nJ\u0119zyk wydania: polski<br \/>\nISBN:\t978-83-8198-700-4<\/p>\n<p>Skrypt zawiera kompleksow\u0105 analiz\u0119 przepis\u00f3w dotycz\u0105cych post\u0119powania w sprawach nieletnich.<br \/>\nObejmuje ona nie tylko problematyk\u0119 materialnoprawn\u0105, lecz tak\u017ce proceduraln\u0105 i wykonawcz\u0105 na tle ewolucji i tendencji rozwojowych tego prawa. Zagadnienia s\u0105 omawiane na tle pogl\u0105d\u00f3w doktryny oraz orzecznictwa. Spos\u00f3b ich uj\u0119cia gwarantuje zrozumienie nawet skomplikowanych problem\u00f3w.<\/p>\n<p>Skrypt przeznaczony jest dla student\u00f3w (w szczeg\u00f3lno\u015bci wydzia\u0142\u00f3w prawa, administracji, pedagogiki, psychologii, ale i innych wydzia\u0142\u00f3w, na kt\u00f3rych podejmowana jest problematyka wi\u0105\u017c\u0105ca si\u0119 z post\u0119powaniem w sprawach nieletnich) oraz doktorant\u00f3w i aplikant\u00f3w, a tak\u017ce prawnik\u00f3w, zw\u0142aszcza s\u0119dzi\u00f3w rodzinnych i adwokat\u00f3w.<\/p>\n","protected":false},"excerpt":{"rendered":"<p>Nale\u017cy do serii: SKRYPTY BECKA Autor: Alicja Grze\u015bkowiak Wydawca: C.H. [&hellip;]<\/p>\n","protected":false},"featured_media":12957,"template":"","meta":[],"product_brand":[],"product_cat":[7491,18],"product_tag":[615,4584,691],"class_list":{"0":"post-12956","1":"product","2":"type-product","3":"status-publish","4":"has-post-thumbnail","6":"product_cat-cywilne","7":"product_cat-prawo","8":"product_tag-prawo-cywilne","9":"product_tag-prawo-rodzinne-i-opiekuncze","10":"product_tag-seria-skrypty-becka","12":"first","13":"instock","14":"sale","15":"shipping-taxable","16":"purchasable","17":"product-type-simple"},"_links":{"self":[{"href":"http:\/\/ksiegarnia-akademicka.pl\/index.php\/wp-json\/wp\/v2\/product\/12956","targetHints":{"allow":["GET"]}}],"collection":[{"href":"http:\/\/ksiegarnia-akademicka.pl\/index.php\/wp-json\/wp\/v2\/product"}],"about":[{"href":"http:\/\/ksiegarnia-akademicka.pl\/index.php\/wp-json\/wp\/v2\/types\/product"}],"wp:featuredmedia":[{"embeddable":true,"href":"http:\/\/ksiegarnia-akademicka.pl\/index.php\/wp-json\/wp\/v2\/media\/12957"}],"wp:attachment":[{"href":"http:\/\/ksiegarnia-akademicka.pl\/index.php\/wp-json\/wp\/v2\/media?parent=12956"}],"wp:term":[{"taxonomy":"product_brand","embeddable":true,"href":"http:\/\/ksiegarnia-akademicka.pl\/index.php\/wp-json\/wp\/v2\/product_brand?post=12956"},{"taxonomy":"product_cat","embeddable":true,"href":"http:\/\/ksiegarnia-akademicka.pl\/index.php\/wp-json\/wp\/v2\/product_cat?post=12956"},{"taxonomy":"product_tag","embeddable":true,"href":"http:\/\/ksiegarnia-akademicka.pl\/index.php\/wp-json\/wp\/v2\/product_tag?post=12956"}],"curies":[{"name":"wp","href":"https:\/\/api.w.org\/{rel}","templated":true}]}}