{"id":12953,"date":"2020-08-25T11:48:28","date_gmt":"2020-08-25T09:48:28","guid":{"rendered":"http:\/\/ksiegarnia-akademicka.pl\/?post_type=product&#038;p=12953"},"modified":"2020-08-25T11:48:29","modified_gmt":"2020-08-25T09:48:29","slug":"java-zadania-z-programowania-z-przykladowymi-rozwiazaniami","status":"publish","type":"product","link":"http:\/\/ksiegarnia-akademicka.pl\/index.php\/product\/java-zadania-z-programowania-z-przykladowymi-rozwiazaniami\/","title":{"rendered":"Java Zadania z programowania z przyk\u0142adowymi rozwi\u0105zaniami"},"content":{"rendered":"<p>Autor:<br \/>\nMiros\u0142aw J. Kubiak<br \/>\nWydawca: Helion<br \/>\nOprawa: Mi\u0119kka<br \/>\nFormat: 14.0&#215;21.0cm<br \/>\nLiczba stron: 184<br \/>\nWydanie: 3<br \/>\nRok wydania: 2020<br \/>\nJ\u0119zyk wydania: polski<br \/>\nISBN:\t978-83-283-6956-6<\/p>\n<p>Poznaj Jav\u0119 w praktyce<br \/>\nJava to nowoczesny, wsp\u00f3\u0142bie\u017cny, obiektowy j\u0119zyk programowania, kt\u00f3ry zdoby\u0142 uznanie tysi\u0119cy programist\u00f3w na ca\u0142ym \u015bwiecie. Ogromne mo\u017cliwo\u015bci, niezale\u017cno\u015b\u0107 od platformy, niezawodno\u015b\u0107 i bezpiecze\u0144stwo, a tak\u017ce \u0142atwo\u015b\u0107 tworzenia i przejrzysto\u015b\u0107 kodu powoduj\u0105, \u017ce Java od lat cieszy si\u0119 nies\u0142abn\u0105c\u0105 popularno\u015bci\u0105, na programist\u00f3w pos\u0142uguj\u0105cych si\u0119 tym j\u0119zykiem za\u015b czekaj\u0105 setki atrakcyjnych ofert pracy. Java znajduje zastosowanie w najr\u00f3\u017cniejszych dziedzinach i bran\u017cach, co sprawia, \u017ce opracowane za jej pomoc\u0105 programy mo\u017cna spotka\u0107 niemal wsz\u0119dzie &#8211; wiele popularnych aplikacji sieciowych i mobilnych zosta\u0142o napisanych w\u0142a\u015bnie w Javie.<\/p>\n<p>Teoretyczna nauka programowania jest jak czytanie o lataniu &#8211; mo\u017cna si\u0119 w ten spos\u00f3b du\u017co dowiedzie\u0107, ale z pewno\u015bci\u0105 nie zapewni to do\u015bwiadczenia niezb\u0119dnego, \u017ceby naprawd\u0119 wystartowa\u0107. Dlatego z j\u0119zykiem programowania warto zapozna\u0107 si\u0119 od strony praktycznej: pisa\u0107 kod, wykonywa\u0107 \u0107wiczenia programistyczne, wykorzystywa\u0107 kolejne techniki i konstrukcje j\u0119zyka, a przede wszystkim mierzy\u0107 si\u0119 z coraz trudniejszymi zadaniami. Doskona\u0142ym wsparciem w tym dzia\u0142aniu b\u0119dzie najnowsze wydanie ksi\u0105\u017cki Java. Zadania z programowania z przyk\u0142adowymi rozwi\u0105zaniami. Dzi\u0119ki niej dowiesz si\u0119, jak wykorzysta\u0107 otwarte, bezp\u0142atne \u015brodowisko NetBeans IDE 8.2 do tworzenia aplikacji o prostym i przejrzystym kodzie, i szybko opanujesz Jav\u0119!<\/p>\n<p>Proste operacje wej\u015bcia-wyj\u015bcia<br \/>\nInstrukcje warunkowe i iteracje<br \/>\nTablice, macierze i \u0142a\u0144cuchy tekstowe<br \/>\nProgramowanie obiektowe<br \/>\nPrzetwarzanie plik\u00f3w tekstowych<br \/>\nZastosowanie wielow\u0105tkowo\u015bci<br \/>\nKolekcje i ich mo\u017cliwo\u015bci<br \/>\nSpraw, aby Java nie mia\u0142a przed Tob\u0105 tajemnic!<\/p>\n","protected":false},"excerpt":{"rendered":"<p>Autor: Miros\u0142aw J. Kubiak Wydawca: Helion Oprawa: Mi\u0119kka Format: 14.0&#215;21.0cm [&hellip;]<\/p>\n","protected":false},"featured_media":12954,"template":"","meta":[],"product_brand":[],"product_cat":[36],"product_tag":[103,6036,2733],"class_list":{"0":"post-12953","1":"product","2":"type-product","3":"status-publish","4":"has-post-thumbnail","6":"product_cat-informatyka","7":"product_tag-informatyka","8":"product_tag-java","9":"product_tag-programowanie","11":"first","12":"instock","13":"sale","14":"shipping-taxable","15":"purchasable","16":"product-type-simple"},"_links":{"self":[{"href":"http:\/\/ksiegarnia-akademicka.pl\/index.php\/wp-json\/wp\/v2\/product\/12953","targetHints":{"allow":["GET"]}}],"collection":[{"href":"http:\/\/ksiegarnia-akademicka.pl\/index.php\/wp-json\/wp\/v2\/product"}],"about":[{"href":"http:\/\/ksiegarnia-akademicka.pl\/index.php\/wp-json\/wp\/v2\/types\/product"}],"wp:featuredmedia":[{"embeddable":true,"href":"http:\/\/ksiegarnia-akademicka.pl\/index.php\/wp-json\/wp\/v2\/media\/12954"}],"wp:attachment":[{"href":"http:\/\/ksiegarnia-akademicka.pl\/index.php\/wp-json\/wp\/v2\/media?parent=12953"}],"wp:term":[{"taxonomy":"product_brand","embeddable":true,"href":"http:\/\/ksiegarnia-akademicka.pl\/index.php\/wp-json\/wp\/v2\/product_brand?post=12953"},{"taxonomy":"product_cat","embeddable":true,"href":"http:\/\/ksiegarnia-akademicka.pl\/index.php\/wp-json\/wp\/v2\/product_cat?post=12953"},{"taxonomy":"product_tag","embeddable":true,"href":"http:\/\/ksiegarnia-akademicka.pl\/index.php\/wp-json\/wp\/v2\/product_tag?post=12953"}],"curies":[{"name":"wp","href":"https:\/\/api.w.org\/{rel}","templated":true}]}}