{"id":12949,"date":"2020-08-25T11:44:41","date_gmt":"2020-08-25T09:44:41","guid":{"rendered":"http:\/\/ksiegarnia-akademicka.pl\/?post_type=product&#038;p=12949"},"modified":"2024-12-05T08:22:31","modified_gmt":"2024-12-05T07:22:31","slug":"uziemienia-w-sieciach-elektroenergetycznych","status":"publish","type":"product","link":"http:\/\/ksiegarnia-akademicka.pl\/index.php\/product\/uziemienia-w-sieciach-elektroenergetycznych\/","title":{"rendered":"Uziemienia w sieciach elektroenergetycznych"},"content":{"rendered":"<p>Autor:<br \/>\nWitold Hoppel<br \/>\nWydawca: Wydawnictwo Naukowe PWN<br \/>\nOprawa: Mi\u0119kka<br \/>\nFormat: 16.5&#215;23.5cm<br \/>\nLiczba stron: 404<br \/>\nWydanie: 1<br \/>\nRok wydania: 2020<br \/>\nJ\u0119zyk wydania: polski<br \/>\nISBN:\t978-83-01-21186-8<br \/>\nEAN:\t9788301211868<br \/>\nIndeks:\t16513700100KS<\/p>\n<p>Problematyka uziemie\u0144 to jedna z najistotniejszych kwestii zwi\u0105zanych z elektrotechnik\u0105, w szczeg\u00f3lno\u015bci jedn\u0105 z jej specjalno\u015bci &#8211; elektroenergetyk\u0105. To jedno z najstarszych i najbardziej podstawowych zagadnie\u0144 urz\u0105dze\u0144 elektroenergetycznych.<br \/>\nKsi\u0105\u017cka o uziemieniach to kolejna \u2013 po publikacji o sieciach \u015brednich napi\u0119\u0107 &#8211; ksi\u0105\u017cka autorstwa uznanego specjalisty w tym zakresie \u2013 dra Witolda Hoppela. Drugim autorem jest praktyk, cz\u0142onek Komitetu Ochrony Odgromowej przy SEP \u2013 mgr in\u017c. Robert Marciniak.<br \/>\nZE WST\u0118PU: Celem autor\u00f3w by\u0142o napisanie ksi\u0105\u017cki, kt\u00f3ra zape\u0142ni luk\u0119 od ostatniego wydania \u201e\u015bwi\u0119tej ksi\u0119gi\u201d z dziedziny uziemie\u0144, czyli monografii prof. Konstantego Wo\u0142kowi\u0144skiego z Politechniki Wroc\u0142awskiej pod tytu\u0142em Uziemienia urz\u0105dze\u0144 elektrycznych.<br \/>\nPublikacj\u0119 t\u0119 kierujemy do praktyk\u00f3w \u2013 projektant\u00f3w i wykonawc\u00f3w sieci elektroenergetycznych, operator\u00f3w sieci dystrybucyjnej wszystkich napi\u0119\u0107 w Polsce, in\u017cynier\u00f3w elektryk\u00f3w itp. Przyda si\u0119 r\u00f3wnie\u017c ona studentom studi\u00f3w technicznych do przedmiot\u00f3w zwi\u0105zanych z urz\u0105dzeniami i sieciami elektroenergetycznymi. a tak\u017ce wszelkich rodzaj\u00f3w kszta\u0142cenia zwi\u0105zanych z ochron\u0105 od pora\u017ce\u0144 w urz\u0105dzeniach o napi\u0119ciu powy\u017cej 1 kV.<\/p>\n","protected":false},"excerpt":{"rendered":"<p>Autor: Witold Hoppel Wydawca: Wydawnictwo Naukowe PWN Oprawa: Mi\u0119kka Format: [&hellip;]<\/p>\n","protected":false},"featured_media":12950,"template":"","meta":[],"product_brand":[],"product_cat":[7722,41],"product_tag":[4289,4247,8032],"class_list":{"0":"post-12949","1":"product","2":"type-product","3":"status-publish","4":"has-post-thumbnail","6":"product_cat-energetyka","7":"product_cat-nauki-techniczne","8":"product_tag-elektroenergetyka","9":"product_tag-energetyka","10":"product_tag-sieci-trakcyjne","12":"first","13":"instock","14":"sale","15":"shipping-taxable","16":"purchasable","17":"product-type-simple"},"_links":{"self":[{"href":"http:\/\/ksiegarnia-akademicka.pl\/index.php\/wp-json\/wp\/v2\/product\/12949","targetHints":{"allow":["GET"]}}],"collection":[{"href":"http:\/\/ksiegarnia-akademicka.pl\/index.php\/wp-json\/wp\/v2\/product"}],"about":[{"href":"http:\/\/ksiegarnia-akademicka.pl\/index.php\/wp-json\/wp\/v2\/types\/product"}],"wp:featuredmedia":[{"embeddable":true,"href":"http:\/\/ksiegarnia-akademicka.pl\/index.php\/wp-json\/wp\/v2\/media\/12950"}],"wp:attachment":[{"href":"http:\/\/ksiegarnia-akademicka.pl\/index.php\/wp-json\/wp\/v2\/media?parent=12949"}],"wp:term":[{"taxonomy":"product_brand","embeddable":true,"href":"http:\/\/ksiegarnia-akademicka.pl\/index.php\/wp-json\/wp\/v2\/product_brand?post=12949"},{"taxonomy":"product_cat","embeddable":true,"href":"http:\/\/ksiegarnia-akademicka.pl\/index.php\/wp-json\/wp\/v2\/product_cat?post=12949"},{"taxonomy":"product_tag","embeddable":true,"href":"http:\/\/ksiegarnia-akademicka.pl\/index.php\/wp-json\/wp\/v2\/product_tag?post=12949"}],"curies":[{"name":"wp","href":"https:\/\/api.w.org\/{rel}","templated":true}]}}