{"id":12937,"date":"2020-08-25T11:09:15","date_gmt":"2020-08-25T09:09:15","guid":{"rendered":"http:\/\/ksiegarnia-akademicka.pl\/?post_type=product&#038;p=12937"},"modified":"2020-08-25T11:09:16","modified_gmt":"2020-08-25T09:09:16","slug":"poloznictwo-tom-4-diagnostyka-biofizyczna-i-biochemiczna-w-medycynie-perinatalnej","status":"publish","type":"product","link":"http:\/\/ksiegarnia-akademicka.pl\/index.php\/product\/poloznictwo-tom-4-diagnostyka-biofizyczna-i-biochemiczna-w-medycynie-perinatalnej\/","title":{"rendered":"Po\u0142o\u017cnictwo Tom 4 Diagnostyka biofizyczna i biochemiczna w medycynie perinatalnej"},"content":{"rendered":"<p>Redakcja: Br\u0119borowicz Grzegorz H.<br \/>\nWydawca: PZWL<br \/>\nOprawa: Mi\u0119kka<br \/>\nFormat: 21.0&#215;29.0cm<br \/>\nLiczba stron: 382<br \/>\nRok wydania: 2020<br \/>\nJ\u0119zyk wydania: polski<\/p>\n<p>Po\u0142o\u017cnictwo, coraz cz\u0119\u015bciej okre\u015blane mianem medycyny perinatalnej, jest multidyscyplinarn\u0105 specjalno\u015bci\u0105 zajmuj\u0105c\u0105 si\u0119 ci\u0105\u017c\u0105 o przebiegu prawid\u0142owym i nieprawid\u0142owym, z uwzgl\u0119dnieniem wszelkich mo\u017cliwych powik\u0142a\u0144 wyst\u0119puj\u0105cych u matki i dziecka. W ostatnich latach dokonuje si\u0119 znacz\u0105cy post\u0119p w tej dziedzinie medycyny, kt\u00f3ry wymaga od lekarzy sta\u0142ego przyswajania nowej wiedzy z zakresu diagnostyki i leczenia, zar\u00f3wno farmakologicznego, jak i chirurgicznego.<br \/>\nNiniejszy podr\u0119cznik, przygotowany przez wybitnych polskich specjalist\u00f3w w dziedzinie ginekologii i po\u0142o\u017cnictwa, jest znakomitym \u017ar\u00f3d\u0142em informacji na temat najnowszych osi\u0105gni\u0119\u0107 \u015bwiatowego po\u0142o\u017cnictwa.<\/p>\n<p>Tom 4. &#8222;Diagnostyka biofizyczna i biochemiczna&#8221; po\u015bwi\u0119cono badaniom diagnostycznym stosowanym w przypadku kobiet w ci\u0105\u017cy.<br \/>\nPoza opisami samych bada\u0144 oraz sytuacji, w kt\u00f3rych si\u0119 je stosuje, wskazano wyniki oznaczaj\u0105ce odchylenia od przyj\u0119tych norm. Wybrane rozdzialy po\u015bwi\u0119cono sytuacjom nietypowym w przebiegu ci\u0105\u017cy (por\u00f3d przedwczesny, konflikt serologiczny, ci\u0119\u017carne z cukrzyc\u0105) i post\u0119powaniu w takich przypadkach.<\/p>\n","protected":false},"excerpt":{"rendered":"<p>Redakcja: Br\u0119borowicz Grzegorz H. Wydawca: PZWL Oprawa: Mi\u0119kka Format: 21.0&#215;29.0cm [&hellip;]<\/p>\n","protected":false},"featured_media":12938,"template":"","meta":[],"product_brand":[],"product_cat":[7493,8031],"product_tag":[4919,4920],"class_list":{"0":"post-12937","1":"product","2":"type-product","3":"status-publish","4":"has-post-thumbnail","6":"product_cat-medycyna","7":"product_cat-poloznictwo-ginekologia","8":"product_tag-ginekologia","9":"product_tag-poloznictwo","11":"first","12":"instock","13":"sale","14":"shipping-taxable","15":"purchasable","16":"product-type-simple"},"_links":{"self":[{"href":"http:\/\/ksiegarnia-akademicka.pl\/index.php\/wp-json\/wp\/v2\/product\/12937","targetHints":{"allow":["GET"]}}],"collection":[{"href":"http:\/\/ksiegarnia-akademicka.pl\/index.php\/wp-json\/wp\/v2\/product"}],"about":[{"href":"http:\/\/ksiegarnia-akademicka.pl\/index.php\/wp-json\/wp\/v2\/types\/product"}],"wp:featuredmedia":[{"embeddable":true,"href":"http:\/\/ksiegarnia-akademicka.pl\/index.php\/wp-json\/wp\/v2\/media\/12938"}],"wp:attachment":[{"href":"http:\/\/ksiegarnia-akademicka.pl\/index.php\/wp-json\/wp\/v2\/media?parent=12937"}],"wp:term":[{"taxonomy":"product_brand","embeddable":true,"href":"http:\/\/ksiegarnia-akademicka.pl\/index.php\/wp-json\/wp\/v2\/product_brand?post=12937"},{"taxonomy":"product_cat","embeddable":true,"href":"http:\/\/ksiegarnia-akademicka.pl\/index.php\/wp-json\/wp\/v2\/product_cat?post=12937"},{"taxonomy":"product_tag","embeddable":true,"href":"http:\/\/ksiegarnia-akademicka.pl\/index.php\/wp-json\/wp\/v2\/product_tag?post=12937"}],"curies":[{"name":"wp","href":"https:\/\/api.w.org\/{rel}","templated":true}]}}