{"id":12931,"date":"2020-08-25T10:10:47","date_gmt":"2020-08-25T08:10:47","guid":{"rendered":"http:\/\/ksiegarnia-akademicka.pl\/?post_type=product&#038;p=12931"},"modified":"2020-08-25T11:04:40","modified_gmt":"2020-08-25T09:04:40","slug":"poloznictwo-tom-1-fizjologia-ciazy","status":"publish","type":"product","link":"http:\/\/ksiegarnia-akademicka.pl\/index.php\/product\/poloznictwo-tom-1-fizjologia-ciazy\/","title":{"rendered":"Po\u0142o\u017cnictwo Tom 1 Fizjologia ci\u0105\u017cy."},"content":{"rendered":"<p>Autor:<br \/>\nGrzegorz H. Br\u0119bowicz<br \/>\nRedakcja: Br\u0119borowicz Grzegorz H., Markwitz Wies\u0142aw<br \/>\nWydawca: PZWL<br \/>\nOprawa: Mi\u0119kka<br \/>\nFormat: 21.0&#215;29.0cm<br \/>\nLiczba stron: 268<br \/>\nRok wydania: 2020<br \/>\nJ\u0119zyk wydania: polski<\/p>\n<p>Niniejszy podr\u0119cznik, przygotowany przez wybitnych polskich specjalist\u00f3w w dziedzinie ginekologii i po\u0142o\u017cnictwa, jest znakomitym \u017ar\u00f3d\u0142em informacji na temat najnowszych osi\u0105gni\u0119\u0107 \u015bwiatowego po\u0142o\u017cnictwa.<br \/>\nTom pierwszy po\u015bwi\u0119cono fizjologii ci\u0105\u017cy z uwzgl\u0119dnieniem opieki nad kobiet\u0105 ci\u0119\u017carn\u0105 oraz wskaz\u00f3wek dla jej funkcjonowania w tym okresie &#8211; \u017cywienia, aktywno\u015bci fizycznej oraz zachowa\u0144 seksualnych.<\/p>\n","protected":false},"excerpt":{"rendered":"<p>Autor: Grzegorz H. Br\u0119bowicz Redakcja: Br\u0119borowicz Grzegorz H., Markwitz Wies\u0142aw [&hellip;]<\/p>\n","protected":false},"featured_media":12932,"template":"","meta":[],"product_brand":[],"product_cat":[7493,8031],"product_tag":[4919,4920],"class_list":{"0":"post-12931","1":"product","2":"type-product","3":"status-publish","4":"has-post-thumbnail","6":"product_cat-medycyna","7":"product_cat-poloznictwo-ginekologia","8":"product_tag-ginekologia","9":"product_tag-poloznictwo","11":"first","12":"instock","13":"sale","14":"shipping-taxable","15":"purchasable","16":"product-type-simple"},"_links":{"self":[{"href":"http:\/\/ksiegarnia-akademicka.pl\/index.php\/wp-json\/wp\/v2\/product\/12931","targetHints":{"allow":["GET"]}}],"collection":[{"href":"http:\/\/ksiegarnia-akademicka.pl\/index.php\/wp-json\/wp\/v2\/product"}],"about":[{"href":"http:\/\/ksiegarnia-akademicka.pl\/index.php\/wp-json\/wp\/v2\/types\/product"}],"wp:featuredmedia":[{"embeddable":true,"href":"http:\/\/ksiegarnia-akademicka.pl\/index.php\/wp-json\/wp\/v2\/media\/12932"}],"wp:attachment":[{"href":"http:\/\/ksiegarnia-akademicka.pl\/index.php\/wp-json\/wp\/v2\/media?parent=12931"}],"wp:term":[{"taxonomy":"product_brand","embeddable":true,"href":"http:\/\/ksiegarnia-akademicka.pl\/index.php\/wp-json\/wp\/v2\/product_brand?post=12931"},{"taxonomy":"product_cat","embeddable":true,"href":"http:\/\/ksiegarnia-akademicka.pl\/index.php\/wp-json\/wp\/v2\/product_cat?post=12931"},{"taxonomy":"product_tag","embeddable":true,"href":"http:\/\/ksiegarnia-akademicka.pl\/index.php\/wp-json\/wp\/v2\/product_tag?post=12931"}],"curies":[{"name":"wp","href":"https:\/\/api.w.org\/{rel}","templated":true}]}}