{"id":12927,"date":"2020-08-25T09:50:24","date_gmt":"2020-08-25T07:50:24","guid":{"rendered":"http:\/\/ksiegarnia-akademicka.pl\/?post_type=product&#038;p=12927"},"modified":"2020-08-25T09:54:52","modified_gmt":"2020-08-25T07:54:52","slug":"ustawa-o-ksztaltowaniu-ustroju-rolnego-komentarz","status":"publish","type":"product","link":"http:\/\/ksiegarnia-akademicka.pl\/index.php\/product\/ustawa-o-ksztaltowaniu-ustroju-rolnego-komentarz\/","title":{"rendered":"Ustawa o kszta\u0142towaniu ustroju rolnego Komentarz"},"content":{"rendered":"<p>Autor:<br \/>\nDorota \u0141obos-Kotowska<br \/>\nMarek Sta\u0144ko<br \/>\nWydawca: Wolters Kluwer<br \/>\nOprawa: Twarda<br \/>\nLiczba stron: 480<br \/>\nRok wydania: 2020<br \/>\nJ\u0119zyk wydania: polski<\/p>\n<p>Ksi\u0105\u017cka zawiera kompleksowy komentarz do znowelizowanej w kwietniu 2019 r. ustawy o kszta\u0142towaniu ustroju rolnego. Autorzy odnosz\u0105 si\u0119 do pogl\u0105d\u00f3w prezentowanych w literaturze przedmiotu, przedstawiaj\u0105 najnowszy dorobek judykatury, ale te\u017c nie unikaj\u0105 odpowiedzi na pytania, kt\u00f3re budz\u0105 powa\u017cne w\u0105tpliwo\u015bci interpretacyjne w praktyce stosowania prawa.<br \/>\nCzytelnicy odnajd\u0105 tu wyja\u015bnienia dotycz\u0105ce na przyk\u0142ad sposobu weryfikacji dokument\u00f3w i za\u015bwiadcze\u0144, analizy przys\u0142uguj\u0105cego prawa pierwokupu lub wykupu, skutk\u00f3w czynno\u015bci prawnych podejmowanych w trybie komentowanej ustawy.<br \/>\nPublikacja jest przeznaczona przede wszystkim dla notariuszy, pracownik\u00f3w administracji rolnej, w szczeg\u00f3lno\u015bci Krajowego O\u015brodka Wspierania Rolnictwa, oraz s\u0119dzi\u00f3w i referendarzy s\u0105d\u00f3w powszechnych.<\/p>\n","protected":false},"excerpt":{"rendered":"<p>Autor: Dorota \u0141obos-Kotowska Marek Sta\u0144ko Wydawca: Wolters Kluwer Oprawa: Twarda [&hellip;]<\/p>\n","protected":false},"featured_media":12928,"template":"","meta":[],"product_brand":[],"product_cat":[7492,7491,18,7634,39],"product_tag":[487,4439,1052],"class_list":{"0":"post-12927","1":"product","2":"type-product","3":"status-publish","4":"has-post-thumbnail","6":"product_cat-administracyjne","7":"product_cat-cywilne","8":"product_cat-prawo","9":"product_cat-rolnictwo","10":"product_cat-srodowisko-prawo-i-zarzadzanie","11":"product_tag-komentarze","12":"product_tag-prawo-o-ochronie-srodowiska","13":"product_tag-prawo-rolne","15":"first","16":"instock","17":"sale","18":"shipping-taxable","19":"purchasable","20":"product-type-simple"},"_links":{"self":[{"href":"http:\/\/ksiegarnia-akademicka.pl\/index.php\/wp-json\/wp\/v2\/product\/12927","targetHints":{"allow":["GET"]}}],"collection":[{"href":"http:\/\/ksiegarnia-akademicka.pl\/index.php\/wp-json\/wp\/v2\/product"}],"about":[{"href":"http:\/\/ksiegarnia-akademicka.pl\/index.php\/wp-json\/wp\/v2\/types\/product"}],"wp:featuredmedia":[{"embeddable":true,"href":"http:\/\/ksiegarnia-akademicka.pl\/index.php\/wp-json\/wp\/v2\/media\/12928"}],"wp:attachment":[{"href":"http:\/\/ksiegarnia-akademicka.pl\/index.php\/wp-json\/wp\/v2\/media?parent=12927"}],"wp:term":[{"taxonomy":"product_brand","embeddable":true,"href":"http:\/\/ksiegarnia-akademicka.pl\/index.php\/wp-json\/wp\/v2\/product_brand?post=12927"},{"taxonomy":"product_cat","embeddable":true,"href":"http:\/\/ksiegarnia-akademicka.pl\/index.php\/wp-json\/wp\/v2\/product_cat?post=12927"},{"taxonomy":"product_tag","embeddable":true,"href":"http:\/\/ksiegarnia-akademicka.pl\/index.php\/wp-json\/wp\/v2\/product_tag?post=12927"}],"curies":[{"name":"wp","href":"https:\/\/api.w.org\/{rel}","templated":true}]}}