{"id":12922,"date":"2020-08-25T09:38:09","date_gmt":"2020-08-25T07:38:09","guid":{"rendered":"http:\/\/ksiegarnia-akademicka.pl\/?post_type=product&#038;p=12922"},"modified":"2020-08-25T09:38:10","modified_gmt":"2020-08-25T07:38:10","slug":"zacznij-od-pythona-pierwsze-kroki-w-programowaniu","status":"publish","type":"product","link":"http:\/\/ksiegarnia-akademicka.pl\/index.php\/product\/zacznij-od-pythona-pierwsze-kroki-w-programowaniu\/","title":{"rendered":"Zacznij od Pythona Pierwsze kroki w programowaniu"},"content":{"rendered":"<p>Autor:<br \/>\nZofia Matusiewicz<br \/>\nWydawca: Helion<br \/>\nOprawa: Mi\u0119kka<br \/>\nFormat: 14.0&#215;21.0cm<br \/>\nLiczba stron: 188<br \/>\nRok wydania: 2020<br \/>\nJ\u0119zyk wydania: polski<\/p>\n<p>Dlaczego w\u0142a\u015bnie Python?<br \/>\nPierwsza odpowied\u017a, jaka si\u0119 nasuwa, jest do\u015b\u0107 oczywista: poniewa\u017c Python to jeden z najprostszych do nauki j\u0119zyk\u00f3w programowania. Najkr\u00f3tszy program zajmuje tylko JEDN\u0104 linijk\u0119. Z ma\u0142\u0105 pomoc\u0105 nauczyciela i naszego praktycznego zeszytu \u0107wicze\u0144 ka\u017cdy m\u0142ody adept sztuki programowania zdo\u0142a szybko opanowa\u0107 podstawy tego j\u0119zyka i zacz\u0105\u0107 w nim pisa\u0107 swoje pierwsze programy. Druga odpowied\u017a wydaje si\u0119 z pozoru zaprzecza\u0107 pierwszej. Bo cho\u0107 Python jest prosty, to drzemi\u0105 w nim wielkie mo\u017cliwo\u015bci. Korzystaj\u0105 z niego bowiem zar\u00f3wno pocz\u0105tkuj\u0105cy programi\u015bci, jak i biegli w swoim rzemio\u015ble developerzy aplikacji mobilnych i desktopowych, prowadzi si\u0119 w nim obliczenia zwi\u0105zane ze sztuczn\u0105 inteligencj\u0105, tworzy modu\u0142y dla operacji matematycznych, statystycznych oraz finansowych.<\/p>\n<p>Programi\u015bci Pythona nale\u017c\u0105 do najlepiej op\u0142acanych specjalist\u00f3w na \u015bwiecie!<\/p>\n<p>Wygl\u0105da na to, \u017ce przygod\u0119 z programowaniem faktycznie warto zacz\u0105\u0107 od Pythona. Dzi\u0119ki pracy z naszym praktycznym zeszytem:<\/p>\n<p>Poznasz software, w kt\u00f3rym b\u0119dziesz dzia\u0142a\u0107<br \/>\nOpanujesz podstawowe terminy, kt\u00f3rych u\u017cywaj\u0105 programi\u015bci Pythona<br \/>\nNauczysz si\u0119 wykonywa\u0107 rozmaite operacje w tym j\u0119zyku<br \/>\nZaczniesz kodowa\u0107!<br \/>\nO autorze<br \/>\nZofia Matusiewicz \u2014 z wykszta\u0142cenia doktor nauk matematycznych, z zami\u0142owania matematyczka, informatyczka i popularyzatorka programowania. Pracowa\u0142a na uczelni oraz w firmie jako programista. Obecnie pracuje jako nauczyciel w szkole i na uczelni. Jej najnowszym hobby jest popularyzacja informatyki \u2014 tej w pe\u0142ni rozumianej \u2014 w\u015br\u00f3d najm\u0142odszej grupy m\u0142odzie\u017cy. Na rower nie starcza jej czasu, a te\u017c zazwyczaj nie wsz\u0119dzie mo\u017ce go zabra\u0107 ze sob\u0105, wi\u0119c uczy si\u0119 je\u017adzi\u0107 na rolkach \u2014 co jest jej nowym wyzwaniem i pasj\u0105.<\/p>\n","protected":false},"excerpt":{"rendered":"<p>Autor: Zofia Matusiewicz Wydawca: Helion Oprawa: Mi\u0119kka Format: 14.0&#215;21.0cm Liczba [&hellip;]<\/p>\n","protected":false},"featured_media":12923,"template":"","meta":[],"product_brand":[],"product_cat":[36],"product_tag":[103,2733,7821],"class_list":{"0":"post-12922","1":"product","2":"type-product","3":"status-publish","4":"has-post-thumbnail","6":"product_cat-informatyka","7":"product_tag-informatyka","8":"product_tag-programowanie","9":"product_tag-python","11":"first","12":"instock","13":"sale","14":"shipping-taxable","15":"purchasable","16":"product-type-simple"},"_links":{"self":[{"href":"http:\/\/ksiegarnia-akademicka.pl\/index.php\/wp-json\/wp\/v2\/product\/12922","targetHints":{"allow":["GET"]}}],"collection":[{"href":"http:\/\/ksiegarnia-akademicka.pl\/index.php\/wp-json\/wp\/v2\/product"}],"about":[{"href":"http:\/\/ksiegarnia-akademicka.pl\/index.php\/wp-json\/wp\/v2\/types\/product"}],"wp:featuredmedia":[{"embeddable":true,"href":"http:\/\/ksiegarnia-akademicka.pl\/index.php\/wp-json\/wp\/v2\/media\/12923"}],"wp:attachment":[{"href":"http:\/\/ksiegarnia-akademicka.pl\/index.php\/wp-json\/wp\/v2\/media?parent=12922"}],"wp:term":[{"taxonomy":"product_brand","embeddable":true,"href":"http:\/\/ksiegarnia-akademicka.pl\/index.php\/wp-json\/wp\/v2\/product_brand?post=12922"},{"taxonomy":"product_cat","embeddable":true,"href":"http:\/\/ksiegarnia-akademicka.pl\/index.php\/wp-json\/wp\/v2\/product_cat?post=12922"},{"taxonomy":"product_tag","embeddable":true,"href":"http:\/\/ksiegarnia-akademicka.pl\/index.php\/wp-json\/wp\/v2\/product_tag?post=12922"}],"curies":[{"name":"wp","href":"https:\/\/api.w.org\/{rel}","templated":true}]}}