{"id":12918,"date":"2020-08-25T09:29:09","date_gmt":"2020-08-25T07:29:09","guid":{"rendered":"http:\/\/ksiegarnia-akademicka.pl\/?post_type=product&#038;p=12918"},"modified":"2024-12-05T08:23:14","modified_gmt":"2024-12-05T07:23:14","slug":"uzaleznienie-od-alkoholu-oblicza-problemu","status":"publish","type":"product","link":"http:\/\/ksiegarnia-akademicka.pl\/index.php\/product\/uzaleznienie-od-alkoholu-oblicza-problemu\/","title":{"rendered":"Uzale\u017cnienie od alkoholu Oblicza problemu"},"content":{"rendered":"<p>Autor:<br \/>\nJan Chodkiewicz<br \/>\nLidia Cierpia\u0142kowska<br \/>\nWydawca: Wydawnictwo Naukowe PWN<br \/>\nOprawa: Mi\u0119kka<br \/>\nFormat: 16.5&#215;23.5cm<br \/>\nLiczba stron: 440<br \/>\nWydanie: 1<br \/>\nRok wydania: 2020<br \/>\nJ\u0119zyk wydania: polski<\/p>\n<p>Alkohol jest najbardziej rozpowszechnion\u0105 na \u015bwiecie, legaln\u0105 substancj\u0105 psychoaktywn\u0105, kt\u00f3ra nie tylko przynosi ludziom poczucie przyjemno\u015bci i odpr\u0119\u017cenia, lecz tak\u017ce jest \u017ar\u00f3d\u0142em cierpienia dla pij\u0105cych i ich najbli\u017cszych.<br \/>\nMimo du\u017cej zmiany w rozumieniu zjawiska uzale\u017cnienia od alkoholu, nadal w r\u00f3\u017cnych \u015brodowiskach mo\u017cna si\u0119 spotka\u0107 z wieloma przes\u0105dami i stereotypami na ten temat (spo\u0142eczne odrzucenie os\u00f3b uzale\u017cnionych, uznawanie alkoholizmu za przejaw s\u0142abej woli lub charakteru, oczekiwanie, \u017ce alkoholik \u201ewe\u017amie si\u0119 w gar\u015b\u0107\u201d, opinia, \u017ce alkoholicy to osoby z \u201emarginesu spo\u0142ecznego\u201d).<br \/>\nUzale\u017cnienie od alkoholu. Oblicza problemu jest opracowaniem prezentuj\u0105cym wsp\u00f3\u0142czesn\u0105 wiedz\u0119 na temat uzale\u017cnienia od alkoholu, pochodz\u0105c\u0105 z bada\u0144 naukowych i obserwacji klinicznych.<br \/>\nCzytelnik znajdzie tu:<br \/>\nOm\u00f3wienie zjawiska normatywnego i nienormatywnego u\u017cywania alkoholu oraz opis skutk\u00f3w biologicznych i psychospo\u0142ecznych u\u017cywania tej substancji. Prezentacj\u0119 najwa\u017cniejszych bada\u0144 nad uwarunkowaniami alkoholizmu oraz om\u00f3wienie wybranych koncepcji wyja\u015bniaj\u0105cych etiopatogenez\u0119 i patomechanizmy utrzymywania si\u0119 zaburzenia u\u017cywania alkoholu. Analiz\u0119 post\u0119powania diagnostycznego oraz metod pomiaru stosowanych w badaniach przesiewowych i klinicznych \u2013 szczeg\u00f3ln\u0105 warto\u015bci\u0105 tej cz\u0119\u015bci jest prezentacja tre\u015bci na przyk\u0142adzie diagnozy pacjenta. Opis zjawisk, kt\u00f3re maj\u0105 istotne znaczenie dla przebiegu i obrazu klinicznego szkodliwego u\u017cywania alkoholu, bywaj\u0105 impulsem do rozpocz\u0119cia leczenia (zjawisko \u201epunktu zwrotnego\u201d albo \u201eosi\u0105gni\u0119cia dna\u201d). Prezentacj\u0119 r\u00f3\u017cnych koncepcji g\u0142odu alkoholowego oraz najbardziej aktualne wyniki bada\u0144 nad jego istot\u0105 i znaczeniem w przebiegu leczenia. Om\u00f3wienie najwa\u017cniejszych modeli terapii kr\u00f3tko- i \u015brednioterminowych szeroko stosowanych w leczeniu ambulatoryjnym i stacjonarnym alkoholik\u00f3w. Suplement dotycz\u0105cy bada\u0144 nad zmianami stylu picia, zw\u0142aszcza ilo\u015bci\u0105 i cz\u0119sto\u015bci\u0105 wypijanego alkoholu przez Polak\u00f3w w pierwszych miesi\u0105cach pandemii COVID-19.<\/p>\n","protected":false},"excerpt":{"rendered":"<p>Autor: Jan Chodkiewicz Lidia Cierpia\u0142kowska Wydawca: Wydawnictwo Naukowe PWN Oprawa: [&hellip;]<\/p>\n","protected":false},"featured_media":12919,"template":"","meta":[],"product_brand":[],"product_cat":[27,7509],"product_tag":[1186,1659,6994],"class_list":{"0":"post-12918","1":"product","2":"type-product","3":"status-publish","4":"has-post-thumbnail","6":"product_cat-nauki-spoleczne","7":"product_cat-psychologia","8":"product_tag-psychologia","9":"product_tag-psychoterapia","10":"product_tag-uzywki","12":"first","13":"instock","14":"sale","15":"shipping-taxable","16":"purchasable","17":"product-type-simple"},"_links":{"self":[{"href":"http:\/\/ksiegarnia-akademicka.pl\/index.php\/wp-json\/wp\/v2\/product\/12918","targetHints":{"allow":["GET"]}}],"collection":[{"href":"http:\/\/ksiegarnia-akademicka.pl\/index.php\/wp-json\/wp\/v2\/product"}],"about":[{"href":"http:\/\/ksiegarnia-akademicka.pl\/index.php\/wp-json\/wp\/v2\/types\/product"}],"wp:featuredmedia":[{"embeddable":true,"href":"http:\/\/ksiegarnia-akademicka.pl\/index.php\/wp-json\/wp\/v2\/media\/12919"}],"wp:attachment":[{"href":"http:\/\/ksiegarnia-akademicka.pl\/index.php\/wp-json\/wp\/v2\/media?parent=12918"}],"wp:term":[{"taxonomy":"product_brand","embeddable":true,"href":"http:\/\/ksiegarnia-akademicka.pl\/index.php\/wp-json\/wp\/v2\/product_brand?post=12918"},{"taxonomy":"product_cat","embeddable":true,"href":"http:\/\/ksiegarnia-akademicka.pl\/index.php\/wp-json\/wp\/v2\/product_cat?post=12918"},{"taxonomy":"product_tag","embeddable":true,"href":"http:\/\/ksiegarnia-akademicka.pl\/index.php\/wp-json\/wp\/v2\/product_tag?post=12918"}],"curies":[{"name":"wp","href":"https:\/\/api.w.org\/{rel}","templated":true}]}}