{"id":12861,"date":"2020-08-24T10:52:43","date_gmt":"2020-08-24T08:52:43","guid":{"rendered":"http:\/\/ksiegarnia-akademicka.pl\/?post_type=product&#038;p=12861"},"modified":"2020-08-24T10:52:44","modified_gmt":"2020-08-24T08:52:44","slug":"emerytury-2020-kto-i-z-czego-moze-skorzystac","status":"publish","type":"product","link":"http:\/\/ksiegarnia-akademicka.pl\/index.php\/product\/emerytury-2020-kto-i-z-czego-moze-skorzystac\/","title":{"rendered":"Emerytury 2020. Kto i z czego mo\u017ce skorzysta\u0107"},"content":{"rendered":"<p>Autor:<br \/>\nRenata Gaw\u0119cka<br \/>\nRedakcja: Trojanowska Krystyna<br \/>\nWydawca: Wiedza i Praktyka<br \/>\nOprawa: Mi\u0119kka<br \/>\nLiczba stron: 164<br \/>\nRok wydania: 2020<br \/>\nJ\u0119zyk wydania: polski<\/p>\n<p>Niniejsza publikacja jest skierowana zar\u00f3wno do pracodawc\u00f3w, omawiaj\u0105c krok po kroku ich obowi\u0105zki, wobec pracownik\u00f3w podczas stara\u0144 o o \u015bwiadczenia emerytalno \u2013 rentowe, jak i do samych ubezpieczonych, wskazuj\u0105c obowi\u0105zuj\u0105ce zasady przechodzenia na emerytur\u0119, uwzgl\u0119dniaj\u0105c najnowsze zmiany w ustawie emerytalnej.<\/p>\n","protected":false},"excerpt":{"rendered":"<p>Autor: Renata Gaw\u0119cka Redakcja: Trojanowska Krystyna Wydawca: Wiedza i Praktyka [&hellip;]<\/p>\n","protected":false},"featured_media":12862,"template":"","meta":[],"product_brand":[],"product_cat":[18,7550,21],"product_tag":[8022,793,649],"class_list":{"0":"post-12861","1":"product","2":"type-product","3":"status-publish","4":"has-post-thumbnail","6":"product_cat-prawo","7":"product_cat-prawo-pracy","8":"product_cat-ubezpieczenia","9":"product_tag-emerytury","10":"product_tag-prawo-pracy","11":"product_tag-prawo-ubezpieczen-spolecznych","13":"first","14":"instock","15":"sale","16":"shipping-taxable","17":"purchasable","18":"product-type-simple"},"_links":{"self":[{"href":"http:\/\/ksiegarnia-akademicka.pl\/index.php\/wp-json\/wp\/v2\/product\/12861","targetHints":{"allow":["GET"]}}],"collection":[{"href":"http:\/\/ksiegarnia-akademicka.pl\/index.php\/wp-json\/wp\/v2\/product"}],"about":[{"href":"http:\/\/ksiegarnia-akademicka.pl\/index.php\/wp-json\/wp\/v2\/types\/product"}],"wp:featuredmedia":[{"embeddable":true,"href":"http:\/\/ksiegarnia-akademicka.pl\/index.php\/wp-json\/wp\/v2\/media\/12862"}],"wp:attachment":[{"href":"http:\/\/ksiegarnia-akademicka.pl\/index.php\/wp-json\/wp\/v2\/media?parent=12861"}],"wp:term":[{"taxonomy":"product_brand","embeddable":true,"href":"http:\/\/ksiegarnia-akademicka.pl\/index.php\/wp-json\/wp\/v2\/product_brand?post=12861"},{"taxonomy":"product_cat","embeddable":true,"href":"http:\/\/ksiegarnia-akademicka.pl\/index.php\/wp-json\/wp\/v2\/product_cat?post=12861"},{"taxonomy":"product_tag","embeddable":true,"href":"http:\/\/ksiegarnia-akademicka.pl\/index.php\/wp-json\/wp\/v2\/product_tag?post=12861"}],"curies":[{"name":"wp","href":"https:\/\/api.w.org\/{rel}","templated":true}]}}