{"id":12835,"date":"2020-08-24T09:27:30","date_gmt":"2020-08-24T07:27:30","guid":{"rendered":"http:\/\/ksiegarnia-akademicka.pl\/?post_type=product&#038;p=12835"},"modified":"2020-08-24T09:27:30","modified_gmt":"2020-08-24T07:27:30","slug":"zlozonosc-materialnego-prawa-administracyjnego-t-ii","status":"publish","type":"product","link":"http:\/\/ksiegarnia-akademicka.pl\/index.php\/product\/zlozonosc-materialnego-prawa-administracyjnego-t-ii\/","title":{"rendered":"Z\u0142o\u017cono\u015b\u0107 materialnego prawa administracyjnego T.II"},"content":{"rendered":"<p>Wydawnictwo UTH<br \/>\nRok wydania 2020<br \/>\nSeria Monografie UTH<\/p>\n<p>Monografia porusza szerokie spektrum zagadnie\u0144 z zakresu materialnego prawa administracyjnego (m.in.: analiza zada\u0144 samorz\u0105du terytorialnego z zakresu ochrony zdrowia w Polsce; odpowiedzialno\u015b\u0107 za szkod\u0119 wyrz\u0105dzon\u0105 dzia\u0142aniem w\u0142adzy publicznej; pozycja ustawowa i zadania ministra kieruj\u0105cego dzia\u0142em administracji rz\u0105dowej; problematyka sankcji w materialnym prawie administracyjnym; etyka urz\u0119dnicza.)<\/p>\n","protected":false},"excerpt":{"rendered":"<p>Wydawnictwo UTH Rok wydania 2020 Seria Monografie UTH Monografia porusza [&hellip;]<\/p>\n","protected":false},"featured_media":12836,"template":"","meta":[],"product_brand":[],"product_cat":[8018,43],"product_tag":[1008,6402],"class_list":{"0":"post-12835","1":"product","2":"type-product","3":"status-publish","4":"has-post-thumbnail","6":"product_cat-prawo-i-administracja","7":"product_cat-wydawnictwo-uth","8":"product_tag-prawo","9":"product_tag-seria-monografie-uth","11":"first","12":"instock","13":"shipping-taxable","14":"purchasable","15":"product-type-simple"},"_links":{"self":[{"href":"http:\/\/ksiegarnia-akademicka.pl\/index.php\/wp-json\/wp\/v2\/product\/12835","targetHints":{"allow":["GET"]}}],"collection":[{"href":"http:\/\/ksiegarnia-akademicka.pl\/index.php\/wp-json\/wp\/v2\/product"}],"about":[{"href":"http:\/\/ksiegarnia-akademicka.pl\/index.php\/wp-json\/wp\/v2\/types\/product"}],"wp:featuredmedia":[{"embeddable":true,"href":"http:\/\/ksiegarnia-akademicka.pl\/index.php\/wp-json\/wp\/v2\/media\/12836"}],"wp:attachment":[{"href":"http:\/\/ksiegarnia-akademicka.pl\/index.php\/wp-json\/wp\/v2\/media?parent=12835"}],"wp:term":[{"taxonomy":"product_brand","embeddable":true,"href":"http:\/\/ksiegarnia-akademicka.pl\/index.php\/wp-json\/wp\/v2\/product_brand?post=12835"},{"taxonomy":"product_cat","embeddable":true,"href":"http:\/\/ksiegarnia-akademicka.pl\/index.php\/wp-json\/wp\/v2\/product_cat?post=12835"},{"taxonomy":"product_tag","embeddable":true,"href":"http:\/\/ksiegarnia-akademicka.pl\/index.php\/wp-json\/wp\/v2\/product_tag?post=12835"}],"curies":[{"name":"wp","href":"https:\/\/api.w.org\/{rel}","templated":true}]}}