{"id":12811,"date":"2020-07-22T09:01:34","date_gmt":"2020-07-22T07:01:34","guid":{"rendered":"http:\/\/ksiegarnia-akademicka.pl\/?post_type=product&#038;p=12811"},"modified":"2024-12-05T08:25:41","modified_gmt":"2024-12-05T07:25:41","slug":"dobra-wiara-w-podatku-od-wartosci-dodanej","status":"publish","type":"product","link":"http:\/\/ksiegarnia-akademicka.pl\/index.php\/product\/dobra-wiara-w-podatku-od-wartosci-dodanej\/","title":{"rendered":"Dobra wiara w podatku od warto\u015bci dodanej"},"content":{"rendered":"<p>Autor:<br \/>\nPawe\u0142 Grzybowski<br \/>\nWydawca: Wolters Kluwer<br \/>\nOprawa: Twarda<br \/>\nLiczba stron: 356<br \/>\nWydanie: 1<br \/>\nRok wydania: 2020<br \/>\nJ\u0119zyk wydania: polski<\/p>\n<p>Koncepcja dobrej wiary stworzona zosta\u0142a w orzecznictwie Trybuna\u0142u Sprawiedliwo\u015bci Unii Europejskiej. W dobrej wierze pozostaje wy\u0142\u0105cznie podatnik, kt\u00f3ry nie wiedzia\u0142 lub przy zachowaniu nale\u017cytej staranno\u015bci nie m\u00f3g\u0142 dowiedzie\u0107 si\u0119 o tym, \u017ce uczestniczy w transakcji, kt\u00f3ra wi\u0105\u017ce si\u0119 z nadu\u017cyciem lub oszustwem w zakresie podatku od warto\u015bci dodanej. Takiego podatnika, mimo \u017ce uczestniczy on w transakcji stanowi\u0105cej oszustwo lub nadu\u017cycie, nie mo\u017cna pozbawi\u0107 okre\u015blonego rodzaju uprawnienia, np. prawa do odliczenia podatku naliczonego.<br \/>\nPrezentowana publikacja stanowi analiz\u0119 koncepcji dobrej wiary prowadzon\u0105 z punktu widzenia normatywnej konstrukcji podatku od warto\u015bci dodanej. Wskazuje przy tym na:<br \/>\n&#8211; materialnoprawny aspekt dobrej wiary \u2013 kiedy jej dowodzi\u0107,<br \/>\n&#8211; formalnoprawny aspekt dobrej wiary \u2013 jak jej dowodzi\u0107.<\/p>\n","protected":false},"excerpt":{"rendered":"<p>Autor: Pawe\u0142 Grzybowski Wydawca: Wolters Kluwer Oprawa: Twarda Liczba stron: [&hellip;]<\/p>\n","protected":false},"featured_media":12812,"template":"","meta":[],"product_brand":[],"product_cat":[22],"product_tag":[1055,1549],"class_list":{"0":"post-12811","1":"product","2":"type-product","3":"status-publish","4":"has-post-thumbnail","6":"product_cat-podatki-i-prawo-podatkowe","7":"product_tag-prawo-podatkowe","8":"product_tag-vat","10":"first","11":"instock","12":"sale","13":"shipping-taxable","14":"purchasable","15":"product-type-simple"},"_links":{"self":[{"href":"http:\/\/ksiegarnia-akademicka.pl\/index.php\/wp-json\/wp\/v2\/product\/12811","targetHints":{"allow":["GET"]}}],"collection":[{"href":"http:\/\/ksiegarnia-akademicka.pl\/index.php\/wp-json\/wp\/v2\/product"}],"about":[{"href":"http:\/\/ksiegarnia-akademicka.pl\/index.php\/wp-json\/wp\/v2\/types\/product"}],"wp:featuredmedia":[{"embeddable":true,"href":"http:\/\/ksiegarnia-akademicka.pl\/index.php\/wp-json\/wp\/v2\/media\/12812"}],"wp:attachment":[{"href":"http:\/\/ksiegarnia-akademicka.pl\/index.php\/wp-json\/wp\/v2\/media?parent=12811"}],"wp:term":[{"taxonomy":"product_brand","embeddable":true,"href":"http:\/\/ksiegarnia-akademicka.pl\/index.php\/wp-json\/wp\/v2\/product_brand?post=12811"},{"taxonomy":"product_cat","embeddable":true,"href":"http:\/\/ksiegarnia-akademicka.pl\/index.php\/wp-json\/wp\/v2\/product_cat?post=12811"},{"taxonomy":"product_tag","embeddable":true,"href":"http:\/\/ksiegarnia-akademicka.pl\/index.php\/wp-json\/wp\/v2\/product_tag?post=12811"}],"curies":[{"name":"wp","href":"https:\/\/api.w.org\/{rel}","templated":true}]}}