{"id":12715,"date":"2020-04-30T11:30:15","date_gmt":"2020-04-30T09:30:15","guid":{"rendered":"http:\/\/ksiegarnia-akademicka.pl\/?post_type=product&#038;p=12715"},"modified":"2020-04-30T11:30:16","modified_gmt":"2020-04-30T09:30:16","slug":"komunikowanie-sie-z-chorym-psychicznie","status":"publish","type":"product","link":"http:\/\/ksiegarnia-akademicka.pl\/index.php\/product\/komunikowanie-sie-z-chorym-psychicznie\/","title":{"rendered":"Komunikowanie si\u0119 z chorym psychicznie"},"content":{"rendered":"<p>Autor:<br \/>\nEwa Wilczek-Ru\u017cyczka<br \/>\nWydawca: PZWL<br \/>\nOprawa: Mi\u0119kka<br \/>\nFormat: 16.5&#215;23.5cm<br \/>\nLiczba stron: 135<br \/>\nWydanie: 2<br \/>\nRok wydania: 2020<br \/>\nJ\u0119zyk wydania: polski<\/p>\n<p>Ksi\u0105\u017cka jest skierowana do wszystkich os\u00f3b, kt\u00f3re chc\u0105 pomaga\u0107 chorym psychicznie, r\u00f3wnie\u017c do student\u00f3w kierunk\u00f3w medycznych i humanistycznych. W poszczeg\u00f3lnych rozdzia\u0142ach om\u00f3wiono zar\u00f3wno podstawy teoretyczne komunikowania si\u0119, jak i jego specyfik\u0119 w przypadku os\u00f3b z r\u00f3\u017cnymi zaburzeniami psychicznymi. Ponadto przedstawiono problemy i sytuacj\u0119 tych os\u00f3b w rodzinie i spo\u0142ecze\u0144stwie, z uwzgl\u0119dnieniem aspekt\u00f3w etycznych i prawnych.<\/p>\n","protected":false},"excerpt":{"rendered":"<p>Autor: Ewa Wilczek-Ru\u017cyczka Wydawca: PZWL Oprawa: Mi\u0119kka Format: 16.5&#215;23.5cm Liczba [&hellip;]<\/p>\n","protected":false},"featured_media":12716,"template":"","meta":[],"product_brand":[],"product_cat":[7493,27,7509],"product_tag":[1665,1186],"class_list":{"0":"post-12715","1":"product","2":"type-product","3":"status-publish","4":"has-post-thumbnail","6":"product_cat-medycyna","7":"product_cat-nauki-spoleczne","8":"product_cat-psychologia","9":"product_tag-psychiatria","10":"product_tag-psychologia","12":"first","13":"instock","14":"sale","15":"shipping-taxable","16":"purchasable","17":"product-type-simple"},"_links":{"self":[{"href":"http:\/\/ksiegarnia-akademicka.pl\/index.php\/wp-json\/wp\/v2\/product\/12715","targetHints":{"allow":["GET"]}}],"collection":[{"href":"http:\/\/ksiegarnia-akademicka.pl\/index.php\/wp-json\/wp\/v2\/product"}],"about":[{"href":"http:\/\/ksiegarnia-akademicka.pl\/index.php\/wp-json\/wp\/v2\/types\/product"}],"wp:featuredmedia":[{"embeddable":true,"href":"http:\/\/ksiegarnia-akademicka.pl\/index.php\/wp-json\/wp\/v2\/media\/12716"}],"wp:attachment":[{"href":"http:\/\/ksiegarnia-akademicka.pl\/index.php\/wp-json\/wp\/v2\/media?parent=12715"}],"wp:term":[{"taxonomy":"product_brand","embeddable":true,"href":"http:\/\/ksiegarnia-akademicka.pl\/index.php\/wp-json\/wp\/v2\/product_brand?post=12715"},{"taxonomy":"product_cat","embeddable":true,"href":"http:\/\/ksiegarnia-akademicka.pl\/index.php\/wp-json\/wp\/v2\/product_cat?post=12715"},{"taxonomy":"product_tag","embeddable":true,"href":"http:\/\/ksiegarnia-akademicka.pl\/index.php\/wp-json\/wp\/v2\/product_tag?post=12715"}],"curies":[{"name":"wp","href":"https:\/\/api.w.org\/{rel}","templated":true}]}}