{"id":12676,"date":"2020-04-17T12:31:42","date_gmt":"2020-04-17T10:31:42","guid":{"rendered":"http:\/\/ksiegarnia-akademicka.pl\/?post_type=product&#038;p=12676"},"modified":"2020-04-17T12:31:43","modified_gmt":"2020-04-17T10:31:43","slug":"opodatkowanie-infrastruktury-podatkiem-od-nieruchomosci","status":"publish","type":"product","link":"http:\/\/ksiegarnia-akademicka.pl\/index.php\/product\/opodatkowanie-infrastruktury-podatkiem-od-nieruchomosci\/","title":{"rendered":"Opodatkowanie infrastruktury podatkiem od nieruchomo\u015bci"},"content":{"rendered":"<p>Autor:<br \/>\nAdam Ka\u0142\u0105\u017cny<br \/>\nWydawca: Wolters Kluwer<br \/>\nOprawa: Twarda<br \/>\nFormat: 15.0&#215;21.0cm<br \/>\nLiczba stron: 336<br \/>\nWydanie: 1<br \/>\nRok wydania: 2020<br \/>\nJ\u0119zyk wydania: polski<\/p>\n<p>Podatek od nieruchomo\u015bci, kt\u00f3ry w Polsce jest bardzo istotnym kosztem obci\u0105\u017caj\u0105cym prowadzenie dzia\u0142alno\u015bci gospodarczej (znacz\u0105cym na tle innych pa\u0144stw europejskich), zosta\u0142 uregulowany za pomoc\u0105 budz\u0105cych du\u017ce w\u0105tpliwo\u015bci interpretacyjne przepis\u00f3w.<br \/>\nPublikacja zawiera:<br \/>\n&#8211; analiz\u0119 opodatkowania podatkiem od nieruchomo\u015bci r\u00f3\u017cnych rodzaj\u00f3w infrastruktury,<br \/>\n&#8211; por\u00f3wnanie regulacji polskich z analogicznymi przepisami obowi\u0105zuj\u0105cymi w wybranych pa\u0144stwach europejskich,<br \/>\n&#8211; wyja\u015bnienia trudno\u015bci interpretacyjnych, z kt\u00f3rymi zmagaj\u0105 si\u0119 podatnicy, organy podatkowe, s\u0119dziowie,<br \/>\n&#8211; propozycje zmian w przepisach u\u0142atwiaj\u0105cych funkcjonowanie tego podatku.<br \/>\nW opracowaniu przedstawiono m.in.:<br \/>\n&#8211; charakterystyk\u0119 polskiego systemu podatku od nieruchomo\u015bci,<br \/>\n&#8211; najwa\u017cniejsze zasady dotycz\u0105ce wyk\u0142adni przepis\u00f3w prawa podatkowego,<br \/>\n&#8211; szczeg\u00f3\u0142owe om\u00f3wienie przepis\u00f3w reguluj\u0105cych opodatkowanie i preferencje podatkowe dla infrastruktury (uwzgl\u0119dniaj\u0105c szczeg\u00f3\u0142y procesu legislacyjnego oraz aktualne orzecznictwo),<br \/>\n&#8211; zasady dotycz\u0105ce stanowienia prawa podatkowego w kontek\u015bcie regulacji z zakresu pomocy publicznej.<\/p>\n","protected":false},"excerpt":{"rendered":"<p>Autor: Adam Ka\u0142\u0105\u017cny Wydawca: Wolters Kluwer Oprawa: Twarda Format: 15.0&#215;21.0cm [&hellip;]<\/p>\n","protected":false},"featured_media":12677,"template":"","meta":[],"product_brand":[],"product_cat":[34,22],"product_tag":[705,355,1055],"class_list":{"0":"post-12676","1":"product","2":"type-product","3":"status-publish","4":"has-post-thumbnail","6":"product_cat-nieruchomosci","7":"product_cat-podatki-i-prawo-podatkowe","8":"product_tag-nieruchomosci","9":"product_tag-podatki","10":"product_tag-prawo-podatkowe","12":"first","13":"instock","14":"sale","15":"shipping-taxable","16":"purchasable","17":"product-type-simple"},"_links":{"self":[{"href":"http:\/\/ksiegarnia-akademicka.pl\/index.php\/wp-json\/wp\/v2\/product\/12676","targetHints":{"allow":["GET"]}}],"collection":[{"href":"http:\/\/ksiegarnia-akademicka.pl\/index.php\/wp-json\/wp\/v2\/product"}],"about":[{"href":"http:\/\/ksiegarnia-akademicka.pl\/index.php\/wp-json\/wp\/v2\/types\/product"}],"wp:featuredmedia":[{"embeddable":true,"href":"http:\/\/ksiegarnia-akademicka.pl\/index.php\/wp-json\/wp\/v2\/media\/12677"}],"wp:attachment":[{"href":"http:\/\/ksiegarnia-akademicka.pl\/index.php\/wp-json\/wp\/v2\/media?parent=12676"}],"wp:term":[{"taxonomy":"product_brand","embeddable":true,"href":"http:\/\/ksiegarnia-akademicka.pl\/index.php\/wp-json\/wp\/v2\/product_brand?post=12676"},{"taxonomy":"product_cat","embeddable":true,"href":"http:\/\/ksiegarnia-akademicka.pl\/index.php\/wp-json\/wp\/v2\/product_cat?post=12676"},{"taxonomy":"product_tag","embeddable":true,"href":"http:\/\/ksiegarnia-akademicka.pl\/index.php\/wp-json\/wp\/v2\/product_tag?post=12676"}],"curies":[{"name":"wp","href":"https:\/\/api.w.org\/{rel}","templated":true}]}}