{"id":12640,"date":"2020-04-17T11:14:35","date_gmt":"2020-04-17T09:14:35","guid":{"rendered":"http:\/\/ksiegarnia-akademicka.pl\/?post_type=product&#038;p=12640"},"modified":"2020-04-17T11:14:35","modified_gmt":"2020-04-17T09:14:35","slug":"kodeks-spolek-handlowych-ze-schematami","status":"publish","type":"product","link":"http:\/\/ksiegarnia-akademicka.pl\/index.php\/product\/kodeks-spolek-handlowych-ze-schematami\/","title":{"rendered":"Kodeks sp\u00f3\u0142ek handlowych ze schematami"},"content":{"rendered":"<p>Autor:<br \/>\n\u0141ukasz Zamojski<br \/>\nWydawca: Wolters Kluwer<br \/>\nOprawa: Mi\u0119kka<br \/>\nLiczba stron: 456<br \/>\nWydanie: 5<br \/>\nRok wydania: 2020<br \/>\nJ\u0119zyk wydania: polski<\/p>\n<p>Publikacja zawiera schematy i tekst ustawy \u2013 Kodeks sp\u00f3\u0142ek handlowych wraz z wykazem akt\u00f3w zmieniaj\u0105cych. Uwzgl\u0119dniono zmiany stanu prawnego wynikaj\u0105ce m.in. z ustawy z 13 lutego 2020 r. o zmianie ustawy \u2013 Kodeks post\u0119powania cywilnego oraz niekt\u00f3rych innych ustaw (Dz.U. poz. 288).<br \/>\nSchematy przedstawiaj\u0105 w formie graficznej powi\u0105zania miedzy poszczeg\u00f3lnymi unormowaniami. To nowatorskie rozwi\u0105zanie \u2013 swoista mapa Kodeksu \u2013 z pewno\u015bci\u0105 u\u0142atwi Czytelnikowi poruszanie si\u0119 w g\u0105szczu przepis\u00f3w ustawy.<br \/>\nArtyku\u0142y Kodeksu zosta\u0142y opatrzone tytu\u0142ami obja\u015bniaj\u0105cymi ich sens. W publikacji zamieszczono r\u00f3wnie\u017c skorowidz przedmiotowy u\u0142atwiaj\u0105cy odnalezienie poszczeg\u00f3lnych instytucji.<\/p>\n","protected":false},"excerpt":{"rendered":"<p>Autor: \u0141ukasz Zamojski Wydawca: Wolters Kluwer Oprawa: Mi\u0119kka Liczba stron: [&hellip;]<\/p>\n","protected":false},"featured_media":12641,"template":"","meta":[],"product_brand":[],"product_cat":[7495,18],"product_tag":[746,429],"class_list":{"0":"post-12640","1":"product","2":"type-product","3":"status-publish","4":"has-post-thumbnail","6":"product_cat-gospodarcze-i-handlowe","7":"product_cat-prawo","8":"product_tag-kodeks-spolek-handlowych","9":"product_tag-prawo-handlowe","11":"first","12":"instock","13":"sale","14":"shipping-taxable","15":"purchasable","16":"product-type-simple"},"_links":{"self":[{"href":"http:\/\/ksiegarnia-akademicka.pl\/index.php\/wp-json\/wp\/v2\/product\/12640","targetHints":{"allow":["GET"]}}],"collection":[{"href":"http:\/\/ksiegarnia-akademicka.pl\/index.php\/wp-json\/wp\/v2\/product"}],"about":[{"href":"http:\/\/ksiegarnia-akademicka.pl\/index.php\/wp-json\/wp\/v2\/types\/product"}],"wp:featuredmedia":[{"embeddable":true,"href":"http:\/\/ksiegarnia-akademicka.pl\/index.php\/wp-json\/wp\/v2\/media\/12641"}],"wp:attachment":[{"href":"http:\/\/ksiegarnia-akademicka.pl\/index.php\/wp-json\/wp\/v2\/media?parent=12640"}],"wp:term":[{"taxonomy":"product_brand","embeddable":true,"href":"http:\/\/ksiegarnia-akademicka.pl\/index.php\/wp-json\/wp\/v2\/product_brand?post=12640"},{"taxonomy":"product_cat","embeddable":true,"href":"http:\/\/ksiegarnia-akademicka.pl\/index.php\/wp-json\/wp\/v2\/product_cat?post=12640"},{"taxonomy":"product_tag","embeddable":true,"href":"http:\/\/ksiegarnia-akademicka.pl\/index.php\/wp-json\/wp\/v2\/product_tag?post=12640"}],"curies":[{"name":"wp","href":"https:\/\/api.w.org\/{rel}","templated":true}]}}