{"id":12626,"date":"2020-04-15T11:21:36","date_gmt":"2020-04-15T09:21:36","guid":{"rendered":"http:\/\/ksiegarnia-akademicka.pl\/?post_type=product&#038;p=12626"},"modified":"2020-04-15T11:21:37","modified_gmt":"2020-04-15T09:21:37","slug":"studia-o-wasiliju-kandinskim-i-grupie-der-blaue-reiter","status":"publish","type":"product","link":"http:\/\/ksiegarnia-akademicka.pl\/index.php\/product\/studia-o-wasiliju-kandinskim-i-grupie-der-blaue-reiter\/","title":{"rendered":"Studia o Wasiliju Kandinskim i grupie Der Blaue Reiter"},"content":{"rendered":"<p>Autor:<br \/>\nzbiorowa praca<br \/>\nWydawca: Tako<br \/>\nOprawa: Twarda<br \/>\nFormat: 17.0&#215;24.0cm<br \/>\nLiczba stron: 332<br \/>\nRok wydania: 2019<br \/>\nJ\u0119zyk wydania: polski<\/p>\n<p>W pierwszej cz\u0119\u015bci publikacji, \u201eRealizm eschatologiczny rosyjskiego symbolisty Wasilija Kandinskiego\u201d dowiadujemy si\u0119 o dzia\u0142alno\u015bci artystycznej i teoretycznej Wasilija Kandinskiego, szczeg\u00f3lnie podkre\u015blone zosta\u0142y zwi\u0105zki tw\u00f3rcy z kr\u0119gami rosyjskich symbolist\u00f3w oraz stowarzyszenia Mir Iskusstwa, kt\u00f3re okre\u015bli\u0142y jego tw\u00f3rczo\u015b\u0107, a analiza ikonograficzna ujawni\u0142a nowe jej w\u0105tki.<br \/>\nCz\u0119\u015b\u0107 druga \u201eDer Blaue Reiter: totemizm i awangarda\u201d to analiza dzia\u0142alno\u015b\u0107 grupy, pos\u0142uguj\u0105ca si\u0119 antropologicznym poj\u0119ciem totemizmu. Autor omawia etnograficzne zainteresowania Wasilija Kandinskiego oraz Franza Marca, prymitywny wymiar \u017cycia w Murnau i Sindelsdorfie, wizj\u0119 tw\u00f3rczo\u015bci w publikacjach Kandinskiego oraz modele obrazu bezprzedmiotowego i zwierz\u0119cego. Stworzyli oni rodzaj klanu totemicznego, pos\u0142uguj\u0105c si\u0119 jako totemem \u2013 b\u0142\u0119kitnym je\u017ad\u017acem.<\/p>\n","protected":false},"excerpt":{"rendered":"<p>Autor: zbiorowa praca Wydawca: Tako Oprawa: Twarda Format: 17.0&#215;24.0cm Liczba [&hellip;]<\/p>\n","protected":false},"featured_media":12627,"template":"","meta":[],"product_brand":[],"product_cat":[7824],"product_tag":[8004,8005],"class_list":{"0":"post-12626","1":"product","2":"type-product","3":"status-publish","4":"has-post-thumbnail","6":"product_cat-malarstwo","7":"product_tag-historia-malarstwa","8":"product_tag-wasilij-kandinski","10":"first","11":"instock","12":"sale","13":"shipping-taxable","14":"purchasable","15":"product-type-simple"},"_links":{"self":[{"href":"http:\/\/ksiegarnia-akademicka.pl\/index.php\/wp-json\/wp\/v2\/product\/12626","targetHints":{"allow":["GET"]}}],"collection":[{"href":"http:\/\/ksiegarnia-akademicka.pl\/index.php\/wp-json\/wp\/v2\/product"}],"about":[{"href":"http:\/\/ksiegarnia-akademicka.pl\/index.php\/wp-json\/wp\/v2\/types\/product"}],"wp:featuredmedia":[{"embeddable":true,"href":"http:\/\/ksiegarnia-akademicka.pl\/index.php\/wp-json\/wp\/v2\/media\/12627"}],"wp:attachment":[{"href":"http:\/\/ksiegarnia-akademicka.pl\/index.php\/wp-json\/wp\/v2\/media?parent=12626"}],"wp:term":[{"taxonomy":"product_brand","embeddable":true,"href":"http:\/\/ksiegarnia-akademicka.pl\/index.php\/wp-json\/wp\/v2\/product_brand?post=12626"},{"taxonomy":"product_cat","embeddable":true,"href":"http:\/\/ksiegarnia-akademicka.pl\/index.php\/wp-json\/wp\/v2\/product_cat?post=12626"},{"taxonomy":"product_tag","embeddable":true,"href":"http:\/\/ksiegarnia-akademicka.pl\/index.php\/wp-json\/wp\/v2\/product_tag?post=12626"}],"curies":[{"name":"wp","href":"https:\/\/api.w.org\/{rel}","templated":true}]}}