{"id":12591,"date":"2020-04-14T13:15:41","date_gmt":"2020-04-14T11:15:41","guid":{"rendered":"http:\/\/ksiegarnia-akademicka.pl\/?post_type=product&#038;p=12591"},"modified":"2020-04-14T13:15:41","modified_gmt":"2020-04-14T11:15:41","slug":"c-zacznij-programowac-begin-to-code-with-c","status":"publish","type":"product","link":"http:\/\/ksiegarnia-akademicka.pl\/index.php\/product\/c-zacznij-programowac-begin-to-code-with-c\/","title":{"rendered":"C# Zacznij programowa\u0107! Begin to Code with C#"},"content":{"rendered":"<p>Autor:<br \/>\nRob Miles<br \/>\nT\u0142umacze: Lachowski Lech<br \/>\nWydawca: Helion<br \/>\nOprawa: Mi\u0119kka<br \/>\nFormat: 20.0&#215;22.5cm<br \/>\nLiczba stron: 472<br \/>\nRok wydania: 2020<br \/>\nJ\u0119zyk wydania: polski<\/p>\n<p>Pierwsze kroki w programowaniu bywaj\u0105 frustruj\u0105ce. Wszystko wydaje si\u0119 jasne i proste, ale tylko do pierwszych pr\u00f3b skompilowania kodu. P\u00f3\u0142ki ksi\u0119gar\u0144 uginaj\u0105 si\u0119 pod ci\u0119\u017carem podr\u0119cznik\u00f3w programowania w r\u00f3\u017cnych j\u0119zykach, jednak wi\u0119kszo\u015b\u0107 nie u\u0142atwia nauki podstaw, kt\u00f3re s\u0105 absolutnie niezb\u0119dne ka\u017cdemu koderowi. Spo\u015br\u00f3d licznych j\u0119zyk\u00f3w programowania C# jest wart szczeg\u00f3lnej uwagi. To dojrza\u0142y j\u0119zyk, wyj\u0105tkowo wszechstronny i prosty w stosowaniu, dzi\u0119ki czemu jest ulubionym narz\u0119dziem profesjonalist\u00f3w. Ponadto z uwagi na inne w\u0142a\u015bciwo\u015bci stanowi idealny wyb\u00f3r dla pocz\u0105tkuj\u0105cych koder\u00f3w, gdy\u017c u\u0142atwia kszta\u0142towanie dobrych nawyk\u00f3w.<br \/>\nTo ksi\u0105\u017cka dla ka\u017cdego, kto chce osi\u0105gn\u0105\u0107 programistyczne o\u015bwiecenie! Jest napisana w innowacyjny spos\u00f3b, przyjaznym i zrozumia\u0142ym j\u0119zykiem, aby ka\u017cdy adept programowania zdoby\u0142 wiedz\u0119 i umiej\u0119tno\u015bci potrzebne do pisania dobrego, u\u017cytecznego kodu. Dzi\u0119ki niej nauczysz si\u0119 my\u015ble\u0107 jak zawodowy programista. Poza przydatnymi informacjami znajdziesz tu szereg praktycznych \u0107wicze\u0144 i przyk\u0142ad\u00f3w kodu. Nie zabrak\u0142o r\u00f3wnie\u017c bardzo istotnych wskaz\u00f3wek dotycz\u0105cych potencjalnych problem\u00f3w i technik ich rozwi\u0105zywania. Tam, gdzie to potrzebne, dok\u0142adnie opisano, kt\u00f3re elementy mog\u0105 zawie\u015b\u0107 i na co nale\u017cy zwr\u00f3ci\u0107 uwag\u0119. Podr\u0119cznik zosta\u0142 przygotowany tak, aby programowanie by\u0142o przyjemne, satysfakcjonuj\u0105ce i wyzwala\u0142o pe\u0142ni\u0119 kreatywno\u015bci!<br \/>\nDzi\u0119ki tej ksi\u0105\u017cce:<br \/>\nprzygotujesz wygodne i bezp\u0142atne \u015brodowisko do pracy<br \/>\ndowiesz si\u0119, na czym dok\u0142adnie polega dzia\u0142anie kodu<br \/>\nzdob\u0119dziesz solidne podstawy programowania i nauczysz si\u0119 patrze\u0107 z perspektywy programisty<br \/>\nzrozumiesz i przyswoisz kluczowe poj\u0119cia, takie jak klasy, interfejsy i metody<br \/>\nb\u0119dziesz tworzy\u0107 nowoczesne i wci\u0105gaj\u0105ce gry<br \/>\nnauczysz si\u0119 technik testowania i debugowania kodu<br \/>\nC#. Bierz to, co najlepsze!<\/p>\n","protected":false},"excerpt":{"rendered":"<p>Autor: Rob Miles T\u0142umacze: Lachowski Lech Wydawca: Helion Oprawa: Mi\u0119kka [&hellip;]<\/p>\n","protected":false},"featured_media":12592,"template":"","meta":[],"product_brand":[],"product_cat":[36],"product_tag":[103,4452],"class_list":{"0":"post-12591","1":"product","2":"type-product","3":"status-publish","4":"has-post-thumbnail","6":"product_cat-informatyka","7":"product_tag-informatyka","8":"product_tag-jezyki-programowania","10":"first","11":"instock","12":"sale","13":"shipping-taxable","14":"purchasable","15":"product-type-simple"},"_links":{"self":[{"href":"http:\/\/ksiegarnia-akademicka.pl\/index.php\/wp-json\/wp\/v2\/product\/12591","targetHints":{"allow":["GET"]}}],"collection":[{"href":"http:\/\/ksiegarnia-akademicka.pl\/index.php\/wp-json\/wp\/v2\/product"}],"about":[{"href":"http:\/\/ksiegarnia-akademicka.pl\/index.php\/wp-json\/wp\/v2\/types\/product"}],"wp:featuredmedia":[{"embeddable":true,"href":"http:\/\/ksiegarnia-akademicka.pl\/index.php\/wp-json\/wp\/v2\/media\/12592"}],"wp:attachment":[{"href":"http:\/\/ksiegarnia-akademicka.pl\/index.php\/wp-json\/wp\/v2\/media?parent=12591"}],"wp:term":[{"taxonomy":"product_brand","embeddable":true,"href":"http:\/\/ksiegarnia-akademicka.pl\/index.php\/wp-json\/wp\/v2\/product_brand?post=12591"},{"taxonomy":"product_cat","embeddable":true,"href":"http:\/\/ksiegarnia-akademicka.pl\/index.php\/wp-json\/wp\/v2\/product_cat?post=12591"},{"taxonomy":"product_tag","embeddable":true,"href":"http:\/\/ksiegarnia-akademicka.pl\/index.php\/wp-json\/wp\/v2\/product_tag?post=12591"}],"curies":[{"name":"wp","href":"https:\/\/api.w.org\/{rel}","templated":true}]}}