{"id":12522,"date":"2020-03-25T11:46:22","date_gmt":"2020-03-25T10:46:22","guid":{"rendered":"http:\/\/ksiegarnia-akademicka.pl\/?post_type=product&#038;p=12522"},"modified":"2024-12-05T08:13:40","modified_gmt":"2024-12-05T07:13:40","slug":"zaburzenia-psychiczne-kobiet","status":"publish","type":"product","link":"http:\/\/ksiegarnia-akademicka.pl\/index.php\/product\/zaburzenia-psychiczne-kobiet\/","title":{"rendered":"Zaburzenia psychiczne kobiet"},"content":{"rendered":"<p>Autor:<br \/>\nMa\u0142gorzata Urban-Kowalczyk<br \/>\nWydawca: Medical Tribune<br \/>\nOprawa: Mi\u0119kka<br \/>\nLiczba stron: 256<br \/>\nRok wydania: 2020<br \/>\nJ\u0119zyk wydania: polski<\/p>\n<p>Usystematyzowanie i wielop\u0142aszczyznowe przedstawienie aktualnej wiedzy z zakresu zaburze\u0144 psychicznych u kobiet, w tym:<br \/>\n&#8211; om\u00f3wienie pod\u0142o\u017ca zaburze\u0144 psychicznych kobiet ze szczeg\u00f3lnym uwzgl\u0119dnieniem przemian hormonalnych, sprzyjaj\u0105cych ich rozwojowi<br \/>\n&#8211; om\u00f3wienie metod leczenia zaburze\u0144 psychicznych u ci\u0119\u017carnych<br \/>\n&#8211; opis specyficznego wzorca uzale\u017cnie\u0144 oraz zachowa\u0144 suicydalnych u kobiet<br \/>\n&#8211; przedstawienie zaburze\u0144 psychicznych i mo\u017cliwo\u015bci terapii u ofiar przemocy seksualnej.<\/p>\n","protected":false},"excerpt":{"rendered":"<p>Autor: Ma\u0142gorzata Urban-Kowalczyk Wydawca: Medical Tribune Oprawa: Mi\u0119kka Liczba stron: [&hellip;]<\/p>\n","protected":false},"featured_media":12523,"template":"","meta":[],"product_brand":[],"product_cat":[27,7509],"product_tag":[1665,1186],"class_list":{"0":"post-12522","1":"product","2":"type-product","3":"status-publish","4":"has-post-thumbnail","6":"product_cat-nauki-spoleczne","7":"product_cat-psychologia","8":"product_tag-psychiatria","9":"product_tag-psychologia","11":"first","12":"instock","13":"sale","14":"shipping-taxable","15":"purchasable","16":"product-type-simple"},"_links":{"self":[{"href":"http:\/\/ksiegarnia-akademicka.pl\/index.php\/wp-json\/wp\/v2\/product\/12522","targetHints":{"allow":["GET"]}}],"collection":[{"href":"http:\/\/ksiegarnia-akademicka.pl\/index.php\/wp-json\/wp\/v2\/product"}],"about":[{"href":"http:\/\/ksiegarnia-akademicka.pl\/index.php\/wp-json\/wp\/v2\/types\/product"}],"wp:featuredmedia":[{"embeddable":true,"href":"http:\/\/ksiegarnia-akademicka.pl\/index.php\/wp-json\/wp\/v2\/media\/12523"}],"wp:attachment":[{"href":"http:\/\/ksiegarnia-akademicka.pl\/index.php\/wp-json\/wp\/v2\/media?parent=12522"}],"wp:term":[{"taxonomy":"product_brand","embeddable":true,"href":"http:\/\/ksiegarnia-akademicka.pl\/index.php\/wp-json\/wp\/v2\/product_brand?post=12522"},{"taxonomy":"product_cat","embeddable":true,"href":"http:\/\/ksiegarnia-akademicka.pl\/index.php\/wp-json\/wp\/v2\/product_cat?post=12522"},{"taxonomy":"product_tag","embeddable":true,"href":"http:\/\/ksiegarnia-akademicka.pl\/index.php\/wp-json\/wp\/v2\/product_tag?post=12522"}],"curies":[{"name":"wp","href":"https:\/\/api.w.org\/{rel}","templated":true}]}}