{"id":12459,"date":"2020-03-23T12:22:41","date_gmt":"2020-03-23T11:22:41","guid":{"rendered":"http:\/\/ksiegarnia-akademicka.pl\/?post_type=product&#038;p=12459"},"modified":"2024-12-05T07:59:56","modified_gmt":"2024-12-05T06:59:56","slug":"teologia-wyzwolenia-jako-odpowiedz-na-epokowe-wyzwania-czasu","status":"publish","type":"product","link":"http:\/\/ksiegarnia-akademicka.pl\/index.php\/product\/teologia-wyzwolenia-jako-odpowiedz-na-epokowe-wyzwania-czasu\/","title":{"rendered":"Teologia wyzwolenia jako odpowied\u017a na epokowe wyzwania czasu"},"content":{"rendered":"<p>Autor:<br \/>\nDariusz SJ Gardocki<br \/>\nWydawca: WAM<br \/>\nOprawa: Mi\u0119kka<br \/>\nFormat: 23.0&#215;15.0cm<br \/>\nLiczba stron: 328<br \/>\nWydanie: 1<br \/>\nRok wydania: 2020<br \/>\nJ\u0119zyk wydania: polski<\/p>\n<p>Ksi\u0105\u017cka ks. Dariusza Gardockiego SJ jest syntez\u0105 na temat genezy, rozwoju i aktualnej kondycji teologii wyzwolenia, kt\u00f3ra wyrasta z sytuacji spo\u0142eczno-politycznej, w jakiej \u017cyje Ko\u015bci\u00f3\u0142 po\u0142udniowoameryka\u0144ski. Autor prezentuje wp\u0142yw obranej przez Ko\u015bci\u00f3\u0142 w Ameryce \u0141aci\u0144skiej opcji na rzecz ubogich (Medell\u00edn, Puebla, Sob\u00f3r Watyka\u0144ski II) na dalszy rozw\u00f3j my\u015bli teologicznej w duchu wyzwole\u0144czym i metody jej uprawiania. Podkre\u015bla, \u017ce teolodzy latynoameryka\u0144scy nie zrywaj\u0105 z teologi\u0105 klasyczn\u0105, ale d\u0105\u017c\u0105 do jej reinterpretacji, co pozwala przybli\u017cy\u0107 or\u0119dzie Chrystusa jego rzeczywistym adresatom \u2013 ludziom ubogim i potrzebuj\u0105cym. Ponadto nadaj\u0105 swym rozwa\u017caniom wymiar praktyczny, przez co teologia w ich wydaniu przedstawia wiar\u0119 chrze\u015bcija\u0144sk\u0105 nie tylko jako ortodoksj\u0119, ale te\u017c jako ortopraksj\u0119.<br \/>\nDariusz Gardocki SJ (ur. 1963) \u2013 profesor Papieskiego Wydzia\u0142u Teologicznego w Warszawie Collegium Bobolanum, na kt\u00f3rym wcze\u015bniej studiowa\u0142, a nast\u0119pnie obroni\u0142 doktorat (1997) i uzyska\u0142 habilitacj\u0119 (2007). Uko\u0144czy\u0142 r\u00f3wnie\u017c Papieski Uniwersytet Gregoria\u0144ski w Rzymie. Cz\u0142onek Towarzystwa Teolog\u00f3w Dogmatyk\u00f3w i dyrektor Biblioteki Bobolanum (od 2008). Autor monografii \u0141aska podstaw\u0105 wyzwolenia w teologii Leonarda Boffa (1999) i Jezus z Nazaretu \u2013 Mesjasz kr\u00f3lestwa. Syn Bo\u017cy i droga do Ojca. Studium analityczno-krytyczne chrystologii Jona Sobrino (2006). Specjalizuje si\u0119 w teologii dogmatycznej i latynoameryka\u0144skiej.<\/p>\n","protected":false},"excerpt":{"rendered":"<p>Autor: Dariusz SJ Gardocki Wydawca: WAM Oprawa: Mi\u0119kka Format: 23.0&#215;15.0cm [&hellip;]<\/p>\n","protected":false},"featured_media":12460,"template":"","meta":[],"product_brand":[],"product_cat":[7505,7506,27],"product_tag":[233,6273],"class_list":{"0":"post-12459","1":"product","2":"type-product","3":"status-publish","4":"has-post-thumbnail","6":"product_cat-etyka","7":"product_cat-filozofia","8":"product_cat-nauki-spoleczne","9":"product_tag-filozofia","10":"product_tag-teologia","12":"first","13":"instock","14":"sale","15":"shipping-taxable","16":"purchasable","17":"product-type-simple"},"_links":{"self":[{"href":"http:\/\/ksiegarnia-akademicka.pl\/index.php\/wp-json\/wp\/v2\/product\/12459","targetHints":{"allow":["GET"]}}],"collection":[{"href":"http:\/\/ksiegarnia-akademicka.pl\/index.php\/wp-json\/wp\/v2\/product"}],"about":[{"href":"http:\/\/ksiegarnia-akademicka.pl\/index.php\/wp-json\/wp\/v2\/types\/product"}],"wp:featuredmedia":[{"embeddable":true,"href":"http:\/\/ksiegarnia-akademicka.pl\/index.php\/wp-json\/wp\/v2\/media\/12460"}],"wp:attachment":[{"href":"http:\/\/ksiegarnia-akademicka.pl\/index.php\/wp-json\/wp\/v2\/media?parent=12459"}],"wp:term":[{"taxonomy":"product_brand","embeddable":true,"href":"http:\/\/ksiegarnia-akademicka.pl\/index.php\/wp-json\/wp\/v2\/product_brand?post=12459"},{"taxonomy":"product_cat","embeddable":true,"href":"http:\/\/ksiegarnia-akademicka.pl\/index.php\/wp-json\/wp\/v2\/product_cat?post=12459"},{"taxonomy":"product_tag","embeddable":true,"href":"http:\/\/ksiegarnia-akademicka.pl\/index.php\/wp-json\/wp\/v2\/product_tag?post=12459"}],"curies":[{"name":"wp","href":"https:\/\/api.w.org\/{rel}","templated":true}]}}