{"id":12411,"date":"2020-03-12T11:32:04","date_gmt":"2020-03-12T10:32:04","guid":{"rendered":"http:\/\/ksiegarnia-akademicka.pl\/?post_type=product&#038;p=12411"},"modified":"2020-03-12T11:32:05","modified_gmt":"2020-03-12T10:32:05","slug":"ostre-zespoly-wiencowe-a-companion-to-braunwalds-heart-disease-tom-1","status":"publish","type":"product","link":"http:\/\/ksiegarnia-akademicka.pl\/index.php\/product\/ostre-zespoly-wiencowe-a-companion-to-braunwalds-heart-disease-tom-1\/","title":{"rendered":"Ostre zespo\u0142y wie\u0144cowe A Companion to Braunwald&#8217;s Heart Disease Tom 1"},"content":{"rendered":"<p>Autor:<br \/>\nPierre Theroux<br \/>\nRedakcja: St\u0119pi\u0144ska Janina<br \/>\nT\u0142umacze: Za\u0142\u0119ska-Koci\u0119cka Marta, Marona Mi\u0142osz, Kremis El\u017cbieta<br \/>\nWydawca: Edra Urban &amp; Partner<br \/>\nOprawa: Twarda<br \/>\nFormat: 21.5&#215;28.0cm<br \/>\nLiczba stron: 196<br \/>\nRok wydania: 2014<br \/>\nJ\u0119zyk wydania: polski<\/p>\n<p>Znakomita publikacja w ca\u0142o\u015bci po\u015bwi\u0119cona ostrym zespo\u0142om wie\u0144cowym, kt\u00f3rej autorami s\u0105 najwybitniejsi eksperci ze Stan\u00f3w Zjednoczonych, Kanady i Europy. Ksi\u0105\u017cka prezentuje nowoczesn\u0105 i aktualn\u0105 wiedz\u0119 opart\u0105 na zasadach EBM. Publikacja podzielona zosta\u0142a na pi\u0119\u0107 g\u0142\u00f3wnych cz\u0119\u015bci, w kt\u00f3rych szczeg\u00f3\u0142owo om\u00f3wiono zagadnienia z zakresu epidemiologii, patogenezy, rozpoznania i stratyfikacji ryzyka jak r\u00f3wnie\u017c post\u0119powania w ostrych zespo\u0142ach wie\u0144cowych i rozwoju nowoczesnych oddzia\u0142\u00f3w kardiologicznych. Ksi\u0105\u017cka skierowana jest przede wszystkim do kardiolog\u00f3w oraz lekarzy innych specjalno\u015bci, kt\u00f3rzy pragn\u0105 poszerzy\u0107 swoj\u0105 wiedz\u0119 na temat ostrych zespo\u0142\u00f3w wie\u0144cowych.<\/p>\n<p>W Tomie 1:<\/p>\n<p>Epidemiologia<br \/>\nPatogeneza<br \/>\nRozpoznanie i stratyfikacja<\/p>\n<p>Cze\u015b\u0107 I po\u015bwi\u0119cona jest epidemiologii; uwzgl\u0119dniono w niej najbardziej aktualne dane z rejestr\u00f3w, m. in. INTERHEART, REACH, Euro Heart Survey. Patogeneza to cz\u0119\u015b\u0107 II, po\u015bwi\u0119cona kierunkom rozwoju nowoczesnych oddzia\u0142\u00f3w kardiologicznych, uwzgl\u0119dniaj\u0105ca mechanizmy molekularne, immunologiczne, a tak\u017ce farmakogenomik\u0119 oraz mechanizmy regeneracji \u015bmierci kom\u00f3rek mi\u0119\u015bni serca. W cz\u0119\u015bci III, dotycz\u0105cej rozpoznania i stratyfikacji ryzyka w ostrych zespo\u0142ach wie\u0144cowych, jest mowa o biomarkerach, r\u00f3wnie\u017c tych, kt\u00f3re nie s\u0105 powszechnie stosowane, o ocenie blaszki mia\u017cd\u017cycowej, a tak\u017ce o powszechnie stosowanych metodach: echokardiografii, kardiologii nuklearnej i tomografii komputerowej. Cze\u015b\u0107 t\u0119 zamyka rozdzia\u0142 o stratyfikacji ryzyka u chorych z OZW bez uniesienia odcinka ST, napisany m.in. przez Profesora Elliota M. Antmana, tw\u00f3rc\u0119 skal ryzyka nie tylko w OZW bez uniesienia ST (NSTEMI), ale r\u00f3wnie\u017c (wraz z Morrowem) dla chorych z OZW z uniesieniem odcinka ST (STEMI).<\/p>\n<p>Z przedmowy do wydania polskiego<\/p>\n","protected":false},"excerpt":{"rendered":"<p>Autor: Pierre Theroux Redakcja: St\u0119pi\u0144ska Janina T\u0142umacze: Za\u0142\u0119ska-Koci\u0119cka Marta, Marona [&hellip;]<\/p>\n","protected":false},"featured_media":12412,"template":"","meta":[],"product_brand":[],"product_cat":[7991,7493],"product_tag":[6148,7057,3994],"class_list":{"0":"post-12411","1":"product","2":"type-product","3":"status-publish","4":"has-post-thumbnail","6":"product_cat-kardiologia","7":"product_cat-medycyna","8":"product_tag-diagnostyka-medyczna","9":"product_tag-kardiologia","10":"product_tag-medycyna","12":"first","13":"instock","14":"sale","15":"shipping-taxable","16":"purchasable","17":"product-type-simple"},"_links":{"self":[{"href":"http:\/\/ksiegarnia-akademicka.pl\/index.php\/wp-json\/wp\/v2\/product\/12411","targetHints":{"allow":["GET"]}}],"collection":[{"href":"http:\/\/ksiegarnia-akademicka.pl\/index.php\/wp-json\/wp\/v2\/product"}],"about":[{"href":"http:\/\/ksiegarnia-akademicka.pl\/index.php\/wp-json\/wp\/v2\/types\/product"}],"wp:featuredmedia":[{"embeddable":true,"href":"http:\/\/ksiegarnia-akademicka.pl\/index.php\/wp-json\/wp\/v2\/media\/12412"}],"wp:attachment":[{"href":"http:\/\/ksiegarnia-akademicka.pl\/index.php\/wp-json\/wp\/v2\/media?parent=12411"}],"wp:term":[{"taxonomy":"product_brand","embeddable":true,"href":"http:\/\/ksiegarnia-akademicka.pl\/index.php\/wp-json\/wp\/v2\/product_brand?post=12411"},{"taxonomy":"product_cat","embeddable":true,"href":"http:\/\/ksiegarnia-akademicka.pl\/index.php\/wp-json\/wp\/v2\/product_cat?post=12411"},{"taxonomy":"product_tag","embeddable":true,"href":"http:\/\/ksiegarnia-akademicka.pl\/index.php\/wp-json\/wp\/v2\/product_tag?post=12411"}],"curies":[{"name":"wp","href":"https:\/\/api.w.org\/{rel}","templated":true}]}}