{"id":12407,"date":"2020-03-12T11:19:53","date_gmt":"2020-03-12T10:19:53","guid":{"rendered":"http:\/\/ksiegarnia-akademicka.pl\/?post_type=product&#038;p=12407"},"modified":"2020-03-12T11:19:53","modified_gmt":"2020-03-12T10:19:53","slug":"kardiologia-interwencyjna-przypadki-kliniczne","status":"publish","type":"product","link":"http:\/\/ksiegarnia-akademicka.pl\/index.php\/product\/kardiologia-interwencyjna-przypadki-kliniczne\/","title":{"rendered":"Kardiologia Interwencyjna Przypadki kliniczne"},"content":{"rendered":"<p>Autor:<br \/>\nMichael Ragosta<br \/>\nT\u0142umacze: Ko\u0142towski \u0141ukasz, Michalak Marcin, \u015acibisz Anna<br \/>\nWydawca: Edra Urban &amp; Partner<br \/>\nOprawa: Twarda<br \/>\nFormat: 22.0&#215;28.0cm<br \/>\nLiczba stron: 326<br \/>\nRok wydania: 2012<br \/>\nJ\u0119zyk wydania: polski<\/p>\n<p>Ksi\u0105\u017cka, kt\u00f3r\u0105 dostajecie Pa\u0144stwo do r\u0105k, zas\u0142uguje na uwag\u0119, poniewa\u017c jest to pierwsza taka monografia na naszym rynku wydawniczym. W odr\u00f3\u017cnieniu od wi\u0119kszo\u015bci pozycji, nie jest klasycznym podr\u0119cznikiem, omawiaj\u0105cym bardzo szczeg\u00f3\u0142owo wszystkie aspekty kardiologii interwencyjnej, poczynaj\u0105c od rysu historycznego, przez patofizjologi\u0119 mia\u017cd\u017cycy, a na interwencjach wie\u0144cowych z korzystaniem najnowszych generacji protez wewn\u0105trz naczyniowych ko\u0144cz\u0105c. W swoim za\u0142o\u017ceniu jest nies\u0142ychanie praktyczna i koncentruje si\u0119 na dok\u0142adnym om\u00f3wieniu i przedstawieniu strategii zabieg\u00f3w, obejmuj\u0105cy ca\u0142y zakres interwencji sercowo-naczyniowych. Ten w\u0142a\u015bnie praktyczny aspekt stanowi o jej wyj\u0105tkowo\u015bci, pozwalaj\u0105c na zaprezentowanie podstawowych, og\u00f3lnie obowi\u0105zuj\u0105cych zasad, kt\u00f3re powinien zna\u0107 ka\u017cdy kardiolog interwencyjny, a kt\u00f3re mimo nieustannego rozwoju i wprowadzania coraz to nowszych rozwi\u0105za\u0144 technologicznych d\u0142ugo jeszcze nie b\u0119d\u0105 traci\u0107 na znaczeniu.<br \/>\nWarto r\u00f3wnie\u017c zwr\u00f3ci\u0107 uwag\u0119 na rozdzia\u0142y po\u015bwi\u0119cone powik\u0142aniom zabieg\u00f3w, kt\u00f3re bywaj\u0105 czasami traktowane do\u015b\u0107 pobie\u017cnie, a tutaj zajmuj\u0105 blisko 1\/3 obj\u0119to\u015bci ca\u0142ej ksi\u0105\u017cki. \u015awiadczy to o wadze, jak\u0105 autor przypisuje konieczno\u015bci posiadania szerokiej wiedzy o wyst\u0119powaniu, czynnikach ryzyka, rozpoznawaniu i leczeniu najcz\u0119\u015bciej wyst\u0119puj\u0105cych powik\u0142a\u0144 zwi\u0105zanych z interwencjami przezsk\u00f3rnymi.<\/p>\n","protected":false},"excerpt":{"rendered":"<p>Autor: Michael Ragosta T\u0142umacze: Ko\u0142towski \u0141ukasz, Michalak Marcin, \u015acibisz Anna [&hellip;]<\/p>\n","protected":false},"featured_media":12408,"template":"","meta":[],"product_brand":[],"product_cat":[7991,7493],"product_tag":[6148,7057,3994],"class_list":{"0":"post-12407","1":"product","2":"type-product","3":"status-publish","4":"has-post-thumbnail","6":"product_cat-kardiologia","7":"product_cat-medycyna","8":"product_tag-diagnostyka-medyczna","9":"product_tag-kardiologia","10":"product_tag-medycyna","12":"first","13":"instock","14":"sale","15":"shipping-taxable","16":"purchasable","17":"product-type-simple"},"_links":{"self":[{"href":"http:\/\/ksiegarnia-akademicka.pl\/index.php\/wp-json\/wp\/v2\/product\/12407","targetHints":{"allow":["GET"]}}],"collection":[{"href":"http:\/\/ksiegarnia-akademicka.pl\/index.php\/wp-json\/wp\/v2\/product"}],"about":[{"href":"http:\/\/ksiegarnia-akademicka.pl\/index.php\/wp-json\/wp\/v2\/types\/product"}],"wp:featuredmedia":[{"embeddable":true,"href":"http:\/\/ksiegarnia-akademicka.pl\/index.php\/wp-json\/wp\/v2\/media\/12408"}],"wp:attachment":[{"href":"http:\/\/ksiegarnia-akademicka.pl\/index.php\/wp-json\/wp\/v2\/media?parent=12407"}],"wp:term":[{"taxonomy":"product_brand","embeddable":true,"href":"http:\/\/ksiegarnia-akademicka.pl\/index.php\/wp-json\/wp\/v2\/product_brand?post=12407"},{"taxonomy":"product_cat","embeddable":true,"href":"http:\/\/ksiegarnia-akademicka.pl\/index.php\/wp-json\/wp\/v2\/product_cat?post=12407"},{"taxonomy":"product_tag","embeddable":true,"href":"http:\/\/ksiegarnia-akademicka.pl\/index.php\/wp-json\/wp\/v2\/product_tag?post=12407"}],"curies":[{"name":"wp","href":"https:\/\/api.w.org\/{rel}","templated":true}]}}