{"id":12387,"date":"2020-03-11T08:49:12","date_gmt":"2020-03-11T07:49:12","guid":{"rendered":"http:\/\/ksiegarnia-akademicka.pl\/?post_type=product&#038;p=12387"},"modified":"2024-12-05T08:02:11","modified_gmt":"2024-12-05T07:02:11","slug":"jak-mysla-inteligentne-maszyny","status":"publish","type":"product","link":"http:\/\/ksiegarnia-akademicka.pl\/index.php\/product\/jak-mysla-inteligentne-maszyny\/","title":{"rendered":"Jak my\u015bl\u0105 inteligentne maszyny"},"content":{"rendered":"<p>Autor:<br \/>\nFilip Fierek<br \/>\nWydawca: Wydawnictwo Naukowe PWN<br \/>\nOprawa: Mi\u0119kka<br \/>\nFormat: 16.5&#215;23.5cm<br \/>\nLiczba stron: 290<br \/>\nWydanie: 1<br \/>\nRok wydania: 2020<br \/>\nJ\u0119zyk wydania: polski<\/p>\n<p>Ksi\u0105\u017cka przedstawia wci\u0105gaj\u0105cy i przyst\u0119pny przegl\u0105d prze\u0142omowych odkry\u0107 w obszarze sztucznej inteligencji i uczenia maszynowego, kt\u00f3re uczyni\u0142y dzisiejsze maszyny tak inteligentnymi. Autor Sean Gerrish opisuje: architektur\u0119 oprogramowania, kt\u00f3ra pozwala samochodom autonomicznym pozosta\u0107 na drodze i porusza\u0107 si\u0119 po zat\u0142oczonym \u015brodowisku miejskim; konkurs Netflix\u2019a z nagrod\u0105 w wysoko\u015bci miliona dolar\u00f3w na lepszy silnik rekomendacji; w jaki spos\u00f3b programi\u015bci wyszkolili komputery, aby wykonywa\u0142y okre\u015blone zachowania, oferuj\u0105c im smako\u0142yki, tak jakby trenowali psa; s\u0142ynne zwyci\u0119stwo Watsona w Jeopardy! i przygl\u0105da si\u0119 temu, jak komputery graj\u0105 w gry na przyk\u0142adzie AlphaGo i Deep Blue, kt\u00f3re pokona\u0142y \u00f3wczesnych mistrz\u00f3w \u015bwiata w grach strategicznych go i szachach. Komputery nie opanowa\u0142y jeszcze jednak wszystkiego. Autor przedstawia trudno\u015bci w tworzeniu inteligentnych agent\u00f3w, kt\u00f3rzy mog\u0105 z powodzeniem gra\u0107 w gry strategiczne takie jak StarCraft. Entuzja\u015bci nauki i technologii uznaj\u0105 t\u0119 ksi\u0105\u017ck\u0119 za niezb\u0119dny przewodnik po przysz\u0142o\u015bci, w kt\u00f3rej maszyny mog\u0105 przechytrzy\u0107 ludzi. Sean Gerrish jest mened\u017cerem w zespole ds. in\u017cynierii oprogramowania w Google. W swojej obecnej firmie pracowa\u0142 na r\u00f3\u017cnych stanowiskach w zakresie uczenia maszynowego i in\u017cynierii danych. Wcze\u015bniej zajmowa\u0142 si\u0119 tym r\u00f3wnie\u017c w Teza Technologies. Uzyska\u0142 tytu\u0142 doktora w dziedzinie uczenia maszynowego na Uniwersytecie Princeton. \u201eW tym przejrzystym i przyst\u0119pnym przewodniku Gerrish demonstruje swoj\u0105 niezwyk\u0142\u0105 zdolno\u015b\u0107 do wyja\u015bniania dzia\u0142ania najbardziej imponuj\u0105cych, z\u0142o\u017conych aplikacji AI&#8230; zar\u00f3wno dla specjalist\u00f3w, jak i niespecjalist\u00f3w\u201d. &#8211; Business Digest \u201eJe\u015bli kiedykolwiek zastanawia\u0142e\u015b si\u0119, jak dzia\u0142aj\u0105 samochody autonomiczne, w jaki spos\u00f3b Netflix stworzy\u0142 sw\u00f3j system rekomendacji i jak Watson autorstwa IBM pokona\u0142 mistrz\u00f3w w Jeopardy!, ta ksi\u0105\u017cka jest dla Ciebie.\u201d &#8211; Robotics Business Review \u201e\u015awie\u017ce i wsp\u00f3\u0142czesne spojrzenie na sztuczn\u0105 inteligencj\u0119, uczenie maszynowe i g\u0142\u0119bokie uczenie\u201d. &#8211; Inside Big Data<\/p>\n","protected":false},"excerpt":{"rendered":"<p>Autor: Filip Fierek Wydawca: Wydawnictwo Naukowe PWN Oprawa: Mi\u0119kka Format: [&hellip;]<\/p>\n","protected":false},"featured_media":12388,"template":"","meta":[],"product_brand":[],"product_cat":[7709,41],"product_tag":[1871,6255,2733,6256],"class_list":{"0":"post-12387","1":"product","2":"type-product","3":"status-publish","4":"has-post-thumbnail","6":"product_cat-mechanika","7":"product_cat-nauki-techniczne","8":"product_tag-mechanika","9":"product_tag-mechatronika","10":"product_tag-programowanie","11":"product_tag-robotyka","13":"first","14":"instock","15":"sale","16":"shipping-taxable","17":"purchasable","18":"product-type-simple"},"_links":{"self":[{"href":"http:\/\/ksiegarnia-akademicka.pl\/index.php\/wp-json\/wp\/v2\/product\/12387","targetHints":{"allow":["GET"]}}],"collection":[{"href":"http:\/\/ksiegarnia-akademicka.pl\/index.php\/wp-json\/wp\/v2\/product"}],"about":[{"href":"http:\/\/ksiegarnia-akademicka.pl\/index.php\/wp-json\/wp\/v2\/types\/product"}],"wp:featuredmedia":[{"embeddable":true,"href":"http:\/\/ksiegarnia-akademicka.pl\/index.php\/wp-json\/wp\/v2\/media\/12388"}],"wp:attachment":[{"href":"http:\/\/ksiegarnia-akademicka.pl\/index.php\/wp-json\/wp\/v2\/media?parent=12387"}],"wp:term":[{"taxonomy":"product_brand","embeddable":true,"href":"http:\/\/ksiegarnia-akademicka.pl\/index.php\/wp-json\/wp\/v2\/product_brand?post=12387"},{"taxonomy":"product_cat","embeddable":true,"href":"http:\/\/ksiegarnia-akademicka.pl\/index.php\/wp-json\/wp\/v2\/product_cat?post=12387"},{"taxonomy":"product_tag","embeddable":true,"href":"http:\/\/ksiegarnia-akademicka.pl\/index.php\/wp-json\/wp\/v2\/product_tag?post=12387"}],"curies":[{"name":"wp","href":"https:\/\/api.w.org\/{rel}","templated":true}]}}