{"id":12378,"date":"2020-03-04T08:47:53","date_gmt":"2020-03-04T07:47:53","guid":{"rendered":"http:\/\/ksiegarnia-akademicka.pl\/?post_type=product&#038;p=12378"},"modified":"2024-12-05T08:02:47","modified_gmt":"2024-12-05T07:02:47","slug":"kodeks-postepowania-karnego-komentarz-do-nowelizacji-2019","status":"publish","type":"product","link":"http:\/\/ksiegarnia-akademicka.pl\/index.php\/product\/kodeks-postepowania-karnego-komentarz-do-nowelizacji-2019\/","title":{"rendered":"Kodeks post\u0119powania karnego Komentarz do nowelizacji 2019"},"content":{"rendered":"<p>Autor:<br \/>\nJoanna Mierzwi\u0144ska-Lorencka<br \/>\nWydawca: Wolters Kluwer<br \/>\nOprawa: Mi\u0119kka<br \/>\nFormat: 17.0&#215;24.0cm<br \/>\nLiczba stron: 308<br \/>\nWydanie: 1<br \/>\nRok wydania: 2020<br \/>\nJ\u0119zyk wydania: polski<\/p>\n<p>Publikacja stanowi praktyczne om\u00f3wienie w formie komentarza najnowszej, obszernej nowelizacji procedury karnej z 19 lipca 2019 r.<\/p>\n<p>Autorka uwzgl\u0119dnia dotychczas obowi\u0105zuj\u0105ce przepisy Kodeksu, kt\u00f3re zosta\u0142y zestawione z przepisami zmienionymi lub uchylonymi, odnosz\u0105c si\u0119 r\u00f3wnie\u017c do przepis\u00f3w przej\u015bciowych.<\/p>\n<p>Formu\u0142a komentarza pozwala na szybkie wdro\u017cenie si\u0119 w zakres zmian i ocen\u0119 konsekwencji wej\u015bcia w \u017cycie nowych unormowa\u0144 z punktu widzenia pe\u0142nomocnika procesowego, s\u0105du czy oskar\u017cyciela publicznego.<\/p>\n<p>Opracowanie zawiera linie orzecznicze i wskazuje, kt\u00f3re orzeczenia zachowuj\u0105 swoj\u0105 aktualno\u015b\u0107 po wej\u015bciu w \u017cycie zmian.<\/p>\n<p>Zmiany s\u0105 bardzo liczne, maj\u0105 niejednolity charakter, dotycz\u0105 post\u0119powania karnego na wszystkich jego etapach i dotycz\u0105 m.in.:<br \/>\n&#8211; post\u0119powania odwo\u0142awczego;<br \/>\n&#8211; nadzwyczajnych \u015brodk\u00f3w zaskar\u017cenia;<br \/>\n&#8211; post\u0119powania po uprawomocnieniu si\u0119 orzeczenia.<\/p>\n","protected":false},"excerpt":{"rendered":"<p>Autor: Joanna Mierzwi\u0144ska-Lorencka Wydawca: Wolters Kluwer Oprawa: Mi\u0119kka Format: 17.0&#215;24.0cm [&hellip;]<\/p>\n","protected":false},"featured_media":12379,"template":"","meta":[],"product_brand":[],"product_cat":[7490,18],"product_tag":[1573,7975,296],"class_list":{"0":"post-12378","1":"product","2":"type-product","3":"status-publish","4":"has-post-thumbnail","6":"product_cat-karne","7":"product_cat-prawo","8":"product_tag-kodeks-postepowania-karnego","9":"product_tag-nowelizacja-kpk-2019","10":"product_tag-prawo-karne","12":"first","13":"instock","14":"sale","15":"shipping-taxable","16":"purchasable","17":"product-type-simple"},"_links":{"self":[{"href":"http:\/\/ksiegarnia-akademicka.pl\/index.php\/wp-json\/wp\/v2\/product\/12378","targetHints":{"allow":["GET"]}}],"collection":[{"href":"http:\/\/ksiegarnia-akademicka.pl\/index.php\/wp-json\/wp\/v2\/product"}],"about":[{"href":"http:\/\/ksiegarnia-akademicka.pl\/index.php\/wp-json\/wp\/v2\/types\/product"}],"wp:featuredmedia":[{"embeddable":true,"href":"http:\/\/ksiegarnia-akademicka.pl\/index.php\/wp-json\/wp\/v2\/media\/12379"}],"wp:attachment":[{"href":"http:\/\/ksiegarnia-akademicka.pl\/index.php\/wp-json\/wp\/v2\/media?parent=12378"}],"wp:term":[{"taxonomy":"product_brand","embeddable":true,"href":"http:\/\/ksiegarnia-akademicka.pl\/index.php\/wp-json\/wp\/v2\/product_brand?post=12378"},{"taxonomy":"product_cat","embeddable":true,"href":"http:\/\/ksiegarnia-akademicka.pl\/index.php\/wp-json\/wp\/v2\/product_cat?post=12378"},{"taxonomy":"product_tag","embeddable":true,"href":"http:\/\/ksiegarnia-akademicka.pl\/index.php\/wp-json\/wp\/v2\/product_tag?post=12378"}],"curies":[{"name":"wp","href":"https:\/\/api.w.org\/{rel}","templated":true}]}}