{"id":12376,"date":"2020-03-04T08:45:21","date_gmt":"2020-03-04T07:45:21","guid":{"rendered":"http:\/\/ksiegarnia-akademicka.pl\/?post_type=product&#038;p=12376"},"modified":"2020-03-04T08:45:22","modified_gmt":"2020-03-04T07:45:22","slug":"krotka-historia-nauki","status":"publish","type":"product","link":"http:\/\/ksiegarnia-akademicka.pl\/index.php\/product\/krotka-historia-nauki\/","title":{"rendered":"Kr\u00f3tka historia nauki"},"content":{"rendered":"<p>Autor:<br \/>\nWilliam Bynum<br \/>\nT\u0142umacze: Skawran Katarzyna<br \/>\nWydawca: RM<br \/>\nOprawa: Mi\u0119kka<br \/>\nFormat: 14.0&#215;21.0cm<br \/>\nLiczba stron: 296<br \/>\nWydanie: 2<br \/>\nRok wydania: 2020<br \/>\nJ\u0119zyk wydania: polski<\/p>\n<p>Je\u017celi jeste\u015b dociekliwy i masz umys\u0142 otwarty na r\u00f3\u017cne dziedziny wiedzy, lektura tej ksi\u0105\u017cki b\u0119dzie dla ciebie intryguj\u0105c\u0105 poznawczo przygod\u0105!<\/p>\n<p>Nauka to poci\u0105gaj\u0105ca dziedzina opowiadaj\u0105ca o niesko\u0144czonym kosmosie, mikroskopijnych organizmach, ludzkim ciele i dziejach naszej planety. Zawsze zajmowa\u0142a si\u0119 sensem \u015bwiata i okie\u0142znaniem jego pot\u0119gi. M\u0119\u017cczy\u017ani i kobiety \u2013 pocz\u0105wszy od staro\u017cytnych greckich filozof\u00f3w, przez Newtona i Einsteina, po wsp\u00f3\u0142czesnych naukowc\u00f3w wspomaganych komputerami \u2013 zastanawiali si\u0119, badali, eksperymentowali, obliczali, a czasami dokonywali tak niezwyk\u0142ych odkry\u0107, \u017ce ludzie zaczynali rozumie\u0107 \u015bwiat \u2013 albo siebie samych \u2013 w ca\u0142kiem nowy spos\u00f3b.<\/p>\n<p>Kr\u00f3tka historia nauki zabiera czytelnik\u00f3w do gwiazd ogl\u0105danych przez teleskop, gdy S\u0142o\u0144ce zast\u0105pi\u0142o Ziemi\u0119 w centrum wszech\u015bwiata. Zag\u0142\u0119bia si\u0119 pod powierzchni\u0119 planety. Kre\u015bli ewolucj\u0119 uk\u0142adu okresowego pierwiastk\u00f3w. Wprowadza w \u015bwiat fizyki obja\u015bniaj\u0105cej elektryczno\u015b\u0107, grawitacj\u0119 i budow\u0119 atom\u00f3w. Relacjonuje przebieg naukowego \u015bledztwa, kt\u00f3re doprowadzi\u0142o do odkrycia cz\u0105steczki DNA.<\/p>\n<p>Przytaczaj\u0105c zaskakuj\u0105ce i osobiste historie naukowc\u00f3w \u2013 zar\u00f3wno tych s\u0142awnych, jak i tych mniej znanych \u2013 autor ksi\u0105\u017cki bada post\u0119p nauki poprzez stulecia, a czyni to z humorem w spos\u00f3b fascynuj\u0105cy i przyst\u0119pny dla m\u0142odszych i starszych zdobywc\u00f3w wiedzy.<\/p>\n","protected":false},"excerpt":{"rendered":"<p>Autor: William Bynum T\u0142umacze: Skawran Katarzyna Wydawca: RM Oprawa: Mi\u0119kka [&hellip;]<\/p>\n","protected":false},"featured_media":12377,"template":"","meta":[],"product_brand":[],"product_cat":[27,7508],"product_tag":[3340,3339,320],"class_list":{"0":"post-12376","1":"product","2":"type-product","3":"status-publish","4":"has-post-thumbnail","6":"product_cat-nauki-spoleczne","7":"product_cat-socjologia","8":"product_tag-futurologia","9":"product_tag-historia-nauki","10":"product_tag-nauka","12":"first","13":"instock","14":"sale","15":"shipping-taxable","16":"purchasable","17":"product-type-simple"},"_links":{"self":[{"href":"http:\/\/ksiegarnia-akademicka.pl\/index.php\/wp-json\/wp\/v2\/product\/12376","targetHints":{"allow":["GET"]}}],"collection":[{"href":"http:\/\/ksiegarnia-akademicka.pl\/index.php\/wp-json\/wp\/v2\/product"}],"about":[{"href":"http:\/\/ksiegarnia-akademicka.pl\/index.php\/wp-json\/wp\/v2\/types\/product"}],"wp:featuredmedia":[{"embeddable":true,"href":"http:\/\/ksiegarnia-akademicka.pl\/index.php\/wp-json\/wp\/v2\/media\/12377"}],"wp:attachment":[{"href":"http:\/\/ksiegarnia-akademicka.pl\/index.php\/wp-json\/wp\/v2\/media?parent=12376"}],"wp:term":[{"taxonomy":"product_brand","embeddable":true,"href":"http:\/\/ksiegarnia-akademicka.pl\/index.php\/wp-json\/wp\/v2\/product_brand?post=12376"},{"taxonomy":"product_cat","embeddable":true,"href":"http:\/\/ksiegarnia-akademicka.pl\/index.php\/wp-json\/wp\/v2\/product_cat?post=12376"},{"taxonomy":"product_tag","embeddable":true,"href":"http:\/\/ksiegarnia-akademicka.pl\/index.php\/wp-json\/wp\/v2\/product_tag?post=12376"}],"curies":[{"name":"wp","href":"https:\/\/api.w.org\/{rel}","templated":true}]}}