{"id":12374,"date":"2020-03-04T08:41:35","date_gmt":"2020-03-04T07:41:35","guid":{"rendered":"http:\/\/ksiegarnia-akademicka.pl\/?post_type=product&#038;p=12374"},"modified":"2024-12-05T08:02:59","modified_gmt":"2024-12-05T07:02:59","slug":"smialo-mow-wlasnym-glosem","status":"publish","type":"product","link":"http:\/\/ksiegarnia-akademicka.pl\/index.php\/product\/smialo-mow-wlasnym-glosem\/","title":{"rendered":"\u015amia\u0142o. M\u00f3w w\u0142asnym glosem"},"content":{"rendered":"<p>Autor:<br \/>\nDorota Warakomska<br \/>\nWydawca: Agora<br \/>\nOprawa: Mi\u0119kka ze skrzyde\u0142kami<br \/>\nFormat: 15.5&#215;23.0cm<br \/>\nLiczba stron: 304<br \/>\nWydanie: 1<br \/>\nRok wydania: 2020<br \/>\nJ\u0119zyk wydania: polski<\/p>\n<p>Dorota Warakomska zmieni\u0142a \u017cycie wielu kobiet, kt\u00f3rych kariera zawodowa i \u017cycie prywatne poszybowa\u0142y wysoko. Przy okazji odkry\u0142a, \u017ce wi\u0119kszo\u015b\u0107 poradnik\u00f3w dotycz\u0105cych<br \/>\nkomunikacji to ksi\u0105\u017cki pisane z m\u0119skiej perspektywy. Dlatego na bazie swojej wieloletniej dzia\u0142alno\u015bci dziennikarskiej, trenerskiej i spo\u0142ecznej, stworzy\u0142a praktyczny poradnik dla kobiet. Ksi\u0105\u017ck\u0119, kt\u00f3ra b\u0119d\u0105c kopalni\u0105 sprawdzonych wskaz\u00f3wek, jak m\u00f3wi\u0107, by by\u0107 zrozumian\u0105 i skuteczn\u0105, jak zdoby\u0107 si\u0119 na odwag\u0119, by przeprowadza\u0107 zmiany w sobie i we w\u0142asnym \u017cyciu, w rzeczywisto\u015bci jest czym\u015b wi\u0119cej. Dorota Warakomska, wzmacniaj\u0105c kobiety na polu zawodowym, dodaje im skrzyde\u0142 na co dzie\u0144.<br \/>\nTa ksi\u0105\u017cka jest dla wszystkich kobiet, kt\u00f3re wyst\u0119puj\u0105 publicznie i pr\u00f3buj\u0105 si\u0119 przebi\u0107 z w\u0142asnymi pomys\u0142ami:<br \/>\n&#8211; dla tych, kt\u00f3re chc\u0105 wzmocni\u0107 swoj\u0105 pozycj\u0119 w pracy i zmieni\u0107 spos\u00f3b komunikowania si\u0119<br \/>\n&#8211; dla tych, kt\u00f3re przed wa\u017cnymi rozmowami czuj\u0105 si\u0119 niepewnie, a w prywatnych relacjach trac\u0105 rezon i nie potrafi\u0105 powiedzie\u0107 tego, co my\u015bl\u0105<br \/>\n&#8211; dla tych, kt\u00f3re ucz\u0105 innych, kt\u00f3re co\u015b sprzedaj\u0105, dla tych, kt\u00f3re kieruj\u0105 zespo\u0142ami, chc\u0105 awansowa\u0107, maj\u0105 porwa\u0107 t\u0142umy<br \/>\n&#8211; dla wyk\u0142adowczy\u0144, nauczycielek, bibliotekarek, sprzedawczy\u0144, rolniczek sprzedaj\u0105cych p\u0142ody rolne na targu, przedsi\u0119biorczy\u0144, mened\u017cerek, urz\u0119dniczek, asystentek, dyrektorek, prezesek, polityczek w parlamencie i samorz\u0105dzie, dzia\u0142aczek ruch\u00f3w i organizacji spo\u0142ecznych.<br \/>\nKa\u017cdego dnia wielokrotnie wyst\u0119pujemy publicznie i komunikujemy si\u0119 z innymi lud\u017ami. Ka\u017cda rozmowa z innym cz\u0142owiekiem jest bowiem wyst\u0119pem publicznym i jednocze\u015bnie procesem\/aktem komunikacji. Zakupy w sklepie, instruowanie pracownik\u00f3w, rozmowa z szefem, odpowiadanie na pytania dziecka. Czy zawsze wiemy, co chcemy powiedzie\u0107? Czy to, co m\u00f3wimy, jest jasne? Czy my\u015blimy, jak zostanie odebrane? Czy traktujemy nasze wypowiedzi jako okazj\u0119 do budowania relacji? Czy szanujemy rozm\u00f3wc\u00f3w? W tej ksi\u0105\u017cce poprowadz\u0119 ci\u0119 przez wszystkie obszary wa\u017cne w komunikowaniu si\u0119 z innymi lud\u017ami, przekazywaniu w\u0142asnych opinii. Przekonam ci\u0119, \u017ce charyzmy, b\u0142yskotliwo\u015bci, szybkich ripost, panowania nad stresem i wyst\u0119powania publicznie mo\u017cna si\u0119 nauczy\u0107.<\/p>\n","protected":false},"excerpt":{"rendered":"<p>Autor: Dorota Warakomska Wydawca: Agora Oprawa: Mi\u0119kka ze skrzyde\u0142kami Format: [&hellip;]<\/p>\n","protected":false},"featured_media":12375,"template":"","meta":[],"product_brand":[],"product_cat":[7707],"product_tag":[561,234,1257,4482],"class_list":{"0":"post-12374","1":"product","2":"type-product","3":"status-publish","4":"has-post-thumbnail","6":"product_cat-literatura","7":"product_tag-komunikacja","8":"product_tag-logika","9":"product_tag-poradniki","10":"product_tag-retoryka","12":"first","13":"instock","14":"sale","15":"shipping-taxable","16":"purchasable","17":"product-type-simple"},"_links":{"self":[{"href":"http:\/\/ksiegarnia-akademicka.pl\/index.php\/wp-json\/wp\/v2\/product\/12374","targetHints":{"allow":["GET"]}}],"collection":[{"href":"http:\/\/ksiegarnia-akademicka.pl\/index.php\/wp-json\/wp\/v2\/product"}],"about":[{"href":"http:\/\/ksiegarnia-akademicka.pl\/index.php\/wp-json\/wp\/v2\/types\/product"}],"wp:featuredmedia":[{"embeddable":true,"href":"http:\/\/ksiegarnia-akademicka.pl\/index.php\/wp-json\/wp\/v2\/media\/12375"}],"wp:attachment":[{"href":"http:\/\/ksiegarnia-akademicka.pl\/index.php\/wp-json\/wp\/v2\/media?parent=12374"}],"wp:term":[{"taxonomy":"product_brand","embeddable":true,"href":"http:\/\/ksiegarnia-akademicka.pl\/index.php\/wp-json\/wp\/v2\/product_brand?post=12374"},{"taxonomy":"product_cat","embeddable":true,"href":"http:\/\/ksiegarnia-akademicka.pl\/index.php\/wp-json\/wp\/v2\/product_cat?post=12374"},{"taxonomy":"product_tag","embeddable":true,"href":"http:\/\/ksiegarnia-akademicka.pl\/index.php\/wp-json\/wp\/v2\/product_tag?post=12374"}],"curies":[{"name":"wp","href":"https:\/\/api.w.org\/{rel}","templated":true}]}}