{"id":123,"date":"2018-05-22T12:40:49","date_gmt":"2018-05-22T10:40:49","guid":{"rendered":"http:\/\/ksiegarnia-akademicka.pl\/index.php\/product\/zadania-z-matematyki-dla-wyzszych-uczelni-technicznych-cz-a-b\/"},"modified":"2018-12-03T14:21:44","modified_gmt":"2018-12-03T13:21:44","slug":"zadania-z-matematyki-dla-wyzszych-uczelni-technicznych-cz-a-b","status":"publish","type":"product","link":"http:\/\/ksiegarnia-akademicka.pl\/index.php\/product\/zadania-z-matematyki-dla-wyzszych-uczelni-technicznych-cz-a-b\/","title":{"rendered":"Zadania z matematyki dla wy\u017cszych uczelni technicznych. Cz. A\/B"},"content":{"rendered":"<p>Stankiewicz Witold Wydawnictwo Naukowe PWN 2011 wyd.12 <\/br><\/br><\/p>\n<p><span style=\"font-size: small\">Kolejne wydanie dobrze znanego studentom zbioru zada\u0144. Ka\u017cdy rozdzia\u0142 zbioru zawiera kr&oacute;tki wst\u0119p teoretyczny, rozwi\u0105zane przyk\u0142ady, zadania do samodzielnego rozwi\u0105zania oraz wskaz&oacute;wki i odpowiedzi do zada\u0144.<\/p>\n<p>Cz\u0119\u015b\u0107 A dotyczy:<br \/>&brvbar; teorii zbior&oacute;w i logiki metematycznej<br \/>&brvbar; kombinatoryki<br \/>&brvbar; liczb naturalnych, ca\u0142kowitych, wymiernych i rzeczywistych<br \/>&brvbar; odwzorowa\u0144<br \/>&brvbar; algebry i geometrii.<\/p>\n<p>Cz\u0119\u015b\u0107 B dotyczy:<br \/>&brvbar; rachunku r&oacute;\u017cniczkowego<br \/>&brvbar; rachunku ca\u0142kowego<br \/>&brvbar; geometrii r&oacute;\u017cniczkowej<br \/>&brvbar; szereg&oacute;w liczbowych i funkcyjnych.<\/p>\n<p>Zbi&oacute;r ten przystosowany jest do programu nauczania matematyki na studiach politechnicznych.<\/span><\/p>\n<p><\/br><\/br>pozycja dost\u0119pna<\/p>\n","protected":false},"excerpt":{"rendered":"<p>Stankiewicz Witold Wydawnictwo Naukowe PWN 2011 wyd.12 Kolejne wydanie dobrze [&hellip;]<\/p>\n","protected":false},"featured_media":8879,"template":"","meta":[],"product_brand":[],"product_cat":[7519,35],"product_tag":[253,269,7687],"class_list":{"0":"post-123","1":"product","2":"type-product","3":"status-publish","4":"has-post-thumbnail","6":"product_cat-matematyka","7":"product_cat-matematyka-i-jej-zastosowania","8":"product_tag-matematyka","9":"product_tag-podrecznik-akademicki","10":"product_tag-zadania-z-matematyki","12":"first","13":"instock","14":"sale","15":"shipping-taxable","16":"purchasable","17":"product-type-simple"},"_links":{"self":[{"href":"http:\/\/ksiegarnia-akademicka.pl\/index.php\/wp-json\/wp\/v2\/product\/123","targetHints":{"allow":["GET"]}}],"collection":[{"href":"http:\/\/ksiegarnia-akademicka.pl\/index.php\/wp-json\/wp\/v2\/product"}],"about":[{"href":"http:\/\/ksiegarnia-akademicka.pl\/index.php\/wp-json\/wp\/v2\/types\/product"}],"wp:featuredmedia":[{"embeddable":true,"href":"http:\/\/ksiegarnia-akademicka.pl\/index.php\/wp-json\/wp\/v2\/media\/8879"}],"wp:attachment":[{"href":"http:\/\/ksiegarnia-akademicka.pl\/index.php\/wp-json\/wp\/v2\/media?parent=123"}],"wp:term":[{"taxonomy":"product_brand","embeddable":true,"href":"http:\/\/ksiegarnia-akademicka.pl\/index.php\/wp-json\/wp\/v2\/product_brand?post=123"},{"taxonomy":"product_cat","embeddable":true,"href":"http:\/\/ksiegarnia-akademicka.pl\/index.php\/wp-json\/wp\/v2\/product_cat?post=123"},{"taxonomy":"product_tag","embeddable":true,"href":"http:\/\/ksiegarnia-akademicka.pl\/index.php\/wp-json\/wp\/v2\/product_tag?post=123"}],"curies":[{"name":"wp","href":"https:\/\/api.w.org\/{rel}","templated":true}]}}