{"id":12258,"date":"2020-02-14T09:07:35","date_gmt":"2020-02-14T08:07:35","guid":{"rendered":"http:\/\/ksiegarnia-akademicka.pl\/?post_type=product&#038;p=12258"},"modified":"2024-12-05T08:05:23","modified_gmt":"2024-12-05T07:05:23","slug":"metoda-i-wyobraznia-lekcje-tworczosci-w-klasie-3-czesc-3","status":"publish","type":"product","link":"http:\/\/ksiegarnia-akademicka.pl\/index.php\/product\/metoda-i-wyobraznia-lekcje-tworczosci-w-klasie-3-czesc-3\/","title":{"rendered":"Metoda i wyobra\u017ania. Lekcje tw\u00f3rczo\u015bci w klasie 3. Cz\u0119\u015b\u0107 3"},"content":{"rendered":"<p>Autor: El\u017cbieta P\u0142\u00f3ciennik Monika Just Anetta Dobrakowska Joanna Wo\u017aniak<br \/>\nWydawca: Difin<br \/>\nISBN: 978-83-8085-805-3<br \/>\nData wydania: 2020<br \/>\nLiczba stron\/format: 152\/B5<br \/>\nOprawa: mi\u0119kka<\/p>\n<p>Metoda i wyobra\u017ania to seria ksi\u0105\u017cek metodycznych z propozycjami lekcji kreatywno\u015bci w nauczaniu wczesnoszkolnym.<\/p>\n<p>Prezentowana cz\u0119\u015b\u0107 3 przybli\u017ca zasady i metodyk\u0119 pedagogiki tw\u00f3rczo\u015bci na poziomie wczesnej edukacji. Zaprezentowano w niej przyk\u0142ady \u0107wicze\u0144 dla uczni\u00f3w z klas 3 szko\u0142y podstawowej pobudzaj\u0105cych i rozwijaj\u0105cych tw\u00f3rczo\u015b\u0107 w r\u00f3\u017cnych formach aktywno\u015bci, szczeg\u00f3lnie poprzez    my\u015blenie dywergencyjne, pytajne i kombinatoryczne. \u0106wiczenia dla uczni\u00f3w z klasy 3 wymagaj\u0105 umiej\u0119tno\u015bci czytania ze zrozumieniem, wsp\u00f3\u0142dzia\u0142ania w zespo\u0142ach podczas rozwi\u0105zywania problem\u00f3w o charakterze otwartym, poszukiwania i prezentowania oryginalnych pomys\u0142\u00f3w, a tak\u017ce dokonywania oceny oryginalno\u015bci i przydatno\u015bci wytwor\u00f3w przez argumentowanie ich niepowtarzalno\u015bci. \u0106wiczenia mo\u017cna realizowa\u0107 jako odr\u0119bne zabawy stymuluj\u0105ce tw\u00f3rczo\u015b\u0107 indywidualn\u0105 lub zespo\u0142ow\u0105 albo w zestawach \u2013 na potrzeby lekcji o okre\u015blonych celach lub tematyce. Stopie\u0144 trudno\u015bci \u0107wicze\u0144 pozwala indywidualizowa\u0107 ich wykorzystanie w zale\u017cno\u015bci od do\u015bwiadcze\u0144 i zdolno\u015bci uczni\u00f3w \u2013 na ni\u017cszych lub wy\u017cszych etapach edukacji w zale\u017cno\u015bci od potrzeb i mo\u017cliwo\u015bci uczni\u00f3w.<\/p>\n<p>Opr\u00f3cz funkcji wspieraj\u0105cej nauczyciela w organizacji i realizacji lekcji rozwijaj\u0105cych tw\u00f3rczo\u015b\u0107 uczni\u00f3w, ksi\u0105\u017cka pe\u0142ni tak\u017ce funkcj\u0119 inspiruj\u0105c\u0105 i stymuluj\u0105c\u0105 nauczyciela do poszukiwania w\u0142asnych \u015brodk\u00f3w edukacji u\u017cytecznych w lekcjach tw\u00f3rczo\u015bci.<\/p>\n<p>Ksi\u0105\u017cka b\u0119dzie przydatna dla student\u00f3w przygotowuj\u0105cych si\u0119 do  zawodu nauczyciela oraz wychowawc\u00f3w i edukator\u00f3w z r\u00f3\u017cnych plac\u00f3wek opieku\u0144czo-wychowawczych.<\/p>\n","protected":false},"excerpt":{"rendered":"<p>Autor: El\u017cbieta P\u0142\u00f3ciennik Monika Just Anetta Dobrakowska Joanna Wo\u017aniak Wydawca: [&hellip;]<\/p>\n","protected":false},"featured_media":12259,"template":"","meta":[],"product_brand":[],"product_cat":[28],"product_tag":[46,52,51],"class_list":{"0":"post-12258","1":"product","2":"type-product","3":"status-publish","4":"has-post-thumbnail","6":"product_cat-pedagogika","7":"product_tag-dydaktyka","8":"product_tag-nauczanie-poczatkowe","9":"product_tag-pedagogika","11":"first","12":"instock","13":"sale","14":"shipping-taxable","15":"purchasable","16":"product-type-simple"},"_links":{"self":[{"href":"http:\/\/ksiegarnia-akademicka.pl\/index.php\/wp-json\/wp\/v2\/product\/12258","targetHints":{"allow":["GET"]}}],"collection":[{"href":"http:\/\/ksiegarnia-akademicka.pl\/index.php\/wp-json\/wp\/v2\/product"}],"about":[{"href":"http:\/\/ksiegarnia-akademicka.pl\/index.php\/wp-json\/wp\/v2\/types\/product"}],"wp:featuredmedia":[{"embeddable":true,"href":"http:\/\/ksiegarnia-akademicka.pl\/index.php\/wp-json\/wp\/v2\/media\/12259"}],"wp:attachment":[{"href":"http:\/\/ksiegarnia-akademicka.pl\/index.php\/wp-json\/wp\/v2\/media?parent=12258"}],"wp:term":[{"taxonomy":"product_brand","embeddable":true,"href":"http:\/\/ksiegarnia-akademicka.pl\/index.php\/wp-json\/wp\/v2\/product_brand?post=12258"},{"taxonomy":"product_cat","embeddable":true,"href":"http:\/\/ksiegarnia-akademicka.pl\/index.php\/wp-json\/wp\/v2\/product_cat?post=12258"},{"taxonomy":"product_tag","embeddable":true,"href":"http:\/\/ksiegarnia-akademicka.pl\/index.php\/wp-json\/wp\/v2\/product_tag?post=12258"}],"curies":[{"name":"wp","href":"https:\/\/api.w.org\/{rel}","templated":true}]}}