{"id":12256,"date":"2020-02-14T09:05:21","date_gmt":"2020-02-14T08:05:21","guid":{"rendered":"http:\/\/ksiegarnia-akademicka.pl\/?post_type=product&#038;p=12256"},"modified":"2024-12-05T08:05:35","modified_gmt":"2024-12-05T07:05:35","slug":"metoda-i-wyobraznia-lekcje-tworczosci-w-klasie-2-czesc-2","status":"publish","type":"product","link":"http:\/\/ksiegarnia-akademicka.pl\/index.php\/product\/metoda-i-wyobraznia-lekcje-tworczosci-w-klasie-2-czesc-2\/","title":{"rendered":"Metoda i wyobra\u017ania. Lekcje tw\u00f3rczo\u015bci w klasie 2. Cz\u0119\u015b\u0107 2."},"content":{"rendered":"<p>Autor: El\u017cbieta P\u0142\u00f3ciennik Monika Just Anetta Dobrakowska Joanna Wo\u017aniak<br \/>\nWydawca: Difin<br \/>\nISBN: 978-83-8085-804-6<br \/>\nData wydania: 2020<br \/>\nWydanie: 2<br \/>\nLiczba stron\/format: 134\/B5<br \/>\nOprawa: mi\u0119kka<\/p>\n<p>Metoda i wyobra\u017ania to seria ksi\u0105\u017cek metodycznych z propozycjami lekcji kreatywno\u015bci w nauczaniu wczesnoszkolnym.<\/p>\n<p>Prezentowana cz\u0119\u015b\u0107 2:<br \/>\n&#8211; przedstawia zasady i metodyk\u0119 pedagogiki tw\u00f3rczo\u015bci na poziomie wczesnej edukacji;<br \/>\n&#8211; prezentuje przyk\u0142ady \u0107wicze\u0144 dla uczni\u00f3w z klas 2 szko\u0142y podstawowej pobudzaj\u0105ce i rozwijaj\u0105ce tw\u00f3rczo\u015b\u0107 w r\u00f3\u017cnych formach ich aktywno\u015bci, szczeg\u00f3lnie poprzez my\u015blenie dywergencyjne, pytajne i kombinatoryczne. \u0106wiczenia dla uczni\u00f3w z klas II maj\u0105 wy\u017cszy stopie\u0144 z\u0142o\u017cono\u015bci instrukcji oraz zada\u0144 do wykonania ni\u017c w ksi\u0105\u017cce do klasy I \u2013 szczeg\u00f3lnie przy tw\u00f3rczym rozwi\u0105zywaniu problem\u00f3w wymagaj\u0105 podstawowych umiej\u0119tno\u015bci w dokonywaniu odleg\u0142ych skojarze\u0144 czy dokonywaniu kombinacji oraz transformacji poj\u0119\u0107, pomys\u0142\u00f3w i obiekt\u00f3w. Zaproponowane \u0107wiczenia mo\u017cna realizowa\u0107 jako odr\u0119bne zabawy stymuluj\u0105ce tw\u00f3rczo\u015b\u0107 indywidualn\u0105 lub zespo\u0142ow\u0105 albo w zestawach na potrzeby lekcji o okre\u015blonych celach lub tematyce. Stopie\u0144 trudno\u015bci \u0107wicze\u0144 pozwala indywidualizowa\u0107 ich wykorzystanie w zale\u017cno\u015bci od do\u015bwiadcze\u0144 i zdolno\u015bci uczni\u00f3w \u2013 mog\u0105 by\u0107 realizowane na wcze\u015bniejszych lub p\u00f3\u017aniejszych etapach edukacji w zale\u017cno\u015bci od potrzeb i mo\u017cliwo\u015bci uczni\u00f3w.<\/p>\n<p>Opr\u00f3cz funkcji wspieraj\u0105cej nauczyciela w organizacji i realizacji lekcji rozwijaj\u0105cych tw\u00f3rczo\u015b\u0107 uczni\u00f3w, ksi\u0105\u017cka pe\u0142ni tak\u017ce funkcj\u0119 inspiruj\u0105c\u0105 i stymuluj\u0105c\u0105 nauczyciela do poszukiwania w\u0142asnych \u015brodk\u00f3w edukacji u\u017cytecznych w lekcjach tw\u00f3rczo\u015bci.<\/p>\n<p>Ksi\u0105\u017cka b\u0119dzie przydatna dla student\u00f3w przygotowuj\u0105cych si\u0119 do zawodu nauczyciela oraz wychowawc\u00f3w i edukator\u00f3w z r\u00f3\u017cnych plac\u00f3wek opieku\u0144czo-wychowawczych.<\/p>\n<p>Spis tre\u015bci:<\/p>\n<p>Przedmowa<br \/>\nWst\u0119p<\/p>\n<p>I. Rozgrzewka tw\u00f3rcza<\/p>\n<p>Techniki interpersonalne<br \/>\nTechniki \u0107wicz\u0105ce percepcj\u0119 i uwag\u0119<br \/>\nTechniki rozwijaj\u0105ce umiej\u0119tno\u015b\u0107 wsp\u00f3\u0142dzia\u0142ania<\/p>\n<p>II. Dostrzegamy i definiujemy problemy \u2013 rozwijanie my\u015blenia pytajnego<\/p>\n<p>Techniki stymuluj\u0105ce my\u015blenie pytajne<\/p>\n<p>III. Rozwi\u0105zujemy problemy \u2013 rozwijanie p\u0142ynno\u015bci, gi\u0119tko\u015bci i oryginalno\u015bci my\u015blenia<\/p>\n<p>IV. Uczymy si\u0119 technik Kreatywnego Rozwi\u0105zywania Problem\u00f3w<\/p>\n<p>Techniki prowadz\u0105ce do kombinacji<br \/>\nTworzenie analogii<br \/>\nTechniki prowadz\u0105ce do transformacji (\u015bwiadomego dokonywania zmian)<\/p>\n<p>V. Drama kreatywna i tw\u00f3rczy ruch \u2013 rozwijanie ekspresji tw\u00f3rczej<\/p>\n<p>VI. Oceniamy i doskonalimy pomys\u0142y \u2013 rozwijanie zdolno\u015bci elaboracyjnych<\/p>\n<p>Karty pracy<\/p>\n","protected":false},"excerpt":{"rendered":"<p>Autor: El\u017cbieta P\u0142\u00f3ciennik Monika Just Anetta Dobrakowska Joanna Wo\u017aniak Wydawca: [&hellip;]<\/p>\n","protected":false},"featured_media":12257,"template":"","meta":[],"product_brand":[],"product_cat":[28],"product_tag":[46,52,51],"class_list":{"0":"post-12256","1":"product","2":"type-product","3":"status-publish","4":"has-post-thumbnail","6":"product_cat-pedagogika","7":"product_tag-dydaktyka","8":"product_tag-nauczanie-poczatkowe","9":"product_tag-pedagogika","11":"first","12":"instock","13":"sale","14":"shipping-taxable","15":"purchasable","16":"product-type-simple"},"_links":{"self":[{"href":"http:\/\/ksiegarnia-akademicka.pl\/index.php\/wp-json\/wp\/v2\/product\/12256","targetHints":{"allow":["GET"]}}],"collection":[{"href":"http:\/\/ksiegarnia-akademicka.pl\/index.php\/wp-json\/wp\/v2\/product"}],"about":[{"href":"http:\/\/ksiegarnia-akademicka.pl\/index.php\/wp-json\/wp\/v2\/types\/product"}],"wp:featuredmedia":[{"embeddable":true,"href":"http:\/\/ksiegarnia-akademicka.pl\/index.php\/wp-json\/wp\/v2\/media\/12257"}],"wp:attachment":[{"href":"http:\/\/ksiegarnia-akademicka.pl\/index.php\/wp-json\/wp\/v2\/media?parent=12256"}],"wp:term":[{"taxonomy":"product_brand","embeddable":true,"href":"http:\/\/ksiegarnia-akademicka.pl\/index.php\/wp-json\/wp\/v2\/product_brand?post=12256"},{"taxonomy":"product_cat","embeddable":true,"href":"http:\/\/ksiegarnia-akademicka.pl\/index.php\/wp-json\/wp\/v2\/product_cat?post=12256"},{"taxonomy":"product_tag","embeddable":true,"href":"http:\/\/ksiegarnia-akademicka.pl\/index.php\/wp-json\/wp\/v2\/product_tag?post=12256"}],"curies":[{"name":"wp","href":"https:\/\/api.w.org\/{rel}","templated":true}]}}