{"id":12254,"date":"2020-02-14T09:02:46","date_gmt":"2020-02-14T08:02:46","guid":{"rendered":"http:\/\/ksiegarnia-akademicka.pl\/?post_type=product&#038;p=12254"},"modified":"2024-12-05T08:05:48","modified_gmt":"2024-12-05T07:05:48","slug":"metoda-i-wyobraznia-lekcje-tworczosci-w-klasie-1-czesc-1","status":"publish","type":"product","link":"http:\/\/ksiegarnia-akademicka.pl\/index.php\/product\/metoda-i-wyobraznia-lekcje-tworczosci-w-klasie-1-czesc-1\/","title":{"rendered":"Metoda i wyobra\u017ania Lekcje tw\u00f3rczo\u015bci w klasie 1 Cz\u0119\u015b\u0107 1"},"content":{"rendered":"<p>Nale\u017cy do serii:<br \/>\nEDUKACJA<br \/>\nAutor:<br \/>\nEl\u017cbieta P\u0142\u00f3ciennik<br \/>\nMonika Just<br \/>\nAnetta Dobrakowska<br \/>\nJoanna Wo\u017aniak<br \/>\nWydawca: Difin<br \/>\nOprawa: Mi\u0119kka<br \/>\nFormat: 16.0&#215;23.0cm<br \/>\nLiczba stron: 206<br \/>\nWydanie: 2<br \/>\nRok wydania: 2020<br \/>\nJ\u0119zyk wydania: polski<\/p>\n<p>Metoda i wyobra\u017ania to seria ksi\u0105\u017cek metodycznych z propozycjami lekcji kreatywno\u015bci w nauczaniu wczesnoszkolnym.<\/p>\n<p>Prezentowana cz\u0119\u015b\u0107 1:<br \/>\n&#8211; przybli\u017ca zasady i metodyk\u0119 pedagogiki tw\u00f3rczo\u015bci na poziomie wczesnej edukacji;<br \/>\n&#8211; ma wprowadzaj\u0105cy charakter, poniewa\u017c w kolejnych jej rozdzia\u0142ach najpierw skr\u00f3towo zaprezentowano podstawy teoretyczne do proponowanych \u0107wicze\u0144 i zada\u0144 oraz zasady niezb\u0119dne dla efektywnego oraz \u015bwiadomego osi\u0105gania cel\u00f3w i za\u0142o\u017ce\u0144 psychodydaktyki kreatywno\u015bci;<br \/>\n&#8211; zawiera \u0107wiczenia dla uczni\u00f3w z klasy 1 w szkole podstawowej, kt\u00f3re maj\u0105 najni\u017cszy i propedeutyczny poziom trudno\u015bci, nie wymagaj\u0105 umiej\u0119tno\u015bci pisania i czytania. \u0106wiczenia s\u0105 wzbogacone kartami pracy i mo\u017cna realizowa\u0107 je jako odr\u0119bne \u0107wiczenia stymuluj\u0105ce tw\u00f3rczo\u015b\u0107 indywidualn\u0105 lub zespo\u0142ow\u0105 albo w zestawach &#8211; na potrzeby lekcji o okre\u015blonych celach lub tematyce. Stopie\u0144 trudno\u015bci \u0107wicze\u0144 pozwala indywidualizowa\u0107 ich wykorzystanie w zale\u017cno\u015bci od do\u015bwiadcze\u0144 i zdolno\u015bci uczni\u00f3w: mo\u017cna je stosowa\u0107 z dzie\u0107mi w wieku przedszkolnym lub starszymi uczniami, kt\u00f3rzy nie zdobyli wcze\u015bniej do\u015bwiadcze\u0144 w tworzeniu.<\/p>\n<p>Opr\u00f3cz funkcji wspieraj\u0105cej w organizacji i realizacji lekcji rozwijaj\u0105cych tw\u00f3rczo\u015b\u0107 uczni\u00f3w, ksi\u0105\u017cka pe\u0142ni tak\u017ce funkcj\u0119 inspiruj\u0105c\u0105 i stymuluj\u0105c\u0105 nauczyciela do poszukiwania w\u0142asnych \u015brodk\u00f3w edukacji u\u017cytecznych w lekcjach tw\u00f3rczo\u015bci.<\/p>\n<p>Poradnik zainteresuje student\u00f3w przygotowuj\u0105cych si\u0119 do zawodu nauczyciela oraz wychowawc\u00f3w i edukator\u00f3w z r\u00f3\u017cnych plac\u00f3wek opieku\u0144czo-wychowawczych.<\/p>\n<p>Spis tre\u015bci:<\/p>\n<p>Przedmowa<br \/>\nWst\u0119p<\/p>\n<p>I. Tw\u00f3rczo\u015b\u0107, postawa tw\u00f3rcza, kreatywno\u015b\u0107 \u2013 cele lekcji tw\u00f3rczo\u015bci<\/p>\n<p>Zdolno\u015bci og\u00f3lne w procesie uczenia si\u0119<br \/>\nZdolno\u015bci tw\u00f3rcze w procesie uczenia si\u0119<br \/>\nMotywacja do uczenia si\u0119<br \/>\nTw\u00f3rczo\u015b\u0107, aktywno\u015b\u0107 tw\u00f3rcza, kreatywno\u015b\u0107 \u2013 wyja\u015bnienie poj\u0119\u0107<br \/>\nBlokady kreatywno\u015bci<br \/>\nRola nauczyciela w stymulowaniu kreatywno\u015bci<\/p>\n<p>II. Rozgrzewka tw\u00f3rcza<\/p>\n<p>Klimat grupowy<br \/>\nPorozumiewanie si\u0119<br \/>\nWsp\u00f3\u0142dzia\u0142anie<br \/>\nStymulowanie percepcji<br \/>\nZamierzone efekty rozgrzewki tw\u00f3rczej<br \/>\nTechniki interpersonalne<br \/>\nTechniki rozwijaj\u0105ce umiej\u0119tno\u015b\u0107 wsp\u00f3\u0142dzia\u0142ania w grupie<\/p>\n<p>III. Dostrzegamy i definiujemy problemy \u2013 rozwijanie my\u015blenia pytajnego<\/p>\n<p>Techniki stymuluj\u0105ce my\u015blenie pytajne<\/p>\n<p>IV. Rozwi\u0105zujemy problemy \u2013 rozwijanie p\u0142ynno\u015bci, gi\u0119tko\u015bci i oryginalno\u015bci my\u015blenia<\/p>\n<p>Techniki stymuluj\u0105ce my\u015blenie dywergencyjne<\/p>\n<p>V. Uczymy si\u0119 technik Kreatywnego Rozwi\u0105zywania Problem\u00f3w<\/p>\n<p>Synektyka<br \/>\nMetafora<br \/>\nWyobra\u017ania i wyobra\u017cenia<br \/>\nTransformacje<br \/>\nTechniki prowadz\u0105ce do kombinacji i transformacji<br \/>\nTechniki prowadz\u0105ce do analogii i metafory<\/p>\n<p>Techniki prowadz\u0105ce do transformacji (\u015bwiadomego dokonywania zmian)<\/p>\n<p>VI. Drama kreatywna i tw\u00f3rczy ruch \u2013 rozwijanie ekspresji tw\u00f3rczej<\/p>\n<p>VII. Oceniamy i doskonalimy pomys\u0142y \u2013 rozwijanie zdolno\u015bci elaboracyjnych<\/p>\n<p>VIII. Metodyka lekcji tw\u00f3rczo\u015bci<\/p>\n<p>Bibliografia przedmiotu<\/p>\n<p>Karty pracy<\/p>\n","protected":false},"excerpt":{"rendered":"<p>Nale\u017cy do serii: EDUKACJA Autor: El\u017cbieta P\u0142\u00f3ciennik Monika Just Anetta [&hellip;]<\/p>\n","protected":false},"featured_media":12255,"template":"","meta":[],"product_brand":[],"product_cat":[28],"product_tag":[52,51,5461],"class_list":{"0":"post-12254","1":"product","2":"type-product","3":"status-publish","4":"has-post-thumbnail","6":"product_cat-pedagogika","7":"product_tag-nauczanie-poczatkowe","8":"product_tag-pedagogika","9":"product_tag-pomoce-dydaktyczne","11":"first","12":"instock","13":"sale","14":"shipping-taxable","15":"purchasable","16":"product-type-simple"},"_links":{"self":[{"href":"http:\/\/ksiegarnia-akademicka.pl\/index.php\/wp-json\/wp\/v2\/product\/12254","targetHints":{"allow":["GET"]}}],"collection":[{"href":"http:\/\/ksiegarnia-akademicka.pl\/index.php\/wp-json\/wp\/v2\/product"}],"about":[{"href":"http:\/\/ksiegarnia-akademicka.pl\/index.php\/wp-json\/wp\/v2\/types\/product"}],"wp:featuredmedia":[{"embeddable":true,"href":"http:\/\/ksiegarnia-akademicka.pl\/index.php\/wp-json\/wp\/v2\/media\/12255"}],"wp:attachment":[{"href":"http:\/\/ksiegarnia-akademicka.pl\/index.php\/wp-json\/wp\/v2\/media?parent=12254"}],"wp:term":[{"taxonomy":"product_brand","embeddable":true,"href":"http:\/\/ksiegarnia-akademicka.pl\/index.php\/wp-json\/wp\/v2\/product_brand?post=12254"},{"taxonomy":"product_cat","embeddable":true,"href":"http:\/\/ksiegarnia-akademicka.pl\/index.php\/wp-json\/wp\/v2\/product_cat?post=12254"},{"taxonomy":"product_tag","embeddable":true,"href":"http:\/\/ksiegarnia-akademicka.pl\/index.php\/wp-json\/wp\/v2\/product_tag?post=12254"}],"curies":[{"name":"wp","href":"https:\/\/api.w.org\/{rel}","templated":true}]}}