{"id":12246,"date":"2020-02-13T09:01:23","date_gmt":"2020-02-13T08:01:23","guid":{"rendered":"http:\/\/ksiegarnia-akademicka.pl\/?post_type=product&#038;p=12246"},"modified":"2020-02-13T09:01:23","modified_gmt":"2020-02-13T08:01:23","slug":"metody-cad-i-ai-w-inzynierii-elektrycznej-wybor-przykladow-z-zastosowaniem-programu-matlab","status":"publish","type":"product","link":"http:\/\/ksiegarnia-akademicka.pl\/index.php\/product\/metody-cad-i-ai-w-inzynierii-elektrycznej-wybor-przykladow-z-zastosowaniem-programu-matlab\/","title":{"rendered":"Metody CAD i AI w in\u017cynierii elektrycznej Wyb\u00f3r przyk\u0142ad\u00f3w z zastosowaniem programu MATLAB"},"content":{"rendered":"<p>Autor:<br \/>\nAdrian Noco\u0144<br \/>\nWydawca: Wydawnictwo Naukowe PWN<br \/>\nOprawa: Mi\u0119kka<br \/>\nFormat: 16.5&#215;23.5<br \/>\nLiczba stron: 220<br \/>\nWydanie: 1<br \/>\nRok wydania: 2018<br \/>\nJ\u0119zyk wydania: polski<\/p>\n<p>Rozwi\u0105zania oparte na metodach sztucznej inteligencji (AI), w szczeg\u00f3lno\u015bci w odniesieniu do nap\u0119d\u00f3w elektrycznych i maszyn elektrycznych pracuj\u0105cych w systemie elektroenergetycznym, znalaz\u0142y obecnie sta\u0142e miejsce w praktyce in\u017cynierskiej. Zaistnia\u0142a wobec tego potrzeba kszta\u0142cenia kadry in\u017cynierskiej w tym zakresie.<br \/>\nPublikacja ta, b\u0119d\u0105ca cz\u0119\u015bci\u0105 serii \u201eMASZYNY ELEKTRYCZNE\u201d zawiera \u0107wiczenia i przyk\u0142ady pogrupowane wed\u0142ug zagadnie\u0144 takich przyk\u0142adowo, jak:<br \/>\nALGORYTMY GENETYCZNE: estymacja parametr\u00f3w modelu matematycznego obcowzbudnego silnika pr\u0105du sta\u0142ego, SZTUCZNE SIECI NEURONOWE: neuronowy estymator pr\u0119dko\u015bci obrotowej silnika pr\u0105du sta\u0142ego albo: LOGIKA ROZMYTA I ROZMYTE SIECI NEURONOWE: rozmyty regulator temperatury pieca oporowego. Ksi\u0105\u017ck\u0119 kierujemy przede wszystkim do student\u00f3w kierunk\u00f3w technicznych i informatycznych, typu: elektrotechnika, mechatronika, automatyka i robotyka czy informatyka.<\/p>\n","protected":false},"excerpt":{"rendered":"<p>Autor: Adrian Noco\u0144 Wydawca: Wydawnictwo Naukowe PWN Oprawa: Mi\u0119kka Format: [&hellip;]<\/p>\n","protected":false},"featured_media":12247,"template":"","meta":[],"product_brand":[],"product_cat":[7722,36,7709,41],"product_tag":[4247,7470,6255,2733],"class_list":{"0":"post-12246","1":"product","2":"type-product","3":"status-publish","4":"has-post-thumbnail","6":"product_cat-energetyka","7":"product_cat-informatyka","8":"product_cat-mechanika","9":"product_cat-nauki-techniczne","10":"product_tag-energetyka","11":"product_tag-matlab","12":"product_tag-mechatronika","13":"product_tag-programowanie","15":"first","16":"instock","17":"sale","18":"shipping-taxable","19":"purchasable","20":"product-type-simple"},"_links":{"self":[{"href":"http:\/\/ksiegarnia-akademicka.pl\/index.php\/wp-json\/wp\/v2\/product\/12246","targetHints":{"allow":["GET"]}}],"collection":[{"href":"http:\/\/ksiegarnia-akademicka.pl\/index.php\/wp-json\/wp\/v2\/product"}],"about":[{"href":"http:\/\/ksiegarnia-akademicka.pl\/index.php\/wp-json\/wp\/v2\/types\/product"}],"wp:featuredmedia":[{"embeddable":true,"href":"http:\/\/ksiegarnia-akademicka.pl\/index.php\/wp-json\/wp\/v2\/media\/12247"}],"wp:attachment":[{"href":"http:\/\/ksiegarnia-akademicka.pl\/index.php\/wp-json\/wp\/v2\/media?parent=12246"}],"wp:term":[{"taxonomy":"product_brand","embeddable":true,"href":"http:\/\/ksiegarnia-akademicka.pl\/index.php\/wp-json\/wp\/v2\/product_brand?post=12246"},{"taxonomy":"product_cat","embeddable":true,"href":"http:\/\/ksiegarnia-akademicka.pl\/index.php\/wp-json\/wp\/v2\/product_cat?post=12246"},{"taxonomy":"product_tag","embeddable":true,"href":"http:\/\/ksiegarnia-akademicka.pl\/index.php\/wp-json\/wp\/v2\/product_tag?post=12246"}],"curies":[{"name":"wp","href":"https:\/\/api.w.org\/{rel}","templated":true}]}}