{"id":12224,"date":"2020-02-12T12:40:41","date_gmt":"2020-02-12T11:40:41","guid":{"rendered":"http:\/\/ksiegarnia-akademicka.pl\/?post_type=product&#038;p=12224"},"modified":"2024-12-05T08:06:48","modified_gmt":"2024-12-05T07:06:48","slug":"placa-za-prace-rewarding-work-how-to-restore-participation-and-self-support-to-free-enterprise","status":"publish","type":"product","link":"http:\/\/ksiegarnia-akademicka.pl\/index.php\/product\/placa-za-prace-rewarding-work-how-to-restore-participation-and-self-support-to-free-enterprise\/","title":{"rendered":"P\u0142aca za prac\u0119 Rewarding Work. How to restore participation and self-support to free enterprise"},"content":{"rendered":"<p>Autor:<br \/>\nEdmund S. Phelps<br \/>\nT\u0142umacze: Nowak Pawe\u0142<br \/>\nWydawca: Wydawnictwo Naukowe PWN<br \/>\nOprawa: Mi\u0119kka<br \/>\nFormat: 15.0&#215;23.5cm<br \/>\nLiczba stron: 204<br \/>\nWydanie: 2<br \/>\nRok wydania: 2020<\/p>\n<p>&#8222;Dlaczego praca i zarabianie s\u0105 tak cenne? Jak to mo\u017cliwe, \u017ce po dw\u00f3ch stuleciach post\u0119pu ekonomicznego rozpowszechnione jest ub\u00f3stwo i \u017ce ub\u00f3stwa jest wi\u0119cej ni\u017c p\u00f3\u0142wieku temu? Jak\u0105 szkod\u0119 wyrz\u0105dza reszcie spo\u0142ecze\u0144stwa sytuacja pracownik\u00f3w o niskiej zdolno\u015bci zarobkowej? Jaka jest pewno\u015b\u0107, \u017ce plan dotacji, ukierunkowany na najmniej zarabiaj\u0105cych, poprawi ich szanse ekonomiczne? Czy dotacje wspieraj\u0105ce zatrudnienie nie zmniejszy\u0142yby motywacji pracownik\u00f3w do dalszej edukacji? Poszczeg\u00f3lne rozdzia\u0142y tej ksi\u0105\u017cki po\u015bwi\u0119cone s\u0105 odpowiedziom na te i inne pytania.&#8221; Z prologu<\/p>\n","protected":false},"excerpt":{"rendered":"<p>Autor: Edmund S. Phelps T\u0142umacze: Nowak Pawe\u0142 Wydawca: Wydawnictwo Naukowe [&hellip;]<\/p>\n","protected":false},"featured_media":12225,"template":"","meta":[],"product_brand":[],"product_cat":[17,7498],"product_tag":[337,5062],"class_list":{"0":"post-12224","1":"product","2":"type-product","3":"status-publish","4":"has-post-thumbnail","6":"product_cat-ekonomia","7":"product_cat-teoria-ekonomii","8":"product_tag-ekonomia","9":"product_tag-ekonomia-spoleczna","11":"first","12":"instock","13":"sale","14":"shipping-taxable","15":"purchasable","16":"product-type-simple"},"_links":{"self":[{"href":"http:\/\/ksiegarnia-akademicka.pl\/index.php\/wp-json\/wp\/v2\/product\/12224","targetHints":{"allow":["GET"]}}],"collection":[{"href":"http:\/\/ksiegarnia-akademicka.pl\/index.php\/wp-json\/wp\/v2\/product"}],"about":[{"href":"http:\/\/ksiegarnia-akademicka.pl\/index.php\/wp-json\/wp\/v2\/types\/product"}],"wp:featuredmedia":[{"embeddable":true,"href":"http:\/\/ksiegarnia-akademicka.pl\/index.php\/wp-json\/wp\/v2\/media\/12225"}],"wp:attachment":[{"href":"http:\/\/ksiegarnia-akademicka.pl\/index.php\/wp-json\/wp\/v2\/media?parent=12224"}],"wp:term":[{"taxonomy":"product_brand","embeddable":true,"href":"http:\/\/ksiegarnia-akademicka.pl\/index.php\/wp-json\/wp\/v2\/product_brand?post=12224"},{"taxonomy":"product_cat","embeddable":true,"href":"http:\/\/ksiegarnia-akademicka.pl\/index.php\/wp-json\/wp\/v2\/product_cat?post=12224"},{"taxonomy":"product_tag","embeddable":true,"href":"http:\/\/ksiegarnia-akademicka.pl\/index.php\/wp-json\/wp\/v2\/product_tag?post=12224"}],"curies":[{"name":"wp","href":"https:\/\/api.w.org\/{rel}","templated":true}]}}