{"id":122,"date":"2018-05-22T12:40:49","date_gmt":"2018-05-22T10:40:49","guid":{"rendered":"http:\/\/ksiegarnia-akademicka.pl\/index.php\/product\/wstep-do-matematyki-wspolczesnej\/"},"modified":"2018-12-05T09:24:29","modified_gmt":"2018-12-05T08:24:29","slug":"wstep-do-matematyki-wspolczesnej","status":"publish","type":"product","link":"http:\/\/ksiegarnia-akademicka.pl\/index.php\/product\/wstep-do-matematyki-wspolczesnej\/","title":{"rendered":"Wst\u0119p do matematyki wsp\u00f3\u0142czesnej"},"content":{"rendered":"<p>Autor:<br \/>\nHelena Rasiowa<br \/>\nWydawca: Wydawnictwo Naukowe PWN<br \/>\nOprawa: Mi\u0119kka<br \/>\nFormat: 17.0&#215;24.0cm<br \/>\nLiczba stron: 302<br \/>\nWydanie: 14<br \/>\nRok wydania: 2018<\/p>\n<p>Kolejne wznowienie podr\u0119cznika znanego wielu pokoleniom student\u00f3w matematyki. Zawiera elementy logiki matematycznej, teorii mnogo\u015bci i algebry abstrakcyjnej w zakresie zapewniaj\u0105cym czytelnikowi odpowiednie przygotowanie do studiowania matematyki.<\/p>\n<p>Publikacja jest przeznaczona przede wszystkim dla student\u00f3w pierwszego roku matematyki na uniwersytetach, kt\u00f3rych zgodnie z programem studi\u00f3w, obowi\u0105zuje wyk\u0142ad Wst\u0119p do matematyki. B\u0119dzie przydatna tak\u017ce studentom wydzia\u0142\u00f3w przyrodniczych i technicznych r\u00f3\u017cnych uczelni wy\u017cszych, a nawet humanistom pragn\u0105cym przygotowa\u0107 si\u0119 do g\u0142\u0119bszych studi\u00f3w matematycznych.<\/p>\n","protected":false},"excerpt":{"rendered":"<p>Autor: Helena Rasiowa Wydawca: Wydawnictwo Naukowe PWN Oprawa: Mi\u0119kka Format: [&hellip;]<\/p>\n","protected":false},"featured_media":9026,"template":"","meta":[],"product_brand":[],"product_cat":[7519,35],"product_tag":[253,266],"class_list":{"0":"post-122","1":"product","2":"type-product","3":"status-publish","4":"has-post-thumbnail","6":"product_cat-matematyka","7":"product_cat-matematyka-i-jej-zastosowania","8":"product_tag-matematyka","9":"product_tag-matematyka-wspolczesna","11":"first","12":"instock","13":"sale","14":"shipping-taxable","15":"purchasable","16":"product-type-simple"},"_links":{"self":[{"href":"http:\/\/ksiegarnia-akademicka.pl\/index.php\/wp-json\/wp\/v2\/product\/122","targetHints":{"allow":["GET"]}}],"collection":[{"href":"http:\/\/ksiegarnia-akademicka.pl\/index.php\/wp-json\/wp\/v2\/product"}],"about":[{"href":"http:\/\/ksiegarnia-akademicka.pl\/index.php\/wp-json\/wp\/v2\/types\/product"}],"wp:featuredmedia":[{"embeddable":true,"href":"http:\/\/ksiegarnia-akademicka.pl\/index.php\/wp-json\/wp\/v2\/media\/9026"}],"wp:attachment":[{"href":"http:\/\/ksiegarnia-akademicka.pl\/index.php\/wp-json\/wp\/v2\/media?parent=122"}],"wp:term":[{"taxonomy":"product_brand","embeddable":true,"href":"http:\/\/ksiegarnia-akademicka.pl\/index.php\/wp-json\/wp\/v2\/product_brand?post=122"},{"taxonomy":"product_cat","embeddable":true,"href":"http:\/\/ksiegarnia-akademicka.pl\/index.php\/wp-json\/wp\/v2\/product_cat?post=122"},{"taxonomy":"product_tag","embeddable":true,"href":"http:\/\/ksiegarnia-akademicka.pl\/index.php\/wp-json\/wp\/v2\/product_tag?post=122"}],"curies":[{"name":"wp","href":"https:\/\/api.w.org\/{rel}","templated":true}]}}