{"id":12170,"date":"2020-01-25T12:51:50","date_gmt":"2020-01-25T11:51:50","guid":{"rendered":"http:\/\/ksiegarnia-akademicka.pl\/?post_type=product&#038;p=12170"},"modified":"2020-01-25T12:51:50","modified_gmt":"2020-01-25T11:51:50","slug":"pielegniarstwo-we-wspolczesnym-poloznictwie-i-ginekologii","status":"publish","type":"product","link":"http:\/\/ksiegarnia-akademicka.pl\/index.php\/product\/pielegniarstwo-we-wspolczesnym-poloznictwie-i-ginekologii\/","title":{"rendered":"Piel\u0119gniarstwo we wsp\u00f3\u0142czesnym po\u0142o\u017cnictwie i ginekologii"},"content":{"rendered":"<p>Redakcja: \u0141epecka-Klusek Celina<br \/>\nWydawca: PZWL<br \/>\nOprawa: Mi\u0119kka<br \/>\nFormat: 16.5&#215;23.5cm<br \/>\nLiczba stron: 420<br \/>\nWydanie: 2<br \/>\nRok wydania: 2019<br \/>\nJ\u0119zyk wydania: polski<\/p>\n<p>W podr\u0119czniku om\u00f3wiono zagadnienie p\u0142odno\u015bci kobiety, fizjologiczny przebieg ci\u0105\u017cy, porodu i po\u0142ogu oraz opiek\u0119 nad kobiet\u0105 w okresie oko\u0142oporodowym. Przedstawiono fizjopatologi\u0119 oraz piel\u0119gnowanie noworodka dojrza\u0142ego i urodzonego przedwcze\u015bnie. Wiele miejsca po\u015bwi\u0119cono powik\u0142aniom ci\u0105\u017cy, chorobom i operacjom ginekologicznym oraz opiece piel\u0119gniarskiej w tych sytuacjach.<br \/>\nW ka\u017cdym z rozdzia\u0142\u00f3w wyszczeg\u00f3lniono cele kszta\u0142cenia oraz zamieszczono \u0107wiczenia sprawdzaj\u0105ce, co podnosi warto\u015b\u0107 dydaktyczn\u0105 podr\u0119cznika.<\/p>\n","protected":false},"excerpt":{"rendered":"<p>Redakcja: \u0141epecka-Klusek Celina Wydawca: PZWL Oprawa: Mi\u0119kka Format: 16.5&#215;23.5cm Liczba [&hellip;]<\/p>\n","protected":false},"featured_media":12171,"template":"","meta":[],"product_brand":[],"product_cat":[7493,7965],"product_tag":[4919,4645,4920],"class_list":{"0":"post-12170","1":"product","2":"type-product","3":"status-publish","4":"has-post-thumbnail","6":"product_cat-medycyna","7":"product_cat-pielegniarstwo","8":"product_tag-ginekologia","9":"product_tag-pielegniarstwo","10":"product_tag-poloznictwo","12":"first","13":"instock","14":"sale","15":"shipping-taxable","16":"purchasable","17":"product-type-simple"},"_links":{"self":[{"href":"http:\/\/ksiegarnia-akademicka.pl\/index.php\/wp-json\/wp\/v2\/product\/12170","targetHints":{"allow":["GET"]}}],"collection":[{"href":"http:\/\/ksiegarnia-akademicka.pl\/index.php\/wp-json\/wp\/v2\/product"}],"about":[{"href":"http:\/\/ksiegarnia-akademicka.pl\/index.php\/wp-json\/wp\/v2\/types\/product"}],"wp:featuredmedia":[{"embeddable":true,"href":"http:\/\/ksiegarnia-akademicka.pl\/index.php\/wp-json\/wp\/v2\/media\/12171"}],"wp:attachment":[{"href":"http:\/\/ksiegarnia-akademicka.pl\/index.php\/wp-json\/wp\/v2\/media?parent=12170"}],"wp:term":[{"taxonomy":"product_brand","embeddable":true,"href":"http:\/\/ksiegarnia-akademicka.pl\/index.php\/wp-json\/wp\/v2\/product_brand?post=12170"},{"taxonomy":"product_cat","embeddable":true,"href":"http:\/\/ksiegarnia-akademicka.pl\/index.php\/wp-json\/wp\/v2\/product_cat?post=12170"},{"taxonomy":"product_tag","embeddable":true,"href":"http:\/\/ksiegarnia-akademicka.pl\/index.php\/wp-json\/wp\/v2\/product_tag?post=12170"}],"curies":[{"name":"wp","href":"https:\/\/api.w.org\/{rel}","templated":true}]}}