{"id":12166,"date":"2020-01-25T12:48:16","date_gmt":"2020-01-25T11:48:16","guid":{"rendered":"http:\/\/ksiegarnia-akademicka.pl\/?post_type=product&#038;p=12166"},"modified":"2025-01-07T13:00:12","modified_gmt":"2025-01-07T12:00:12","slug":"pielegniarstwo-ratunkowe","status":"publish","type":"product","link":"http:\/\/ksiegarnia-akademicka.pl\/index.php\/product\/pielegniarstwo-ratunkowe\/","title":{"rendered":"Piel\u0119gniarstwo ratunkowe"},"content":{"rendered":"<p>Redakcja: K\u00f3zka Maria, Rumian Barbara, Ma\u015blanka Marek<br \/>\nWydawca: PZWL<br \/>\nOprawa: Mi\u0119kka<br \/>\nFormat: 16.5&#215;23.5cm<br \/>\nLiczba stron: 476<br \/>\nWydanie: 1<br \/>\nRok wydania: 2023<br \/>\nJ\u0119zyk wydania: polski<\/p>\n<p>Ksi\u0105\u017cka jest doskona\u0142ym przewodnikiem dla piel\u0119gniarek i przedstawicieli innych zawod\u00f3w medycznych w zdobywaniu i uzupe\u0142nianiu wiedzy niezb\u0119dnej w ratowaniu \u017cycia ludzi. Celem autor\u00f3w by\u0142o usystematyzowanie i racjonalizacja dzia\u0142a\u0144 medycznych podejmowanych przez piel\u0119gniarki w stanach nag\u0142ych zagro\u017cenia \u017cycia.<br \/>\nW ksi\u0105\u017cce uwzgl\u0119dniono zagadnienia z zakresu podstaw prawnych i organizacji ratownictwa medycznego, kwalifikacji zespo\u0142\u00f3w ratownictwa medycznego i zasad wsp\u00f3\u0142pracy oraz post\u0119powania w wybranych stanach zagro\u017cenia \u017cycia. Ostatni rozdzia\u0142 dotyczy najwa\u017cniejszych procedur post\u0119powania piel\u0119gniarskiego w ratownictwie medycznym, w tym procedury samodzielnie wykonywane przez piel\u0119gniarki i asystowanie do procedur diagnostycznych i terapeutycznych wykonywanych przez lekarza.<\/p>\n","protected":false},"excerpt":{"rendered":"<p>Redakcja: K\u00f3zka Maria, Rumian Barbara, Ma\u015blanka Marek Wydawca: PZWL Oprawa: [&hellip;]<\/p>\n","protected":false},"featured_media":12167,"template":"","meta":[],"product_brand":[],"product_cat":[7493,7965],"product_tag":[5254,4645,6586],"class_list":{"0":"post-12166","1":"product","2":"type-product","3":"status-publish","4":"has-post-thumbnail","6":"product_cat-medycyna","7":"product_cat-pielegniarstwo","8":"product_tag-medycyna-ratunkowa","9":"product_tag-pielegniarstwo","10":"product_tag-pierwsza-pomoc","12":"first","13":"instock","14":"sale","15":"shipping-taxable","16":"purchasable","17":"product-type-simple"},"_links":{"self":[{"href":"http:\/\/ksiegarnia-akademicka.pl\/index.php\/wp-json\/wp\/v2\/product\/12166","targetHints":{"allow":["GET"]}}],"collection":[{"href":"http:\/\/ksiegarnia-akademicka.pl\/index.php\/wp-json\/wp\/v2\/product"}],"about":[{"href":"http:\/\/ksiegarnia-akademicka.pl\/index.php\/wp-json\/wp\/v2\/types\/product"}],"wp:featuredmedia":[{"embeddable":true,"href":"http:\/\/ksiegarnia-akademicka.pl\/index.php\/wp-json\/wp\/v2\/media\/12167"}],"wp:attachment":[{"href":"http:\/\/ksiegarnia-akademicka.pl\/index.php\/wp-json\/wp\/v2\/media?parent=12166"}],"wp:term":[{"taxonomy":"product_brand","embeddable":true,"href":"http:\/\/ksiegarnia-akademicka.pl\/index.php\/wp-json\/wp\/v2\/product_brand?post=12166"},{"taxonomy":"product_cat","embeddable":true,"href":"http:\/\/ksiegarnia-akademicka.pl\/index.php\/wp-json\/wp\/v2\/product_cat?post=12166"},{"taxonomy":"product_tag","embeddable":true,"href":"http:\/\/ksiegarnia-akademicka.pl\/index.php\/wp-json\/wp\/v2\/product_tag?post=12166"}],"curies":[{"name":"wp","href":"https:\/\/api.w.org\/{rel}","templated":true}]}}