{"id":12147,"date":"2020-01-24T16:15:17","date_gmt":"2020-01-24T15:15:17","guid":{"rendered":"http:\/\/ksiegarnia-akademicka.pl\/?post_type=product&#038;p=12147"},"modified":"2023-04-24T10:25:58","modified_gmt":"2023-04-24T08:25:58","slug":"pielegniarstwo-onkologiczne","status":"publish","type":"product","link":"http:\/\/ksiegarnia-akademicka.pl\/index.php\/product\/pielegniarstwo-onkologiczne\/","title":{"rendered":"Piel\u0119gniarstwo onkologiczne"},"content":{"rendered":"<p>Redakcja: Koper Krzysztof Jan, Koper Anna<br \/>\nWydawca: PZWL<br \/>\nOprawa: Mi\u0119kka<br \/>\nFormat: 16.5&#215;23.5cm<br \/>\nLiczba stron: 620<br \/>\nWydanie: 2<br \/>\nRok wydania: 2021<br \/>\nJ\u0119zyk wydania: polski<\/p>\n<p>\u201ePiel\u0119gniarstwo onkologiczne\u201d to nowe wydanie cenionej na rynku wydawniczym publikacji.<\/p>\n<p>Autorzy przygotowali kompleksowe om\u00f3wienie zagadnie\u0144 dotycz\u0105cych piel\u0119gniarskiej opieki onkologicznej.<\/p>\n<p>W ksi\u0105\u017cce przedstawiono:<br \/>\nstosowane terapie onkologiczne,<br \/>\nprocesy piel\u0119gnacyjne w schorzeniach uk\u0142ad\u00f3w i narz\u0105d\u00f3w cz\u0142owieka,<br \/>\nzagadnienia profilaktyki oraz diagnostyki, w kt\u00f3rych rola piel\u0119gniarki jest coraz istotniejsza,<br \/>\nrehabilitacj\u0119 w zakresie fizycznym i psychologicznym,<br \/>\nopiek\u0119 paliatywn\u0105 i terminaln\u0105, obejmuj\u0105c\u0105 pacjent\u00f3w i ich rodziny.<\/p>\n<p>Redaktorzy naukowi do wsp\u00f3\u0142pracy zaprosili przede wszystkim piel\u0119gniarki, kt\u00f3re na co dzie\u0144 zajmuj\u0105 si\u0119 bezpo\u015bredni\u0105 opiek\u0105 nad pacjentami z chorob\u0105 nowotworow\u0105. Podr\u0119cznik nie powsta\u0142by jednak bez udzia\u0142u innych specjalist\u00f3w, jak: lekarze, farmakolodzy, psycholodzy, rehabilitanci, z kt\u00f3rymi piel\u0119gniarki \u015bci\u015ble wsp\u00f3\u0142pracuj\u0105 w zapewnieniu profesjonalnej opieki.<\/p>\n<p>Publikacja adresowana jest do student\u00f3w piel\u0119gniarstwa i innych kierunk\u00f3w medycznych, a tak\u017ce do piel\u0119gniarek pracuj\u0105cych na oddzia\u0142ach onkologicznych oraz przygotowuj\u0105cych si\u0119 do egzaminu specjalizacyjnego z zakresu piel\u0119gniarstwa onkologicznego.<\/p>\n","protected":false},"excerpt":{"rendered":"<p>Redakcja: Koper Krzysztof Jan, Koper Anna Wydawca: PZWL Oprawa: Mi\u0119kka [&hellip;]<\/p>\n","protected":false},"featured_media":14930,"template":"","meta":[],"product_brand":[],"product_cat":[7493,7965],"product_tag":[6913,4645],"class_list":{"0":"post-12147","1":"product","2":"type-product","3":"status-publish","4":"has-post-thumbnail","6":"product_cat-medycyna","7":"product_cat-pielegniarstwo","8":"product_tag-onkologia","9":"product_tag-pielegniarstwo","11":"first","12":"instock","13":"sale","14":"shipping-taxable","15":"purchasable","16":"product-type-simple"},"_links":{"self":[{"href":"http:\/\/ksiegarnia-akademicka.pl\/index.php\/wp-json\/wp\/v2\/product\/12147","targetHints":{"allow":["GET"]}}],"collection":[{"href":"http:\/\/ksiegarnia-akademicka.pl\/index.php\/wp-json\/wp\/v2\/product"}],"about":[{"href":"http:\/\/ksiegarnia-akademicka.pl\/index.php\/wp-json\/wp\/v2\/types\/product"}],"wp:featuredmedia":[{"embeddable":true,"href":"http:\/\/ksiegarnia-akademicka.pl\/index.php\/wp-json\/wp\/v2\/media\/14930"}],"wp:attachment":[{"href":"http:\/\/ksiegarnia-akademicka.pl\/index.php\/wp-json\/wp\/v2\/media?parent=12147"}],"wp:term":[{"taxonomy":"product_brand","embeddable":true,"href":"http:\/\/ksiegarnia-akademicka.pl\/index.php\/wp-json\/wp\/v2\/product_brand?post=12147"},{"taxonomy":"product_cat","embeddable":true,"href":"http:\/\/ksiegarnia-akademicka.pl\/index.php\/wp-json\/wp\/v2\/product_cat?post=12147"},{"taxonomy":"product_tag","embeddable":true,"href":"http:\/\/ksiegarnia-akademicka.pl\/index.php\/wp-json\/wp\/v2\/product_tag?post=12147"}],"curies":[{"name":"wp","href":"https:\/\/api.w.org\/{rel}","templated":true}]}}