{"id":12120,"date":"2020-01-20T10:21:45","date_gmt":"2020-01-20T09:21:45","guid":{"rendered":"http:\/\/ksiegarnia-akademicka.pl\/?post_type=product&#038;p=12120"},"modified":"2024-12-04T16:17:40","modified_gmt":"2024-12-04T15:17:40","slug":"wybrane-techniki-pomiarowe-w-systemach-transportowych","status":"publish","type":"product","link":"http:\/\/ksiegarnia-akademicka.pl\/index.php\/product\/wybrane-techniki-pomiarowe-w-systemach-transportowych\/","title":{"rendered":"Wybrane techniki pomiarowe w systemach transportowych"},"content":{"rendered":"<p>Jerzy Kisilowski, Marzenna D\u0119bowska-Mr\u00f3z, Rafa\u0142 Kowalik<br \/>\nWydawnictwo Uniwersytetu Technologiczno-Humanistycznego<br \/>\nRadom 2020<\/p>\n","protected":false},"excerpt":{"rendered":"<p>Jerzy Kisilowski, Marzenna D\u0119bowska-Mr\u00f3z, Rafa\u0142 Kowalik Wydawnictwo Uniwersytetu Technologiczno-Humanistycznego Radom [&hellip;]<\/p>\n","protected":false},"featured_media":12121,"template":"","meta":[],"product_brand":[],"product_cat":[7525,7535,43],"product_tag":[119,6402,642],"class_list":{"0":"post-12120","1":"product","2":"type-product","3":"status-publish","4":"has-post-thumbnail","6":"product_cat-transport","7":"product_cat-transport-2","8":"product_cat-wydawnictwo-uth","9":"product_tag-elektrotechnika","10":"product_tag-seria-monografie-uth","11":"product_tag-transport","13":"first","14":"instock","15":"shipping-taxable","16":"purchasable","17":"product-type-simple"},"_links":{"self":[{"href":"http:\/\/ksiegarnia-akademicka.pl\/index.php\/wp-json\/wp\/v2\/product\/12120","targetHints":{"allow":["GET"]}}],"collection":[{"href":"http:\/\/ksiegarnia-akademicka.pl\/index.php\/wp-json\/wp\/v2\/product"}],"about":[{"href":"http:\/\/ksiegarnia-akademicka.pl\/index.php\/wp-json\/wp\/v2\/types\/product"}],"wp:featuredmedia":[{"embeddable":true,"href":"http:\/\/ksiegarnia-akademicka.pl\/index.php\/wp-json\/wp\/v2\/media\/12121"}],"wp:attachment":[{"href":"http:\/\/ksiegarnia-akademicka.pl\/index.php\/wp-json\/wp\/v2\/media?parent=12120"}],"wp:term":[{"taxonomy":"product_brand","embeddable":true,"href":"http:\/\/ksiegarnia-akademicka.pl\/index.php\/wp-json\/wp\/v2\/product_brand?post=12120"},{"taxonomy":"product_cat","embeddable":true,"href":"http:\/\/ksiegarnia-akademicka.pl\/index.php\/wp-json\/wp\/v2\/product_cat?post=12120"},{"taxonomy":"product_tag","embeddable":true,"href":"http:\/\/ksiegarnia-akademicka.pl\/index.php\/wp-json\/wp\/v2\/product_tag?post=12120"}],"curies":[{"name":"wp","href":"https:\/\/api.w.org\/{rel}","templated":true}]}}