{"id":12083,"date":"2020-01-13T09:48:24","date_gmt":"2020-01-13T08:48:24","guid":{"rendered":"http:\/\/ksiegarnia-akademicka.pl\/?post_type=product&#038;p=12083"},"modified":"2020-01-13T09:48:24","modified_gmt":"2020-01-13T08:48:24","slug":"norwegia-zarys-systemu-ustrojowego","status":"publish","type":"product","link":"http:\/\/ksiegarnia-akademicka.pl\/index.php\/product\/norwegia-zarys-systemu-ustrojowego\/","title":{"rendered":"Norwegia Zarys systemu ustrojowego"},"content":{"rendered":"<p>Autor:<br \/>\nMarian Grzybowski<br \/>\nWydawca: Wydawnictwo Uniwersytetu Jagiello\u0144skiego<br \/>\nOprawa: Mi\u0119kka<br \/>\nFormat: 16.5&#215;24.0cm<br \/>\nLiczba stron: 240<br \/>\nWydanie: 1<br \/>\nRok wydania: 2015<br \/>\nJ\u0119zyk wydania: polski<\/p>\n<p>Za co Norwegowie kochaj\u0105 \u201eten kraj\u201d? Czym zas\u0142u\u017cy\u0142 na ich mi\u0142o\u015b\u0107 i zewn\u0119trzne poszanowanie? Jak funkcjonuje po ponad 200 latach wdra\u017cania konstytucji eidsvollskiej? Co \u201ezgrzyta\u201d w norweskim systemie ustrojowym i co warto zmieni\u0107? Jakie dylematy staj\u0105 przed Norwegi\u0105 i Norwegami w drugiej dekadzie XX stulecia?<\/p>\n","protected":false},"excerpt":{"rendered":"<p>Autor: Marian Grzybowski Wydawca: Wydawnictwo Uniwersytetu Jagiello\u0144skiego Oprawa: Mi\u0119kka Format: [&hellip;]<\/p>\n","protected":false},"featured_media":12084,"template":"","meta":[],"product_brand":[],"product_cat":[7494],"product_tag":[6923,486],"class_list":{"0":"post-12083","1":"product","2":"type-product","3":"status-publish","4":"has-post-thumbnail","6":"product_cat-samorzad-terytorialny","7":"product_tag-administracja-lokalna","8":"product_tag-samorzad-terytorialny","10":"first","11":"instock","12":"sale","13":"shipping-taxable","14":"purchasable","15":"product-type-simple"},"_links":{"self":[{"href":"http:\/\/ksiegarnia-akademicka.pl\/index.php\/wp-json\/wp\/v2\/product\/12083","targetHints":{"allow":["GET"]}}],"collection":[{"href":"http:\/\/ksiegarnia-akademicka.pl\/index.php\/wp-json\/wp\/v2\/product"}],"about":[{"href":"http:\/\/ksiegarnia-akademicka.pl\/index.php\/wp-json\/wp\/v2\/types\/product"}],"wp:featuredmedia":[{"embeddable":true,"href":"http:\/\/ksiegarnia-akademicka.pl\/index.php\/wp-json\/wp\/v2\/media\/12084"}],"wp:attachment":[{"href":"http:\/\/ksiegarnia-akademicka.pl\/index.php\/wp-json\/wp\/v2\/media?parent=12083"}],"wp:term":[{"taxonomy":"product_brand","embeddable":true,"href":"http:\/\/ksiegarnia-akademicka.pl\/index.php\/wp-json\/wp\/v2\/product_brand?post=12083"},{"taxonomy":"product_cat","embeddable":true,"href":"http:\/\/ksiegarnia-akademicka.pl\/index.php\/wp-json\/wp\/v2\/product_cat?post=12083"},{"taxonomy":"product_tag","embeddable":true,"href":"http:\/\/ksiegarnia-akademicka.pl\/index.php\/wp-json\/wp\/v2\/product_tag?post=12083"}],"curies":[{"name":"wp","href":"https:\/\/api.w.org\/{rel}","templated":true}]}}