{"id":12081,"date":"2020-01-13T09:43:55","date_gmt":"2020-01-13T08:43:55","guid":{"rendered":"http:\/\/ksiegarnia-akademicka.pl\/?post_type=product&#038;p=12081"},"modified":"2020-01-13T09:43:56","modified_gmt":"2020-01-13T08:43:56","slug":"szwecja-zarys-systemu-ustrojowego","status":"publish","type":"product","link":"http:\/\/ksiegarnia-akademicka.pl\/index.php\/product\/szwecja-zarys-systemu-ustrojowego\/","title":{"rendered":"Szwecja Zarys systemu ustrojowego"},"content":{"rendered":"<p>Autor:<br \/>\nMarian Grzybowski<br \/>\nWydawca: Wydawnictwo Uniwersytetu Jagiello\u0144skiego<br \/>\nOprawa: Mi\u0119kka<br \/>\nFormat: 17.0&#215;24.0cm<br \/>\nLiczba stron: 230<br \/>\nRok wydania: 2019<br \/>\nJ\u0119zyk wydania: polski<\/p>\n<p>Monografia Szwecja. Zarys systemu ustrojowego jest czwart\u0105 pozycj\u0105 w serii opracowa\u0144 ksi\u0105\u017ckowych przedstawiaj\u0105cych realia polityczne i ustrojowe wsp\u00f3\u0142czesnych pa\u0144stw Europy P\u00f3\u0142nocnej. Dotychczas nak\u0142adem Wydawnictwa Uniwersytetu Jagiello\u0144skiego ukaza\u0142y si\u0119 trzy ksi\u0105\u017cki tego cyklu wydawniczego, dotycz\u0105ce Finlandii (2007), Norwegii (2015) i Danii (2017). Marian GRZYBOWSKI jest emerytowanym profesorem Uniwersytetu Jagiello\u0144skiego i s\u0119dzi\u0105 Trybuna\u0142u Konstytucyjnego (2001-2010) w stanie spoczynku, a obecnie profesorem na Wydziale Prawa i Ekonomii Uniwersytetu Humanistyczno-Przyrodniczego im. Jana D\u0142ugosza w Cz\u0119stochowie. By\u0142 stypendyst\u0105 rz\u0105du Kr\u00f3lestwa Norwegii (Oslo, Bergen 1978-1979), Instytutu Szwedzkiego (Umea 1982, Sztokholm 1990), Ministerstwa Edukacji Finlandii (Helsinki, Turku\/Abo 1984), konsorcjum uniwersytet\u00f3w Kr\u00f3lestwa Danii (Kopenhaga, Odense 1998), Instytutu Studi\u00f3w Europejskich w Wiedniu (1990-1991 jako visiting researcher), a tak\u017ce Uniwersytetu Columbia, Brookings Institution (Waszyngton) oraz uniwersytet\u00f3w w Buffalo i Rochester (Nowy Jork). Napisa\u0142 dziewi\u0119\u0107dziesi\u0105t pi\u0119\u0107 prac naukowych dotycz\u0105cych ustroj\u00f3w pa\u0144stw Europy P\u00f3\u0142nocnej, w tym pi\u0119tna\u015bcie opracowa\u0144 ksi\u0105\u017ckowych. Do najwa\u017cniejszych nale\u017c\u0105: Prawnoustrojowe przes\u0142anki formowania rz\u0105d\u00f3w w Szwecji i Norwegii (1981), Konstytucja Kr\u00f3lestwa Danii (autor przek\u0142adu i wst\u0119pu, 1982, 2002), Wsp\u00f3\u0142czesny parlamentaryzm skandynawski (1988), Systemy polityczne wsp\u00f3\u0142czesnej Skandynawii (1989), Konstytucja Kr\u00f3lestwa Szwecji (wsp\u00f3\u0142autor przek\u0142adu i autor wst\u0119pu, 1991,2000), Rz\u0105d i administracja rz\u0105dowa w monarchiach skandynawskich (Dania, Norwegia, Szwecja) (2001), Systemy konstytucyjne pa\u0144stw skandynawskich (1998,2010), Finlandia. Zarys systemu ustrojowego (2007), Norwegia. Zarys systemu ustrojowego (2015), Kr\u00f3lestwo Danii. Zarys systemu ustrojowego (1996), Dania. Zarys systemu ustrojowego (2017). By\u0142 ekspertem w Komisji Konstyt<\/p>\n","protected":false},"excerpt":{"rendered":"<p>Autor: Marian Grzybowski Wydawca: Wydawnictwo Uniwersytetu Jagiello\u0144skiego Oprawa: Mi\u0119kka Format: [&hellip;]<\/p>\n","protected":false},"featured_media":12082,"template":"","meta":[],"product_brand":[],"product_cat":[7494],"product_tag":[6923,486],"class_list":{"0":"post-12081","1":"product","2":"type-product","3":"status-publish","4":"has-post-thumbnail","6":"product_cat-samorzad-terytorialny","7":"product_tag-administracja-lokalna","8":"product_tag-samorzad-terytorialny","10":"first","11":"instock","12":"sale","13":"shipping-taxable","14":"purchasable","15":"product-type-simple"},"_links":{"self":[{"href":"http:\/\/ksiegarnia-akademicka.pl\/index.php\/wp-json\/wp\/v2\/product\/12081","targetHints":{"allow":["GET"]}}],"collection":[{"href":"http:\/\/ksiegarnia-akademicka.pl\/index.php\/wp-json\/wp\/v2\/product"}],"about":[{"href":"http:\/\/ksiegarnia-akademicka.pl\/index.php\/wp-json\/wp\/v2\/types\/product"}],"wp:featuredmedia":[{"embeddable":true,"href":"http:\/\/ksiegarnia-akademicka.pl\/index.php\/wp-json\/wp\/v2\/media\/12082"}],"wp:attachment":[{"href":"http:\/\/ksiegarnia-akademicka.pl\/index.php\/wp-json\/wp\/v2\/media?parent=12081"}],"wp:term":[{"taxonomy":"product_brand","embeddable":true,"href":"http:\/\/ksiegarnia-akademicka.pl\/index.php\/wp-json\/wp\/v2\/product_brand?post=12081"},{"taxonomy":"product_cat","embeddable":true,"href":"http:\/\/ksiegarnia-akademicka.pl\/index.php\/wp-json\/wp\/v2\/product_cat?post=12081"},{"taxonomy":"product_tag","embeddable":true,"href":"http:\/\/ksiegarnia-akademicka.pl\/index.php\/wp-json\/wp\/v2\/product_tag?post=12081"}],"curies":[{"name":"wp","href":"https:\/\/api.w.org\/{rel}","templated":true}]}}