{"id":12059,"date":"2020-01-13T09:15:38","date_gmt":"2020-01-13T08:15:38","guid":{"rendered":"http:\/\/ksiegarnia-akademicka.pl\/?post_type=product&#038;p=12059"},"modified":"2020-01-13T09:15:39","modified_gmt":"2020-01-13T08:15:39","slug":"katarzyna-wielka-i-potiomkin-wladczyni-pol-swiata-i-faworyt-ekscentryk","status":"publish","type":"product","link":"http:\/\/ksiegarnia-akademicka.pl\/index.php\/product\/katarzyna-wielka-i-potiomkin-wladczyni-pol-swiata-i-faworyt-ekscentryk\/","title":{"rendered":"Katarzyna Wielka i Potiomkin W\u0142adczyni p\u00f3\u0142 \u015bwiata i faworyt &#8211; ekscentryk"},"content":{"rendered":"<p>Autor:<br \/>\nSimon Sebag Montefiore<br \/>\nWydawca: Bellona<br \/>\nOprawa: Twarda<br \/>\nFormat: 14.0&#215;21.5cm<br \/>\nLiczba stron: 750<br \/>\nWydanie: 1<br \/>\nRok wydania: 2019<br \/>\nJ\u0119zyk wydania: polski<\/p>\n<p>Druga w wielkim stylu biografia pi\u00f3ra autora Stalina. Dworu czerwonego cara. Owiane legend\u0105 \u017cycie carycy Rosji, Katarzyny Wielkiej, i jej ekscentrycznego przyjaciela, kochanka, m\u0119\u017ca stanu, Grigorija Potiomkina, Simon Sebag Montefiore przedstawia na szerokim tle XVIII-wiecznej Rosji, tworz\u0105c wspania\u0142\u0105 panoram\u0119 epoki.<br \/>\n&#8222;Pasjonuj\u0105ce, rzetelnie udokumentowane dzie\u0142o, napisane z dba\u0142o\u015bci\u0105 o szczeg\u00f3\u0142y i osza\u0142amiaj\u0105cym rozmachem.&#8221;The New York Times Book Review&#8221;<br \/>\nTo wspania\u0142a opowie\u015b\u0107, a Simon Sebag Montefiore przedstawia j\u0105 z pasj\u0105&#8230; Znakomicie rozumie polityk\u0119 dworu rosyjskiego i kontekst dyplomatyczny, co nie jest \u0142atwe, poniewa\u017c punkt ci\u0119\u017cko\u015bci tej opowie\u015bci przesuwa si\u0119 mi\u0119dzy Sankt Petersburgiem, Wiedniem, Berlinem i Stambu\u0142em. Doskonale ukazuje zwi\u0105zek Potiomkina z Katarzyn\u0105.&#8221; Adam Zamoyski, The Times<\/p>\n","protected":false},"excerpt":{"rendered":"<p>Autor: Simon Sebag Montefiore Wydawca: Bellona Oprawa: Twarda Format: 14.0&#215;21.5cm [&hellip;]<\/p>\n","protected":false},"featured_media":12060,"template":"","meta":[],"product_brand":[],"product_cat":[38],"product_tag":[2322,4944],"class_list":{"0":"post-12059","1":"product","2":"type-product","3":"status-publish","4":"has-post-thumbnail","6":"product_cat-historia","7":"product_tag-biografie","8":"product_tag-historia-rosji","10":"first","11":"instock","12":"sale","13":"shipping-taxable","14":"purchasable","15":"product-type-simple"},"_links":{"self":[{"href":"http:\/\/ksiegarnia-akademicka.pl\/index.php\/wp-json\/wp\/v2\/product\/12059","targetHints":{"allow":["GET"]}}],"collection":[{"href":"http:\/\/ksiegarnia-akademicka.pl\/index.php\/wp-json\/wp\/v2\/product"}],"about":[{"href":"http:\/\/ksiegarnia-akademicka.pl\/index.php\/wp-json\/wp\/v2\/types\/product"}],"wp:featuredmedia":[{"embeddable":true,"href":"http:\/\/ksiegarnia-akademicka.pl\/index.php\/wp-json\/wp\/v2\/media\/12060"}],"wp:attachment":[{"href":"http:\/\/ksiegarnia-akademicka.pl\/index.php\/wp-json\/wp\/v2\/media?parent=12059"}],"wp:term":[{"taxonomy":"product_brand","embeddable":true,"href":"http:\/\/ksiegarnia-akademicka.pl\/index.php\/wp-json\/wp\/v2\/product_brand?post=12059"},{"taxonomy":"product_cat","embeddable":true,"href":"http:\/\/ksiegarnia-akademicka.pl\/index.php\/wp-json\/wp\/v2\/product_cat?post=12059"},{"taxonomy":"product_tag","embeddable":true,"href":"http:\/\/ksiegarnia-akademicka.pl\/index.php\/wp-json\/wp\/v2\/product_tag?post=12059"}],"curies":[{"name":"wp","href":"https:\/\/api.w.org\/{rel}","templated":true}]}}