{"id":11971,"date":"2019-12-09T14:11:38","date_gmt":"2019-12-09T13:11:38","guid":{"rendered":"http:\/\/ksiegarnia-akademicka.pl\/?post_type=product&#038;p=11971"},"modified":"2024-12-04T16:21:14","modified_gmt":"2024-12-04T15:21:14","slug":"podatki-lokalne-wymiar-pobor-egzekucja","status":"publish","type":"product","link":"http:\/\/ksiegarnia-akademicka.pl\/index.php\/product\/podatki-lokalne-wymiar-pobor-egzekucja\/","title":{"rendered":"Podatki lokalne &#8211; wymiar, pob\u00f3r, egzekucja"},"content":{"rendered":"<p>Autor: Marcin Bina\u015b<br \/>\nWydawca: C.H. Beck<br \/>\nSeria: Sektor publiczny w praktyce<br \/>\nRok wydania: 2019<br \/>\nISBN: 978-83-8198-194-1<br \/>\nLiczba stron: 286<br \/>\nOprawa: Mi\u0119kka<br \/>\nWaga: 480 g<\/p>\n<p>W celu w\u0142a\u015bciwego wykonywania zada\u0144 w\u0142asnych, gminy zosta\u0142y wyposa\u017cone w atrybuty, takie jak osobowo\u015b\u0107 prawna czy prawo w\u0142asno\u015bci, dzi\u0119ki kt\u00f3rym w mo\u017cliwie pe\u0142nym zakresie mog\u0105 skupia\u0107 si\u0119 na realizowaniu przypisanym im na poziomie ustawowym ich zada\u0144 w\u0142asnych.<br \/>\nDo realizacji tych zada\u0144 niezb\u0119dne s\u0105 \u015brodki finansowe. Opr\u00f3cz dochod\u00f3w z maj\u0105tku gminy oraz np. udzia\u0142u w podatkach dochodowych od os\u00f3b fizycznych czy od os\u00f3b prawnych (najbardziej wymierny w uj\u0119ciu kwotowym na tle innych) niezwykle istotnym \u017ar\u00f3d\u0142em dochod\u00f3w w\u0142asnych w gminach s\u0105 dochody, na wysoko\u015b\u0107 kt\u00f3rych gminy maj\u0105 nie ma\u0142y wp\u0142yw \u2013 tj. dochody z tytu\u0142u podatk\u00f3w i op\u0142at. Przy czym nie wszystkie ,,dochody podatkowe&#8221; s\u0105 pobierane przez te jednostki samorz\u0105du terytorialnego.<\/p>\n<p>Nale\u017cno\u015bci z tytu\u0142u podatk\u00f3w:<\/p>\n<p>dochodowego od os\u00f3b fizycznych, op\u0142acanego w formie karty podatkowej,<br \/>\nod spadk\u00f3w i darowizn,<br \/>\nod czynno\u015bci cywilnoprawnych<br \/>\nstanowi\u0105 wprawdzie dochody gminnych bud\u017cet\u00f3w lecz s\u0105 pobierane przez inne ni\u017c samorz\u0105dowe organy podatkowe \u2013 tj. przez Naczelnik\u00f3w Urz\u0119d\u00f3w Skarbowych.<\/p>\n<p>W skali gminnych bud\u017cet\u00f3w dochody z op\u0142at \u2013 w zale\u017cno\u015bci np. od charakteru i po\u0142o\u017cenia gminy &#8211; mog\u0105 by\u0107 pozyskiwane w r\u00f3\u017cnych wysoko\u015bciach i stanowi\u0107 wymierne \u017ar\u00f3d\u0142o wp\u0142yw\u00f3w finansowych. Jednak to dochody z tzw. podatk\u00f3w lokalnych s\u0105 drugim najwi\u0119kszym \u017ar\u00f3d\u0142em dochod\u00f3w w\u0142asnych w gminach (po udzia\u0142ach w stanowi\u0105cych dochody bud\u017cetu pa\u0144stwa podatkach dochodowych PIT i CIT) i to w\u0142a\u015bnie trzy tryby proceduralne z nimi zwi\u0105zane (wymiar, pob\u00f3r i egzekucja) b\u0119d\u0105 przedmiotem niniejszego opracowania.<\/p>\n<p>Najmniejszy wp\u0142yw organy gmin maj\u0105 na stanowi\u0105cy przedmiot niniejszego opracowania tryb egzekucji administracyjnej, w trakcie kt\u00f3rej odpowiednie organy (Naczelnicy Urz\u0119d\u00f3w Skarbowych) podejmuj\u0105 dzia\u0142ania zmierzaj\u0105ce do przymuszenia ,,gminnych podatnik\u00f3w&#8221; do realizacji ci\u0105\u017c\u0105cego na nich obowi\u0105zku zap\u0142aty zaleg\u0142ych nale\u017cno\u015bci podatkowych. W tym zakresie dzia\u0142ania organu wykonawczego w gminie ko\u0144cz\u0105 si\u0119 na wystawieniu tytu\u0142u wykonawczego, na podstawie kt\u00f3rego dzia\u0142ania wobec d\u0142u\u017cnika b\u0119dzie podejmowa\u0142 wskazany powy\u017cej skarbowy organ egzekucyjny.<\/p>\n<p>Celem publikacji jest nie tylko przybli\u017cenie podstawowych kwestii zwi\u0105zanych z procedurami jakie charakteryzuj\u0105 podatki i op\u0142aty lokalne, w szczeg\u00f3lno\u015bci ich naliczenie, pob\u00f3r i egzekucja.<\/p>\n<p>Kluczowa warto\u015b\u0107 prezentowanej publikacji to zestaw najwa\u017cniejszych zmian prawnych jakie maja wp\u0142yw na polityk\u0119 finansowa gmin w ostatnich miesi\u0105cach w tym opis zmian w:<\/p>\n<p>Ustawie o zmianie ustawy o post\u0119powaniu egzekucyjnym w administracji oraz niekt\u00f3rych innych ustaw<br \/>\nUstawie o zmianie ustawy o podatku rolnym, ustawy o podatkach i op\u0142atach lokalnych oraz ustawy o podatku le\u015bnym<br \/>\nUstawie o zmianie niekt\u00f3rych ustaw w celu wprowadzenia uproszcze\u0144 dla przedsi\u0119biorc\u00f3w w prawie podatkowym i gospodarczym.<br \/>\nDnia 11.9.2019 r. zosta\u0142a uchwalona ustawa o zmianie ustawy o post\u0119powaniu egzekucyjnym w administracji oraz niekt\u00f3rych innych ustaw, kt\u00f3ra 15.10.2019 r. zosta\u0142a podpisana przez Prezydenta (w chwili oddawania opracowania do druku nie opublikowano jej jeszcze w Dzienniku Ustaw).<br \/>\nObj\u0119to\u015bciowo niemal 2\/3 tej ustawy dotyczy materii zwi\u0105zanej z egzekucj\u0105 administracyjn\u0105, dlatego w publikacji zosta\u0142y om\u00f3wione najwa\u017cniejsze zmiany (w celu przejrzysto\u015bci zapisu w odr\u0119bnych punktach), kt\u00f3re b\u0119d\u0105 przydatne zw\u0142aszcza dla tych gmin, kt\u00f3rych organy wykonawcze s\u0105 jednocze\u015bnie organami egzekucyjnymi nie tylko w zakresie ,,zaleg\u0142o\u015bci podatkowych&#8221; lecz r\u00f3wnie\u017c z tytu\u0142u op\u0142aty za gospodarowanie odpadami komunalnymi.<\/p>\n<p>W rozdziale VIII prezentowanej publikacji przedstawiono podstawowe informacje o zasadach funkcjonowania gminach system\u00f3w gospodarowania odpadami komunalnymi, z uwzgl\u0119dnieniem ostatniej nowelizacji ustawy \u015bmieciowej, kt\u00f3ra obowi\u0105zuje od 6.9.2019 r.<\/p>\n<p>Dodatkowo Czytelnicy otrzymaj\u0105 kilka autorskich wzor\u00f3w dokument\u00f3w w tym:<\/p>\n<p>Wz\u00f3r uchwa\u0142y w sprawie wyboru metody ustalania op\u0142aty za gospodarowanie odpadami komunalnymi oraz ustalenia stawki tej op\u0142aty,<br \/>\nWz\u00f3r uchwa\u0142y w sprawie wyboru metody ustalania op\u0142aty za gospodarowanie odpadami komunalnymi oraz ustalenia stawki tej op\u0142aty,<br \/>\nWz\u00f3r uchwa\u0142y w sprawie wyboru metody ustalania op\u0142aty za gospodarowanie odpadami komunalnymi oraz ustalenia stawki tej op\u0142aty,<br \/>\nWz\u00f3r uchwa\u0142y w sprawie terminu, cz\u0119stotliwo\u015bci i trybu uiszczania op\u0142aty za gospodarowanie odpadami komunalnymi.<br \/>\nNabywaj\u0105c niniejsz\u0105 ksi\u0105\u017ck\u0119, otrzymuj\u0105 Pa\u0144stwo:<\/p>\n<p>zebrane w jednym miejscu zmiany prawne wprowadzone w 2019 r. w zakresie podatk\u00f3w i op\u0142at lokalnych;<br \/>\nom\u00f3wienie zmian w znowelizowanej obecnie ustawie o zmianie ustawy o post\u0119powaniu egzekucyjnym w administracji oraz niekt\u00f3rych innych;<br \/>\nukazanie najwa\u017cniejszych z punktu widzenia gminnego wydzia\u0142u podatkowego konsekwencji nowelizacji ustawy \u015bmieciowej.<br \/>\nNajwa\u017cniejsze zalety prezentowanej ksi\u0105\u017cki, dzi\u0119ki kt\u00f3rym szybciej wykonaj\u0105 Pa\u0144stwo swoje obowi\u0105zki i rozwi\u0105\u017c\u0105 problemy z interpretacj\u0105 przepis\u00f3w prawa to:<\/p>\n<p>aktualno\u015b\u0107 publikacji (om\u00f3wienie kluczowych nowelizacji),<br \/>\nzbi\u00f3r 200 najnowszych wyrok\u00f3w s\u0105d\u00f3w administracyjnych odnosz\u0105cych si\u0119 do podatk\u00f3w lokalnych,<br \/>\ndok\u0142adne i przejrzyste prezentowanie poszczeg\u00f3lnych zagadnie\u0144,<br \/>\nwyr\u00f3\u017cnienie w tre\u015bci zagadnie\u0144 wa\u017cnych i nowych,<br \/>\nautorskiej wzory dokument\u00f3w z zakresu gospodarowania odpadami komunalnymi.<\/p>\n","protected":false},"excerpt":{"rendered":"<p>Autor: Marcin Bina\u015b Wydawca: C.H. Beck Seria: Sektor publiczny w [&hellip;]<\/p>\n","protected":false},"featured_media":11972,"template":"","meta":[],"product_brand":[],"product_cat":[7492,22,18,7494],"product_tag":[1547,486,6841],"class_list":{"0":"post-11971","1":"product","2":"type-product","3":"status-publish","4":"has-post-thumbnail","6":"product_cat-administracyjne","7":"product_cat-podatki-i-prawo-podatkowe","8":"product_cat-prawo","9":"product_cat-samorzad-terytorialny","10":"product_tag-podatki-i-prawo-podatkowe","11":"product_tag-samorzad-terytorialny","12":"product_tag-seria-sektor-publiczny-w-praktyce","14":"first","15":"instock","16":"sale","17":"shipping-taxable","18":"purchasable","19":"product-type-simple"},"_links":{"self":[{"href":"http:\/\/ksiegarnia-akademicka.pl\/index.php\/wp-json\/wp\/v2\/product\/11971","targetHints":{"allow":["GET"]}}],"collection":[{"href":"http:\/\/ksiegarnia-akademicka.pl\/index.php\/wp-json\/wp\/v2\/product"}],"about":[{"href":"http:\/\/ksiegarnia-akademicka.pl\/index.php\/wp-json\/wp\/v2\/types\/product"}],"wp:featuredmedia":[{"embeddable":true,"href":"http:\/\/ksiegarnia-akademicka.pl\/index.php\/wp-json\/wp\/v2\/media\/11972"}],"wp:attachment":[{"href":"http:\/\/ksiegarnia-akademicka.pl\/index.php\/wp-json\/wp\/v2\/media?parent=11971"}],"wp:term":[{"taxonomy":"product_brand","embeddable":true,"href":"http:\/\/ksiegarnia-akademicka.pl\/index.php\/wp-json\/wp\/v2\/product_brand?post=11971"},{"taxonomy":"product_cat","embeddable":true,"href":"http:\/\/ksiegarnia-akademicka.pl\/index.php\/wp-json\/wp\/v2\/product_cat?post=11971"},{"taxonomy":"product_tag","embeddable":true,"href":"http:\/\/ksiegarnia-akademicka.pl\/index.php\/wp-json\/wp\/v2\/product_tag?post=11971"}],"curies":[{"name":"wp","href":"https:\/\/api.w.org\/{rel}","templated":true}]}}