{"id":11932,"date":"2019-12-04T10:27:06","date_gmt":"2019-12-04T09:27:06","guid":{"rendered":"http:\/\/ksiegarnia-akademicka.pl\/?post_type=product&#038;p=11932"},"modified":"2019-12-04T10:27:06","modified_gmt":"2019-12-04T09:27:06","slug":"podstawy-konstrukcji-maszyn-tom-2-2","status":"publish","type":"product","link":"http:\/\/ksiegarnia-akademicka.pl\/index.php\/product\/podstawy-konstrukcji-maszyn-tom-2-2\/","title":{"rendered":"Podstawy konstrukcji maszyn Tom 2"},"content":{"rendered":"<p>Autor:<br \/>\nAntoni Sko\u0107<br \/>\nJacek Spa\u0142ek<br \/>\nSylwester Markusik<br \/>\nWydawca: WNT<br \/>\nOprawa: Twarda<br \/>\nFormat: 17.0&#215;24.2cm<br \/>\nLiczba stron: 604<br \/>\nWydanie: 1<br \/>\nRok wydania: 2008<br \/>\nJ\u0119zyk wydania: polski<\/p>\n<p>W tomie 2 przedstawiono:<br \/>\n&#8211; zarys dynamiki maszyn<br \/>\n&#8211; zagadnienia obliczania i kszta\u0142towania konstrukcyjnego takich element\u00f3 i zasob\u00f3w, jak:<br \/>\n&#8211; osie i wa\u0142y maszynowe, elementy podatne, \u0142o\u017cyska \u015blizgowe, hamulce promieniowe<\/p>\n","protected":false},"excerpt":{"rendered":"<p>Autor: Antoni Sko\u0107 Jacek Spa\u0142ek Sylwester Markusik Wydawca: WNT Oprawa: [&hellip;]<\/p>\n","protected":false},"featured_media":11933,"template":"","meta":[],"product_brand":[],"product_cat":[7709,41],"product_tag":[1871,6255,269,2181],"class_list":{"0":"post-11932","1":"product","2":"type-product","3":"status-publish","4":"has-post-thumbnail","6":"product_cat-mechanika","7":"product_cat-nauki-techniczne","8":"product_tag-mechanika","9":"product_tag-mechatronika","10":"product_tag-podrecznik-akademicki","11":"product_tag-podstawy-konstrukcji-maszyn","13":"first","14":"instock","15":"sale","16":"shipping-taxable","17":"purchasable","18":"product-type-simple"},"_links":{"self":[{"href":"http:\/\/ksiegarnia-akademicka.pl\/index.php\/wp-json\/wp\/v2\/product\/11932","targetHints":{"allow":["GET"]}}],"collection":[{"href":"http:\/\/ksiegarnia-akademicka.pl\/index.php\/wp-json\/wp\/v2\/product"}],"about":[{"href":"http:\/\/ksiegarnia-akademicka.pl\/index.php\/wp-json\/wp\/v2\/types\/product"}],"wp:featuredmedia":[{"embeddable":true,"href":"http:\/\/ksiegarnia-akademicka.pl\/index.php\/wp-json\/wp\/v2\/media\/11933"}],"wp:attachment":[{"href":"http:\/\/ksiegarnia-akademicka.pl\/index.php\/wp-json\/wp\/v2\/media?parent=11932"}],"wp:term":[{"taxonomy":"product_brand","embeddable":true,"href":"http:\/\/ksiegarnia-akademicka.pl\/index.php\/wp-json\/wp\/v2\/product_brand?post=11932"},{"taxonomy":"product_cat","embeddable":true,"href":"http:\/\/ksiegarnia-akademicka.pl\/index.php\/wp-json\/wp\/v2\/product_cat?post=11932"},{"taxonomy":"product_tag","embeddable":true,"href":"http:\/\/ksiegarnia-akademicka.pl\/index.php\/wp-json\/wp\/v2\/product_tag?post=11932"}],"curies":[{"name":"wp","href":"https:\/\/api.w.org\/{rel}","templated":true}]}}